{"id":19273,"date":"2022-12-20T15:50:18","date_gmt":"2022-12-20T20:50:18","guid":{"rendered":"https:\/\/www.simonssearchlight.org\/shine-your-searchlight-%e2%9c%a8-campana-de-divulgacion\/"},"modified":"2025-11-05T15:07:25","modified_gmt":"2025-11-05T20:07:25","slug":"shine-your-searchlight-%e2%9c%a8-campana-de-divulgacion","status":"publish","type":"page","link":"https:\/\/www.simonssearchlight.org\/es\/shine-your-searchlight-%e2%9c%a8-campana-de-divulgacion\/","title":{"rendered":"Shine Your Searchlight \u2728 Campa\u00f1a de divulgaci\u00f3n"},"content":{"rendered":"<p>&nbsp;<\/p>\n<p><span style=\"font-weight: 400;\">El equipo de <span class=\"notranslate\">Simons Searchlight<\/span> ha puesto en marcha un nuevo y emocionante proyecto de colaboraci\u00f3n llamado <\/span><b>Shine Your Searchlight\u2728.<\/b> <span style=\"font-weight: 400;\">Con la ayuda de nuestro Comit\u00e9 Asesor de la Comunidad, hemos desarrollado una serie de infograf\u00edas destinadas a apoyar a nuestras comunidades de defensa del paciente en sus esfuerzos de captaci\u00f3n y participaci\u00f3n en <span class=\"notranslate\">Simons Searchlight<\/span>. <\/span> <\/p>\n<style>\n.iframe-container {overflow: hidden;padding-top: 129%;position: relative;} .iframe-container iframe {position: absolute;top: 0;left: 0;border: 0;width: 100%;height: 100%;}<\/style>\n<div class=\"iframe-container\"><iframe src=\"https:\/\/cdn.simonssearchlight.org\/wp-content\/uploads\/2024\/02\/08041634\/Internal-Use-Only_ShineYourSearchlight-Campaign-PAG-Infographics-English-Spanish-Dutch-and-French.pdf#toolbar=0&amp;navpanes=0&amp;scrollbar=0\"><\/iframe><\/div>\n","protected":false},"excerpt":{"rendered":"<p>&nbsp; El equipo de Simons Searchlight ha puesto en marcha un nuevo y emocionante proyecto de colaboraci\u00f3n llamado Shine Your Searchlight\u2728. Con la ayuda de nuestro Comit\u00e9 Asesor de la Comunidad, hemos desarrollado una serie de infograf\u00edas destinadas a apoyar a nuestras comunidades de defensa del paciente en sus esfuerzos de captaci\u00f3n y participaci\u00f3n en [&hellip;]<\/p>\n","protected":false},"author":18,"featured_media":0,"parent":0,"menu_order":0,"comment_status":"closed","ping_status":"closed","template":"","meta":{"_acf_changed":false,"_relevanssi_hide_post":"","_relevanssi_hide_content":"","_relevanssi_pin_for_all":"","_relevanssi_pin_keywords":"","_relevanssi_unpin_keywords":"","_relevanssi_related_keywords":"","_relevanssi_related_include_ids":"","_relevanssi_related_exclude_ids":"","_relevanssi_related_no_append":"","_relevanssi_related_not_related":"","_relevanssi_related_posts":"","_relevanssi_noindex_reason":"","footnotes":""},"acf":[],"_links":{"self":[{"href":"https:\/\/www.simonssearchlight.org\/es\/wp-json\/wp\/v2\/pages\/19273"}],"collection":[{"href":"https:\/\/www.simonssearchlight.org\/es\/wp-json\/wp\/v2\/pages"}],"about":[{"href":"https:\/\/www.simonssearchlight.org\/es\/wp-json\/wp\/v2\/types\/page"}],"author":[{"embeddable":true,"href":"https:\/\/www.simonssearchlight.org\/es\/wp-json\/wp\/v2\/users\/18"}],"replies":[{"embeddable":true,"href":"https:\/\/www.simonssearchlight.org\/es\/wp-json\/wp\/v2\/comments?post=19273"}],"version-history":[{"count":3,"href":"https:\/\/www.simonssearchlight.org\/es\/wp-json\/wp\/v2\/pages\/19273\/revisions"}],"predecessor-version":[{"id":40689,"href":"https:\/\/www.simonssearchlight.org\/es\/wp-json\/wp\/v2\/pages\/19273\/revisions\/40689"}],"wp:attachment":[{"href":"https:\/\/www.simonssearchlight.org\/es\/wp-json\/wp\/v2\/media?parent=19273"}],"curies":[{"name":"wp","href":"https:\/\/api.w.org\/{rel}","templated":true}]}}