{"id":19217,"date":"2021-08-26T11:02:48","date_gmt":"2021-08-26T15:02:48","guid":{"rendered":"https:\/\/www.simonssearchlight.org\/resumen-de-la-conferencia-virtual-2021\/"},"modified":"2023-10-26T08:46:29","modified_gmt":"2023-10-26T12:46:29","slug":"resumen-de-la-conferencia-virtual-2021","status":"publish","type":"page","link":"https:\/\/www.simonssearchlight.org\/es\/resumen-de-la-conferencia-virtual-2021\/","title":{"rendered":"Resumen de la Conferencia Virtual 2021"},"content":{"rendered":"<p><span style=\"font-weight: 400;\">Agradecemos su participaci\u00f3n en la <\/span><b>2021 <span class=\"notranslate\">Simons Searchlight<\/span> Family &amp; Research Conferencia Virtual<\/b><span style=\"font-weight: 400;\">. Esperamos que la informaci\u00f3n facilitada a lo largo de las jornadas haya sido de valor e inter\u00e9s para usted y su familia. A continuaci\u00f3n encontrar\u00e1 informaci\u00f3n \u00fatil para despu\u00e9s de la conferencia.<\/span><\/p>\n<h4><strong>Presentaciones de conferencias y v\u00eddeos<\/strong><\/h4>\n<p><span style=\"font-weight: 400;\">Si te perdiste la conferencia o una sesi\u00f3n, o quieres volver a ver las presentaciones, hemos subido todos los v\u00eddeos de la conferencia a nuestra<\/span><a href=\"https:\/\/youtube.com\/playlist?list=PLCCQtjvUGWRJLspd5K67K4ZqldXPmVHoD\"> <span style=\"font-weight: 400;\">p\u00e1gina de YouTube<\/span><\/a><span style=\"font-weight: 400;\">. La lista de reproducci\u00f3n completa est\u00e1 m\u00e1s abajo.<\/span><\/p>\n<iframe loading=\"lazy\" title=\"Reproductor de v\u00eddeo YouTube\" src=\"https:\/\/www.youtube.com\/embed\/videoseries?list=PLCCQtjvUGWRJLspd5K67K4ZqldXPmVHoD\" width=\"560\" height=\"315\" frameborder=\"0\" allowfullscreen=\"allowfullscreen\"><\/iframe><\/p>\n<h4><strong>Encuesta sobre la Conferencia<\/strong><\/h4>\n<p><span style=\"font-weight: 400;\">Le invitamos a<\/span> <a href=\"https:\/\/bit.ly\/ConferenceFeedbackSurvey\"><br \/>\n  <span style=\"font-weight: 400;\">enviar esta breve encuesta<\/span><br \/>\n<\/a><span style=\"font-weight: 400;\"> para compartir sus comentarios sobre su experiencia en la conferencia.<\/span><\/p>\n<h4><strong>Documento: Lluvia de ideas interactiva dirigida por los padres sobre lo que funciona para el desarrollo de su hijo<\/strong><\/h4>\n<p>Este <a href=\"https:\/\/docs.google.com\/document\/d\/e\/2PACX-1vT0kraHnghYGZmZJGAa7At78bXRoWvWgbTVpEguw0QW43y4ZWk6cNNsXRcTgSnb-E3fAyfuNHWQm2HU\/pub\">documento es una recopilaci\u00f3n de recursos compartidos, ideas y herramientas de las familias<\/a>. Este documento no pretende sustituir al asesoramiento m\u00e9dico. <span class=\"notranslate\">Simons Searchlight<\/span> no respalda las sugerencias realizadas durante esta sesi\u00f3n interactiva de intercambio de ideas. Consulte siempre a su m\u00e9dico sobre su estado gen\u00e9tico y sus opciones sanitarias. Aqu\u00ed encontrar\u00e1 sugerencias de padres y cuidadores sobre lo que les ha funcionado en diversos temas.<\/p>\n<h4><strong>Preguntas pendientes de la sesi\u00f3n de preguntas y respuestas<\/strong><\/h4>\n<p><span style=\"font-weight: 400;\">Entendemos que no todas las preguntas fueron contestadas durante las charlas de preguntas y respuestas. Hemos creado este <a href=\"https:\/\/docs.google.com\/document\/d\/e\/2PACX-1vTbA4ouVkPw7VvHi-hrgc1ngaMBYx2OYTtTqR88h8mH1ncLDEGPRmq1QC7-y4bZiJOwrHUPMhL3DTKY\/pub\"> documento \u00abPreguntas sin respuesta de las charlas de preguntas y respuestas\u00bb<\/a> en el que figuran el nombre de la sesi\u00f3n, las preguntas y las respuestas. Esperamos que sea un recurso \u00fatil.<\/span><\/p>\n<h4><strong>Fotomat\u00f3n virtual desde la Conferencia<\/strong><\/h4>\n<p><a href=\"https:\/\/www.simonssearchlight.org\/es\/resumen-de-la-conferencia-virtual-2021\/thank-you-3-2\/\" rel=\"attachment wp-att-11056\"><img loading=\"lazy\" decoding=\"async\" class=\"alignnone wp-image-11056 size-large\" src=\"https:\/\/cdn.simonssearchlight.org\/wp-content\/uploads\/2021\/08\/26070459\/Thank-you-3-1024x819.png\" alt=\"\" width=\"1024\" height=\"819\" srcset=\"https:\/\/cdn.simonssearchlight.org\/wp-content\/uploads\/2021\/08\/26070459\/Thank-you-3-1024x819.png 1024w, https:\/\/cdn.simonssearchlight.org\/wp-content\/uploads\/2021\/08\/26070459\/Thank-you-3-300x240.png 300w, https:\/\/cdn.simonssearchlight.org\/wp-content\/uploads\/2021\/08\/26070459\/Thank-you-3-768x614.png 768w, https:\/\/cdn.simonssearchlight.org\/wp-content\/uploads\/2021\/08\/26070459\/Thank-you-3.png 2000w\" sizes=\"(max-width: 1024px) 100vw, 1024px\" \/><\/a><\/p>\n<p><a href=\"https:\/\/www.simonssearchlight.org\/es\/resumen-de-la-conferencia-virtual-2021\/thank-you-4-2\/\" rel=\"attachment wp-att-11058\"><img loading=\"lazy\" decoding=\"async\" class=\"alignnone size-large wp-image-11058\" src=\"https:\/\/cdn.simonssearchlight.org\/wp-content\/uploads\/2021\/08\/26070656\/Thank-you-4-1024x819.png\" alt=\"\" width=\"1024\" height=\"819\" srcset=\"https:\/\/cdn.simonssearchlight.org\/wp-content\/uploads\/2021\/08\/26070656\/Thank-you-4-1024x819.png 1024w, https:\/\/cdn.simonssearchlight.org\/wp-content\/uploads\/2021\/08\/26070656\/Thank-you-4-300x240.png 300w, https:\/\/cdn.simonssearchlight.org\/wp-content\/uploads\/2021\/08\/26070656\/Thank-you-4-768x614.png 768w, https:\/\/cdn.simonssearchlight.org\/wp-content\/uploads\/2021\/08\/26070656\/Thank-you-4.png 2000w\" sizes=\"(max-width: 1024px) 100vw, 1024px\" \/><\/a><\/p>\n","protected":false},"excerpt":{"rendered":"<p>Agradecemos su participaci\u00f3n en la 2021 Simons Searchlight Family &amp; Research Conferencia Virtual. Esperamos que la informaci\u00f3n facilitada a lo largo de las jornadas haya sido de valor e inter\u00e9s para usted y su familia. A continuaci\u00f3n encontrar\u00e1 informaci\u00f3n \u00fatil para despu\u00e9s de la conferencia. Presentaciones de conferencias y v\u00eddeos Si te perdiste la conferencia [&hellip;]<\/p>\n","protected":false},"author":18,"featured_media":0,"parent":0,"menu_order":0,"comment_status":"closed","ping_status":"closed","template":"","meta":{"_acf_changed":false,"_relevanssi_hide_post":"","_relevanssi_hide_content":"","_relevanssi_pin_for_all":"","_relevanssi_pin_keywords":"","_relevanssi_unpin_keywords":"","_relevanssi_related_keywords":"","_relevanssi_related_include_ids":"","_relevanssi_related_exclude_ids":"","_relevanssi_related_no_append":"","_relevanssi_related_not_related":"","_relevanssi_related_posts":"","_relevanssi_noindex_reason":"","footnotes":""},"acf":[],"_links":{"self":[{"href":"https:\/\/www.simonssearchlight.org\/es\/wp-json\/wp\/v2\/pages\/19217"}],"collection":[{"href":"https:\/\/www.simonssearchlight.org\/es\/wp-json\/wp\/v2\/pages"}],"about":[{"href":"https:\/\/www.simonssearchlight.org\/es\/wp-json\/wp\/v2\/types\/page"}],"author":[{"embeddable":true,"href":"https:\/\/www.simonssearchlight.org\/es\/wp-json\/wp\/v2\/users\/18"}],"replies":[{"embeddable":true,"href":"https:\/\/www.simonssearchlight.org\/es\/wp-json\/wp\/v2\/comments?post=19217"}],"version-history":[{"count":1,"href":"https:\/\/www.simonssearchlight.org\/es\/wp-json\/wp\/v2\/pages\/19217\/revisions"}],"predecessor-version":[{"id":19220,"href":"https:\/\/www.simonssearchlight.org\/es\/wp-json\/wp\/v2\/pages\/19217\/revisions\/19220"}],"wp:attachment":[{"href":"https:\/\/www.simonssearchlight.org\/es\/wp-json\/wp\/v2\/media?parent=19217"}],"curies":[{"name":"wp","href":"https:\/\/api.w.org\/{rel}","templated":true}]}}