{"id":19127,"date":"2020-10-22T14:38:02","date_gmt":"2020-10-22T18:38:02","guid":{"rendered":"https:\/\/www.simonssearchlight.org\/carta-del-comite-consultivo-comunitario-de-simons-searchlight\/"},"modified":"2023-10-26T08:46:24","modified_gmt":"2023-10-26T12:46:24","slug":"carta-del-comite-consultivo-comunitario-de-simons-searchlight","status":"publish","type":"page","link":"https:\/\/www.simonssearchlight.org\/es\/carta-del-comite-consultivo-comunitario-de-simons-searchlight\/","title":{"rendered":"Carta del Comit\u00e9 Consultivo Comunitario de Simons Searchlight"},"content":{"rendered":"<h3 style=\"text-align: center;\"><strong>La misi\u00f3n de Simon Searchlight<\/strong><\/h3>\n<p><span class=\"notranslate\">Simons Searchlight<\/span> es una asociaci\u00f3n de destacados cient\u00edficos, m\u00e9dicos y familias, decididos a acelerar la ciencia de los cambios gen\u00e9ticos relacionados con el autismo y otros trastornos del neurodesarrollo.<\/p>\n<h3 style=\"text-align: center;\"><strong>Finalidad del Comit\u00e9 Consultivo Comunitario<\/strong><\/h3>\n<p>La finalidad del Comit\u00e9 Consultivo Comunitario (CCC) es asesorar y orientar las actividades de investigaci\u00f3n y comunitarias en nombre de todos los participantes y grupos gen\u00e9ticos de <span class=\"notranslate\">Simons Searchlight<\/span>.<\/p>\n<h3 style=\"text-align: center;\"><strong>Afiliaci\u00f3n<\/strong><\/h3>\n<ul>\n<li style=\"list-style-type: none;\">\n<ul>\n<li>El CAC tendr\u00e1 hasta 20 miembros.<\/li>\n<li>Los miembros deben tener al menos 18 a\u00f1os.<\/li>\n<li>El equipo de estudio de <span class=\"notranslate\">Simons Searchlight<\/span> revisar\u00e1 la composici\u00f3n para asegurarse de que el CAC es representativo de la comunidad de Searchlight.<\/li>\n<li>Los miembros ser\u00e1n invitados a ejercer sus funciones durante dos a\u00f1os y podr\u00e1n dimitir en cualquier momento.<\/li>\n<li>La participaci\u00f3n de los miembros se revisar\u00e1 anualmente y, en su caso, algunos miembros podr\u00e1n rotar fuera del consejo.<\/li>\n<li>Peri\u00f3dicamente podr\u00e1n a\u00f1adirse nuevos miembros.<\/li>\n<\/ul>\n<\/li>\n<\/ul>\n<p>En este momento, los miembros deben dominar el ingl\u00e9s debido a la estructura de las conferencias telef\u00f3nicas y al m\u00e9todo de difusi\u00f3n de las encuestas y dem\u00e1s informaci\u00f3n.<\/p>\n<h3 style=\"text-align: center;\"><strong>Responsabilidades<\/strong><\/h3>\n<ul>\n<li>Dona aproximadamente 10 horas al a\u00f1o a actividades relacionadas con el CAC. Los afiliados pueden elegir entre varias actividades.<\/li>\n<li>Trabajar con el personal de <span class=\"notranslate\">Simons Searchlight<\/span> para proporcionar informaci\u00f3n sobre la plataforma de registro, ayudar a priorizar y probar las encuestas de investigaci\u00f3n, participar en grupos de discusi\u00f3n en l\u00ednea, realizar encuestas y sondeos informales y asistir a las reuniones en l\u00ednea del CAC.<\/li>\n<li>Compartir el resultado de las decisiones del CAC con su grupo geneal\u00f3gico familiar m\u00e1s amplio, cuando proceda.<\/li>\n<li>El personal se asegurar\u00e1 de que las actividades se dise\u00f1en de modo que los afiliados puedan participar cuando y donde les resulte m\u00e1s conveniente.<\/li>\n<\/ul>\n<h3 style=\"text-align: center;\"><strong>Reuniones<\/strong><\/h3>\n<p>Al menos dos veces al a\u00f1o se celebrar\u00e1 una teleconferencia general en l\u00ednea. Estas reuniones se grabar\u00e1n para quienes no puedan asistir en el momento de la convocatoria. El personal convocar\u00e1 reuniones ad hoc con subgrupos del CAC seg\u00fan sea necesario. El personal proporcionar\u00e1 a todos los miembros un informe anual que incluya informaci\u00f3n sobre c\u00f3mo su participaci\u00f3n en el CAC ha contribuido a <span class=\"notranslate\">Simons Searchlight<\/span>.<\/p>\n<h3 style=\"text-align: center;\"><strong>Compensaci\u00f3n<\/strong><\/h3>\n<p>Los participantes activos recibir\u00e1n una tarjeta regalo como agradecimiento durante su periodo de servicio.<\/p>\n<h3 style=\"text-align: center;\"><strong>Responsabilidad<\/strong><\/h3>\n<p>Los miembros del CAC no ser\u00e1n responsables de los actos que realicen en su calidad de tales.<\/p>\n","protected":false},"excerpt":{"rendered":"<p>La misi\u00f3n de Simon Searchlight Simons Searchlight es una asociaci\u00f3n de destacados cient\u00edficos, m\u00e9dicos y familias, decididos a acelerar la ciencia de los cambios gen\u00e9ticos relacionados con el autismo y otros trastornos del neurodesarrollo. Finalidad del Comit\u00e9 Consultivo Comunitario La finalidad del Comit\u00e9 Consultivo Comunitario (CCC) es asesorar y orientar las actividades de investigaci\u00f3n y [&hellip;]<\/p>\n","protected":false},"author":14,"featured_media":0,"parent":0,"menu_order":0,"comment_status":"closed","ping_status":"closed","template":"","meta":{"_acf_changed":false,"_relevanssi_hide_post":"","_relevanssi_hide_content":"","_relevanssi_pin_for_all":"","_relevanssi_pin_keywords":"","_relevanssi_unpin_keywords":"","_relevanssi_related_keywords":"","_relevanssi_related_include_ids":"","_relevanssi_related_exclude_ids":"","_relevanssi_related_no_append":"","_relevanssi_related_not_related":"","_relevanssi_related_posts":"","_relevanssi_noindex_reason":"","footnotes":""},"acf":[],"_links":{"self":[{"href":"https:\/\/www.simonssearchlight.org\/es\/wp-json\/wp\/v2\/pages\/19127"}],"collection":[{"href":"https:\/\/www.simonssearchlight.org\/es\/wp-json\/wp\/v2\/pages"}],"about":[{"href":"https:\/\/www.simonssearchlight.org\/es\/wp-json\/wp\/v2\/types\/page"}],"author":[{"embeddable":true,"href":"https:\/\/www.simonssearchlight.org\/es\/wp-json\/wp\/v2\/users\/14"}],"replies":[{"embeddable":true,"href":"https:\/\/www.simonssearchlight.org\/es\/wp-json\/wp\/v2\/comments?post=19127"}],"version-history":[{"count":1,"href":"https:\/\/www.simonssearchlight.org\/es\/wp-json\/wp\/v2\/pages\/19127\/revisions"}],"predecessor-version":[{"id":19130,"href":"https:\/\/www.simonssearchlight.org\/es\/wp-json\/wp\/v2\/pages\/19127\/revisions\/19130"}],"wp:attachment":[{"href":"https:\/\/www.simonssearchlight.org\/es\/wp-json\/wp\/v2\/media?parent=19127"}],"curies":[{"name":"wp","href":"https:\/\/api.w.org\/{rel}","templated":true}]}}