{"id":19091,"date":"2020-09-28T12:01:40","date_gmt":"2020-09-28T16:01:40","guid":{"rendered":"https:\/\/www.simonssearchlight.org\/proceso-de-investigacion\/trastornos-geneticos-que-estudiamos\/ankrd11\/"},"modified":"2026-04-06T13:04:11","modified_gmt":"2026-04-06T17:04:11","slug":"ankrd11","status":"publish","type":"page","link":"https:\/\/www.simonssearchlight.org\/es\/proceso-de-investigacion\/trastornos-geneticos-que-estudiamos\/ankrd11\/","title":{"rendered":"ANKRD11"},"content":{"rendered":"<p>A continuaci\u00f3n se muestra un resumen del gen <strong><span class=\"notranslate\">ANKRD11<\/span><\/strong> observado en publicaciones de investigaci\u00f3n. Esto no pretende sustituir el asesoramiento m\u00e9dico. <\/p>\n<p><strong><a href=\"https:\/\/www.simonssearchlight.org\/es\/gene-guide\/sindrome-relacionado-con-ankrd11\/\" target=\"_blank\" rel=\"noopener\">Haga clic aqu\u00ed para consultar nuestra gu\u00eda completa del gen ANKRD11<\/a><\/strong><\/p>\n<p><span style=\"font-weight: 400;\">La Gu\u00eda Gen\u00e9tica en l\u00ednea incluye m\u00e1s informaci\u00f3n sobre <span class=\"notranslate\">ANKRD11<\/span>, como la probabilidad de tener otro hijo con esta afecci\u00f3n, preocupaciones sobre el comportamiento y el desarrollo relacionadas con el s\u00edndrome <span class=\"notranslate\">ANKRD11<\/span> o especialistas a tener en cuenta para las personas con esta afecci\u00f3n. Comparta este recurso con los miembros de su familia o con sus proveedores cl\u00ednicos. <\/span><\/p>\n","protected":false},"excerpt":{"rendered":"<p>A continuaci\u00f3n se muestra un resumen del gen ANKRD11 observado en publicaciones de investigaci\u00f3n. Esto no pretende sustituir el asesoramiento m\u00e9dico. Haga clic aqu\u00ed para consultar nuestra gu\u00eda completa del gen ANKRD11 La Gu\u00eda Gen\u00e9tica en l\u00ednea incluye m\u00e1s informaci\u00f3n sobre ANKRD11, como la probabilidad de tener otro hijo con esta afecci\u00f3n, preocupaciones sobre el [&hellip;]<\/p>\n","protected":false},"author":6,"featured_media":0,"parent":18254,"menu_order":0,"comment_status":"closed","ping_status":"closed","template":"page-gene-card.php","meta":{"_acf_changed":false,"_relevanssi_hide_post":"","_relevanssi_hide_content":"","_relevanssi_pin_for_all":"","_relevanssi_pin_keywords":"","_relevanssi_unpin_keywords":"","_relevanssi_related_keywords":"","_relevanssi_related_include_ids":"","_relevanssi_related_exclude_ids":"","_relevanssi_related_no_append":"","_relevanssi_related_not_related":"","_relevanssi_related_posts":"","_relevanssi_noindex_reason":"","footnotes":""},"acf":[],"_links":{"self":[{"href":"https:\/\/www.simonssearchlight.org\/es\/wp-json\/wp\/v2\/pages\/19091"}],"collection":[{"href":"https:\/\/www.simonssearchlight.org\/es\/wp-json\/wp\/v2\/pages"}],"about":[{"href":"https:\/\/www.simonssearchlight.org\/es\/wp-json\/wp\/v2\/types\/page"}],"author":[{"embeddable":true,"href":"https:\/\/www.simonssearchlight.org\/es\/wp-json\/wp\/v2\/users\/6"}],"replies":[{"embeddable":true,"href":"https:\/\/www.simonssearchlight.org\/es\/wp-json\/wp\/v2\/comments?post=19091"}],"version-history":[{"count":6,"href":"https:\/\/www.simonssearchlight.org\/es\/wp-json\/wp\/v2\/pages\/19091\/revisions"}],"predecessor-version":[{"id":61691,"href":"https:\/\/www.simonssearchlight.org\/es\/wp-json\/wp\/v2\/pages\/19091\/revisions\/61691"}],"up":[{"embeddable":true,"href":"https:\/\/www.simonssearchlight.org\/es\/wp-json\/wp\/v2\/pages\/18254"}],"wp:attachment":[{"href":"https:\/\/www.simonssearchlight.org\/es\/wp-json\/wp\/v2\/media?parent=19091"}],"curies":[{"name":"wp","href":"https:\/\/api.w.org\/{rel}","templated":true}]}}