{"id":19078,"date":"2020-10-08T17:57:21","date_gmt":"2020-10-08T21:57:21","guid":{"rendered":"https:\/\/www.simonssearchlight.org\/proceso-de-investigacion\/trastornos-geneticos-que-estudiamos\/irf2bpl\/"},"modified":"2026-04-06T16:20:22","modified_gmt":"2026-04-06T20:20:22","slug":"irf2bpl","status":"publish","type":"page","link":"https:\/\/www.simonssearchlight.org\/es\/proceso-de-investigacion\/trastornos-geneticos-que-estudiamos\/irf2bpl\/","title":{"rendered":"IRF2BPL"},"content":{"rendered":"<p><span style=\"font-weight: 400;\">La informaci\u00f3n de este resumen de <\/span><strong>S\u00edndrome relacionado con <span class=\"notranslate\">IRF2BPL<\/span><\/strong><span style=\"font-weight: 400;\">  procede de publicaciones de investigaci\u00f3n. Esto no pretende sustituir el asesoramiento m\u00e9dico. <\/span><\/p>\n<p><a href=\"https:\/\/www.simonssearchlight.org\/es\/gene-guide\/sindrome-relacionado-con-irf2bpl\/\" target=\"_blank\" rel=\"noopener\"><strong>Pulsa aqu\u00ed para ver nuestra Gu\u00eda completa del gen IRF2BPL<\/strong><\/a><\/p>\n<p>La Gu\u00eda Gen\u00e9tica en l\u00ednea incluye m\u00e1s informaci\u00f3n sobre <span class=\"notranslate\">IRF2BPL<\/span>, como la probabilidad de tener otro hijo con esta afecci\u00f3n, los problemas de comportamiento y desarrollo relacionados con el s\u00edndrome <span class=\"notranslate\">IRF2BPL<\/span> o los especialistas a tener en cuenta para las personas con esta afecci\u00f3n. Comparta este recurso con los miembros de su familia o con sus proveedores cl\u00ednicos. <\/p>\n<p><strong>S\u00edndrome relacionado con el <span class=\"notranslate\">IRF2BPL<\/span><\/strong><span style=\"font-weight: 400;\"> tambi\u00e9n se denomina <\/span><strong>trastorno del neurodesarrollo con regresi\u00f3n, movimientos anormales, p\u00e9rdida del habla y convulsiones (NEDAMSS)<\/strong><span style=\"font-weight: 400;\">.<\/span> <span style=\"font-weight: 400;\">Para esta p\u00e1gina web, utilizaremos el nombre <\/span><strong>S\u00edndrome relacionado con el <span class=\"notranslate\">IRF2BPL<\/span><\/strong><span style=\"font-weight: 400;\"> para englobar la amplia gama de variantes observadas en las personas identificadas.<\/span><\/p>\n","protected":false},"excerpt":{"rendered":"<p>La informaci\u00f3n de este resumen de S\u00edndrome relacionado con IRF2BPL procede de publicaciones de investigaci\u00f3n. Esto no pretende sustituir el asesoramiento m\u00e9dico. Pulsa aqu\u00ed para ver nuestra Gu\u00eda completa del gen IRF2BPL La Gu\u00eda Gen\u00e9tica en l\u00ednea incluye m\u00e1s informaci\u00f3n sobre IRF2BPL, como la probabilidad de tener otro hijo con esta afecci\u00f3n, los problemas de [&hellip;]<\/p>\n","protected":false},"author":13,"featured_media":0,"parent":18254,"menu_order":0,"comment_status":"closed","ping_status":"closed","template":"page-gene-card.php","meta":{"_acf_changed":false,"_relevanssi_hide_post":"","_relevanssi_hide_content":"","_relevanssi_pin_for_all":"","_relevanssi_pin_keywords":"","_relevanssi_unpin_keywords":"","_relevanssi_related_keywords":"","_relevanssi_related_include_ids":"","_relevanssi_related_exclude_ids":"","_relevanssi_related_no_append":"","_relevanssi_related_not_related":"","_relevanssi_related_posts":"","_relevanssi_noindex_reason":"","footnotes":""},"acf":[],"_links":{"self":[{"href":"https:\/\/www.simonssearchlight.org\/es\/wp-json\/wp\/v2\/pages\/19078"}],"collection":[{"href":"https:\/\/www.simonssearchlight.org\/es\/wp-json\/wp\/v2\/pages"}],"about":[{"href":"https:\/\/www.simonssearchlight.org\/es\/wp-json\/wp\/v2\/types\/page"}],"author":[{"embeddable":true,"href":"https:\/\/www.simonssearchlight.org\/es\/wp-json\/wp\/v2\/users\/13"}],"replies":[{"embeddable":true,"href":"https:\/\/www.simonssearchlight.org\/es\/wp-json\/wp\/v2\/comments?post=19078"}],"version-history":[{"count":9,"href":"https:\/\/www.simonssearchlight.org\/es\/wp-json\/wp\/v2\/pages\/19078\/revisions"}],"predecessor-version":[{"id":78938,"href":"https:\/\/www.simonssearchlight.org\/es\/wp-json\/wp\/v2\/pages\/19078\/revisions\/78938"}],"up":[{"embeddable":true,"href":"https:\/\/www.simonssearchlight.org\/es\/wp-json\/wp\/v2\/pages\/18254"}],"wp:attachment":[{"href":"https:\/\/www.simonssearchlight.org\/es\/wp-json\/wp\/v2\/media?parent=19078"}],"curies":[{"name":"wp","href":"https:\/\/api.w.org\/{rel}","templated":true}]}}