{"id":19075,"date":"2020-09-28T12:04:15","date_gmt":"2020-09-28T16:04:15","guid":{"rendered":"https:\/\/www.simonssearchlight.org\/proceso-de-investigacion\/trastornos-geneticos-que-estudiamos\/ctcf\/"},"modified":"2025-11-05T14:48:14","modified_gmt":"2025-11-05T19:48:14","slug":"ctcf","status":"publish","type":"page","link":"https:\/\/www.simonssearchlight.org\/es\/proceso-de-investigacion\/trastornos-geneticos-que-estudiamos\/ctcf\/","title":{"rendered":"CTCF"},"content":{"rendered":"<p><span style=\"font-weight: 400;\">La informaci\u00f3n de este resumen de <\/span><strong>S\u00edndrome relacionado con CTCF<\/strong><span style=\"font-weight: 400;\">  procede de publicaciones de investigaci\u00f3n. Esto no pretende sustituir el asesoramiento m\u00e9dico. <\/span><\/p>\n<p><strong><a href=\"https:\/\/www.simonssearchlight.org\/es\/proceso-de-investigacion\/trastornos-geneticos-que-estudiamos\/ctcf\/\" target=\"_blank\" rel=\"noopener\">Haga clic aqu\u00ed para consultar nuestra gu\u00eda completa de genes CTCF<\/a><\/strong><\/p>\n<p>La Gu\u00eda Gen\u00e9tica en l\u00ednea incluye m\u00e1s informaci\u00f3n sobre CTCF, como la probabilidad de tener otro hijo con esta enfermedad, problemas de comportamiento y desarrollo relacionados con el s\u00edndrome CTCF o especialistas a tener en cuenta para las personas con esta enfermedad. Comparta este recurso con los miembros de su familia o con sus proveedores cl\u00ednicos.<\/p>\n<p><strong><span class=\"notranslate\">S\u00edndrome relacionado con el CTCF<\/span><\/strong><span style=\"font-weight: 400;\"> tambi\u00e9n se denomina <\/span><strong>trastorno del neurodesarrollo relacionado con CTCF<\/strong><span style=\"font-weight: 400;\"> y <\/span><strong>trastorno del desarrollo intelectual, autos\u00f3mico dominante 21<\/strong><span style=\"font-weight: 400;\">.<\/span> <span style=\"font-weight: 400;\">En esta p\u00e1gina web utilizaremos el nombre <\/span><strong><span class=\"notranslate\">s\u00edndrome relacionado con CTCF<\/span><\/strong><span style=\"font-weight: 400;\"> para englobar la amplia gama de variantes observadas en las personas identificadas.<\/span><\/p>\n","protected":false},"excerpt":{"rendered":"<p>La informaci\u00f3n de este resumen de S\u00edndrome relacionado con CTCF procede de publicaciones de investigaci\u00f3n. Esto no pretende sustituir el asesoramiento m\u00e9dico. Haga clic aqu\u00ed para consultar nuestra gu\u00eda completa de genes CTCF La Gu\u00eda Gen\u00e9tica en l\u00ednea incluye m\u00e1s informaci\u00f3n sobre CTCF, como la probabilidad de tener otro hijo con esta enfermedad, problemas de [&hellip;]<\/p>\n","protected":false},"author":6,"featured_media":0,"parent":18254,"menu_order":0,"comment_status":"closed","ping_status":"closed","template":"page-gene-card.php","meta":{"_acf_changed":false,"_relevanssi_hide_post":"","_relevanssi_hide_content":"","_relevanssi_pin_for_all":"","_relevanssi_pin_keywords":"","_relevanssi_unpin_keywords":"","_relevanssi_related_keywords":"","_relevanssi_related_include_ids":"","_relevanssi_related_exclude_ids":"","_relevanssi_related_no_append":"","_relevanssi_related_not_related":"","_relevanssi_related_posts":"","_relevanssi_noindex_reason":"","footnotes":""},"acf":[],"_links":{"self":[{"href":"https:\/\/www.simonssearchlight.org\/es\/wp-json\/wp\/v2\/pages\/19075"}],"collection":[{"href":"https:\/\/www.simonssearchlight.org\/es\/wp-json\/wp\/v2\/pages"}],"about":[{"href":"https:\/\/www.simonssearchlight.org\/es\/wp-json\/wp\/v2\/types\/page"}],"author":[{"embeddable":true,"href":"https:\/\/www.simonssearchlight.org\/es\/wp-json\/wp\/v2\/users\/6"}],"replies":[{"embeddable":true,"href":"https:\/\/www.simonssearchlight.org\/es\/wp-json\/wp\/v2\/comments?post=19075"}],"version-history":[{"count":6,"href":"https:\/\/www.simonssearchlight.org\/es\/wp-json\/wp\/v2\/pages\/19075\/revisions"}],"predecessor-version":[{"id":63020,"href":"https:\/\/www.simonssearchlight.org\/es\/wp-json\/wp\/v2\/pages\/19075\/revisions\/63020"}],"up":[{"embeddable":true,"href":"https:\/\/www.simonssearchlight.org\/es\/wp-json\/wp\/v2\/pages\/18254"}],"wp:attachment":[{"href":"https:\/\/www.simonssearchlight.org\/es\/wp-json\/wp\/v2\/media?parent=19075"}],"curies":[{"name":"wp","href":"https:\/\/api.w.org\/{rel}","templated":true}]}}