{"id":19042,"date":"2020-09-28T11:57:37","date_gmt":"2020-09-28T15:57:37","guid":{"rendered":"https:\/\/www.simonssearchlight.org\/proceso-de-investigacion\/trastornos-geneticos-que-estudiamos\/delecion-16p12-2\/"},"modified":"2026-04-06T12:53:05","modified_gmt":"2026-04-06T16:53:05","slug":"delecion-16p12-2","status":"publish","type":"page","link":"https:\/\/www.simonssearchlight.org\/es\/proceso-de-investigacion\/trastornos-geneticos-que-estudiamos\/delecion-16p12-2\/","title":{"rendered":"Deleci\u00f3n 16p12.2"},"content":{"rendered":"<p><span style=\"font-weight: 400;\">La informaci\u00f3n de este resumen de <\/span><strong>S\u00edndrome de deleci\u00f3n 16p12.2<\/strong><span style=\"font-weight: 400;\">  procede de publicaciones de investigaci\u00f3n. Esto no pretende sustituir el asesoramiento m\u00e9dico. <\/span><\/p>\n<p><a href=\"https:\/\/www.simonssearchlight.org\/es\/gene-guide\/sindrome-de-delecion-16p12-2\/\" target=\"_blank\" rel=\"noopener\"><strong>Haz clic aqu\u00ed para consultar nuestra Gu\u00eda completa del gen de deleci\u00f3n 16p12.2<\/strong><\/a><\/p>\n<p>La Gu\u00eda Gen\u00e9tica online incluye m\u00e1s informaci\u00f3n sobre <span class=\"notranslate\">la deleci\u00f3n 16p11.<\/span> 2, como la probabilidad de tener otro hijo con esta afecci\u00f3n, los problemas de comportamiento y desarrollo relacionados con la <span class=\"notranslate\">deleci\u00f3n 16p11.2<\/span> o los especialistas a tener en cuenta para las personas con esta afecci\u00f3n. Comparta este recurso con los miembros de su familia o con sus proveedores cl\u00ednicos.<\/p>\n<p><strong><span class=\"notranslate\">S\u00edndrome de deleci\u00f3n 16p12.2<\/span><\/strong><span style=\"font-weight: 400;\"> tambi\u00e9n se denomina <\/span><strong>microdeleci\u00f3n 16p12.2<\/strong><span style=\"font-weight: 400;\">.<\/span> <span style=\"font-weight: 400;\">En esta p\u00e1gina web utilizaremos el nombre <\/span><strong><span class=\"notranslate\">s\u00edndrome de deleci\u00f3n 16p12.2<\/span><\/strong><span style=\"font-weight: 400;\"> para englobar la amplia gama de variantes observadas en las personas identificadas.<\/span><\/p>\n","protected":false},"excerpt":{"rendered":"<p>La informaci\u00f3n de este resumen de S\u00edndrome de deleci\u00f3n 16p12.2 procede de publicaciones de investigaci\u00f3n. Esto no pretende sustituir el asesoramiento m\u00e9dico. Haz clic aqu\u00ed para consultar nuestra Gu\u00eda completa del gen de deleci\u00f3n 16p12.2 La Gu\u00eda Gen\u00e9tica online incluye m\u00e1s informaci\u00f3n sobre la deleci\u00f3n 16p11. 2, como la probabilidad de tener otro hijo con [&hellip;]<\/p>\n","protected":false},"author":6,"featured_media":0,"parent":18254,"menu_order":0,"comment_status":"closed","ping_status":"closed","template":"page-gene-card.php","meta":{"_acf_changed":false,"_relevanssi_hide_post":"","_relevanssi_hide_content":"","_relevanssi_pin_for_all":"","_relevanssi_pin_keywords":"","_relevanssi_unpin_keywords":"","_relevanssi_related_keywords":"","_relevanssi_related_include_ids":"","_relevanssi_related_exclude_ids":"","_relevanssi_related_no_append":"","_relevanssi_related_not_related":"","_relevanssi_related_posts":"","_relevanssi_noindex_reason":"","footnotes":""},"acf":[],"_links":{"self":[{"href":"https:\/\/www.simonssearchlight.org\/es\/wp-json\/wp\/v2\/pages\/19042"}],"collection":[{"href":"https:\/\/www.simonssearchlight.org\/es\/wp-json\/wp\/v2\/pages"}],"about":[{"href":"https:\/\/www.simonssearchlight.org\/es\/wp-json\/wp\/v2\/types\/page"}],"author":[{"embeddable":true,"href":"https:\/\/www.simonssearchlight.org\/es\/wp-json\/wp\/v2\/users\/6"}],"replies":[{"embeddable":true,"href":"https:\/\/www.simonssearchlight.org\/es\/wp-json\/wp\/v2\/comments?post=19042"}],"version-history":[{"count":3,"href":"https:\/\/www.simonssearchlight.org\/es\/wp-json\/wp\/v2\/pages\/19042\/revisions"}],"predecessor-version":[{"id":74042,"href":"https:\/\/www.simonssearchlight.org\/es\/wp-json\/wp\/v2\/pages\/19042\/revisions\/74042"}],"up":[{"embeddable":true,"href":"https:\/\/www.simonssearchlight.org\/es\/wp-json\/wp\/v2\/pages\/18254"}],"wp:attachment":[{"href":"https:\/\/www.simonssearchlight.org\/es\/wp-json\/wp\/v2\/media?parent=19042"}],"curies":[{"name":"wp","href":"https:\/\/api.w.org\/{rel}","templated":true}]}}