{"id":19027,"date":"2020-09-22T15:53:14","date_gmt":"2020-09-22T19:53:14","guid":{"rendered":"https:\/\/www.simonssearchlight.org\/proceso-de-investigacion\/trastornos-geneticos-que-estudiamos\/duplicacion-xq28\/"},"modified":"2025-11-24T13:01:47","modified_gmt":"2025-11-24T18:01:47","slug":"duplicacion-xq28","status":"publish","type":"page","link":"https:\/\/www.simonssearchlight.org\/es\/proceso-de-investigacion\/trastornos-geneticos-que-estudiamos\/duplicacion-xq28\/","title":{"rendered":"Duplicaci\u00f3n Xq28"},"content":{"rendered":"<p>A continuaci\u00f3n se muestra un resumen para el <strong>s\u00edndrome de <span class=\"notranslate\">duplicaci\u00f3n Xq28<\/span><\/strong> observado en publicaciones de investigaci\u00f3n. Esto no pretende sustituir el asesoramiento m\u00e9dico.<\/p>\n<p><a href=\"https:\/\/www.simonssearchlight.org\/es\/gene-guide\/sindrome-de-duplicacion-xq28\/\" target=\"_blank\" rel=\"noopener\"><strong>Pulsa aqu\u00ed para ver nuestra Gu\u00eda completa del Gen de la Duplicaci\u00f3n Xq28  <\/strong><\/a><\/p>\n<p>La Gu\u00eda Gen\u00e9tica online incluye m\u00e1s informaci\u00f3n sobre la <span class=\"notranslate\">duplicaci\u00f3n Xq28<\/span>, como la probabilidad de tener otro hijo con esta afecci\u00f3n, problemas de comportamiento y desarrollo relacionados con el s\u00edndrome de <span class=\"notranslate\">duplicaci\u00f3n Xq28<\/span> o especialistas a tener en cuenta para las personas con esta afecci\u00f3n. Comparta este recurso con los miembros de su familia o con sus proveedores cl\u00ednicos.<\/p>\n","protected":false},"excerpt":{"rendered":"<p>A continuaci\u00f3n se muestra un resumen para el s\u00edndrome de duplicaci\u00f3n Xq28 observado en publicaciones de investigaci\u00f3n. Esto no pretende sustituir el asesoramiento m\u00e9dico. Pulsa aqu\u00ed para ver nuestra Gu\u00eda completa del Gen de la Duplicaci\u00f3n Xq28 La Gu\u00eda Gen\u00e9tica online incluye m\u00e1s informaci\u00f3n sobre la duplicaci\u00f3n Xq28, como la probabilidad de tener otro hijo [&hellip;]<\/p>\n","protected":false},"author":6,"featured_media":0,"parent":18254,"menu_order":0,"comment_status":"closed","ping_status":"closed","template":"page-gene-card.php","meta":{"_acf_changed":false,"_relevanssi_hide_post":"","_relevanssi_hide_content":"","_relevanssi_pin_for_all":"","_relevanssi_pin_keywords":"","_relevanssi_unpin_keywords":"","_relevanssi_related_keywords":"","_relevanssi_related_include_ids":"","_relevanssi_related_exclude_ids":"","_relevanssi_related_no_append":"","_relevanssi_related_not_related":"","_relevanssi_related_posts":"","_relevanssi_noindex_reason":"","footnotes":""},"acf":[],"_links":{"self":[{"href":"https:\/\/www.simonssearchlight.org\/es\/wp-json\/wp\/v2\/pages\/19027"}],"collection":[{"href":"https:\/\/www.simonssearchlight.org\/es\/wp-json\/wp\/v2\/pages"}],"about":[{"href":"https:\/\/www.simonssearchlight.org\/es\/wp-json\/wp\/v2\/types\/page"}],"author":[{"embeddable":true,"href":"https:\/\/www.simonssearchlight.org\/es\/wp-json\/wp\/v2\/users\/6"}],"replies":[{"embeddable":true,"href":"https:\/\/www.simonssearchlight.org\/es\/wp-json\/wp\/v2\/comments?post=19027"}],"version-history":[{"count":3,"href":"https:\/\/www.simonssearchlight.org\/es\/wp-json\/wp\/v2\/pages\/19027\/revisions"}],"predecessor-version":[{"id":74035,"href":"https:\/\/www.simonssearchlight.org\/es\/wp-json\/wp\/v2\/pages\/19027\/revisions\/74035"}],"up":[{"embeddable":true,"href":"https:\/\/www.simonssearchlight.org\/es\/wp-json\/wp\/v2\/pages\/18254"}],"wp:attachment":[{"href":"https:\/\/www.simonssearchlight.org\/es\/wp-json\/wp\/v2\/media?parent=19027"}],"curies":[{"name":"wp","href":"https:\/\/api.w.org\/{rel}","templated":true}]}}