{"id":18984,"date":"2020-08-07T17:32:36","date_gmt":"2020-08-07T21:32:36","guid":{"rendered":"https:\/\/www.simonssearchlight.org\/proceso-de-investigacion\/trastornos-geneticos-que-estudiamos\/duplicacion-17q12\/"},"modified":"2026-04-06T16:47:03","modified_gmt":"2026-04-06T20:47:03","slug":"duplicacion-17q12","status":"publish","type":"page","link":"https:\/\/www.simonssearchlight.org\/es\/proceso-de-investigacion\/trastornos-geneticos-que-estudiamos\/duplicacion-17q12\/","title":{"rendered":"Duplicaci\u00f3n 17q12"},"content":{"rendered":"<p><span style=\"font-weight: 400;\">La informaci\u00f3n de este resumen de <\/span><strong>S\u00edndrome de <span class=\"notranslate\">duplicaci\u00f3n 17q12<\/span><\/strong><span style=\"font-weight: 400;\">  procede de publicaciones de investigaci\u00f3n. Esto no pretende sustituir el asesoramiento m\u00e9dico. <\/span><\/p>\n<p><a href=\"https:\/\/www.simonssearchlight.org\/es\/proceso-de-investigacion\/trastornos-geneticos-que-estudiamos\/duplicacion-17q12\/\" target=\"_blank\" rel=\"noopener\"><strong>Haz clic aqu\u00ed para consultar nuestra Gu\u00eda completa del gen de la duplicaci\u00f3n 17q12<\/strong><\/a><\/p>\n<p>La Gu\u00eda Gen\u00e9tica online incluye m\u00e1s informaci\u00f3n sobre la <span class=\"notranslate\">duplicaci\u00f3n 17q12<\/span>, como la probabilidad de tener otro hijo con esta afecci\u00f3n, problemas de comportamiento y desarrollo relacionados con la <span class=\"notranslate\">duplicaci\u00f3n 17q12<\/span> o especialistas a tener en cuenta para las personas con esta afecci\u00f3n. Comparta este recurso con los miembros de su familia o con sus proveedores cl\u00ednicos.<\/p>\n<p><strong>S\u00edndrome de <span class=\"notranslate\">duplicaci\u00f3n 17q12<\/span><\/strong><span style=\"font-weight: 400;\"> tambi\u00e9n se denomina <\/span><strong>microduplicaci\u00f3n 17q12<\/strong><span style=\"font-weight: 400;\">.<\/span> <span style=\"font-weight: 400;\">Para esta p\u00e1gina web, utilizaremos el nombre <\/span><strong>s\u00edndrome de <span class=\"notranslate\">duplicaci\u00f3n 17q12<\/span><\/strong><span style=\"font-weight: 400;\"> para englobar la amplia gama de variantes observadas en las personas identificadas.<\/span><\/p>\n","protected":false},"excerpt":{"rendered":"<p>La informaci\u00f3n de este resumen de S\u00edndrome de duplicaci\u00f3n 17q12 procede de publicaciones de investigaci\u00f3n. Esto no pretende sustituir el asesoramiento m\u00e9dico. Haz clic aqu\u00ed para consultar nuestra Gu\u00eda completa del gen de la duplicaci\u00f3n 17q12 La Gu\u00eda Gen\u00e9tica online incluye m\u00e1s informaci\u00f3n sobre la duplicaci\u00f3n 17q12, como la probabilidad de tener otro hijo con [&hellip;]<\/p>\n","protected":false},"author":18,"featured_media":0,"parent":18254,"menu_order":0,"comment_status":"closed","ping_status":"closed","template":"page-gene-card.php","meta":{"_acf_changed":false,"_relevanssi_hide_post":"","_relevanssi_hide_content":"","_relevanssi_pin_for_all":"","_relevanssi_pin_keywords":"","_relevanssi_unpin_keywords":"","_relevanssi_related_keywords":"","_relevanssi_related_include_ids":"","_relevanssi_related_exclude_ids":"","_relevanssi_related_no_append":"","_relevanssi_related_not_related":"","_relevanssi_related_posts":"","_relevanssi_noindex_reason":"","footnotes":""},"acf":[],"_links":{"self":[{"href":"https:\/\/www.simonssearchlight.org\/es\/wp-json\/wp\/v2\/pages\/18984"}],"collection":[{"href":"https:\/\/www.simonssearchlight.org\/es\/wp-json\/wp\/v2\/pages"}],"about":[{"href":"https:\/\/www.simonssearchlight.org\/es\/wp-json\/wp\/v2\/types\/page"}],"author":[{"embeddable":true,"href":"https:\/\/www.simonssearchlight.org\/es\/wp-json\/wp\/v2\/users\/18"}],"replies":[{"embeddable":true,"href":"https:\/\/www.simonssearchlight.org\/es\/wp-json\/wp\/v2\/comments?post=18984"}],"version-history":[{"count":5,"href":"https:\/\/www.simonssearchlight.org\/es\/wp-json\/wp\/v2\/pages\/18984\/revisions"}],"predecessor-version":[{"id":74551,"href":"https:\/\/www.simonssearchlight.org\/es\/wp-json\/wp\/v2\/pages\/18984\/revisions\/74551"}],"up":[{"embeddable":true,"href":"https:\/\/www.simonssearchlight.org\/es\/wp-json\/wp\/v2\/pages\/18254"}],"wp:attachment":[{"href":"https:\/\/www.simonssearchlight.org\/es\/wp-json\/wp\/v2\/media?parent=18984"}],"curies":[{"name":"wp","href":"https:\/\/api.w.org\/{rel}","templated":true}]}}