{"id":18962,"date":"2020-08-07T16:47:36","date_gmt":"2020-08-07T20:47:36","guid":{"rendered":"https:\/\/www.simonssearchlight.org\/proceso-de-investigacion\/trastornos-geneticos-que-estudiamos\/syngap1\/"},"modified":"2026-04-06T16:38:49","modified_gmt":"2026-04-06T20:38:49","slug":"syngap1","status":"publish","type":"page","link":"https:\/\/www.simonssearchlight.org\/es\/proceso-de-investigacion\/trastornos-geneticos-que-estudiamos\/syngap1\/","title":{"rendered":"SYNGAP1"},"content":{"rendered":"<p><span style=\"font-weight: 400;\">La informaci\u00f3n de este resumen de <\/span><strong>S\u00edndrome relacionado con SYNGAP1<\/strong><span style=\"font-weight: 400;\">  procede de publicaciones de investigaci\u00f3n. Esto no pretende sustituir el asesoramiento m\u00e9dico. <\/span><\/p>\n<p><a href=\"https:\/\/www.simonssearchlight.org\/es\/gene-guide\/sindrome-relacionado-con-syngap1\/\" target=\"_blank\" rel=\"noopener\"><strong>Haz clic aqu\u00ed para ver la Gu\u00eda completa del gen SYNGAP1<\/strong> <\/a><\/p>\n<p>La Gu\u00eda Gen\u00e9tica en l\u00ednea incluye m\u00e1s informaci\u00f3n sobre SYNGAP1, como la probabilidad de tener otro hijo con esta afecci\u00f3n, los problemas de comportamiento y desarrollo relacionados con el s\u00edndrome SYNGAP1 o los especialistas a tener en cuenta para las personas con esta afecci\u00f3n. Comparta este recurso con los miembros de su familia o con sus proveedores cl\u00ednicos.<\/p>\n<p><strong><br \/>\n  <span class=\"notranslate\">S\u00edndrome relacionado con SYNGAP1<\/span><br \/>\n<\/strong><span style=\"font-weight: 400;\"> tambi\u00e9n se denomina<\/span> <strong>discapacidad intelectual relacionada con SYNGAP1 (SYNGAP1-ID) <\/strong>o <strong>trastorno del desarrollo intelectual, autos\u00f3mico dominante 5<\/strong><span style=\"font-weight: 400;\">.<\/span> <span style=\"font-weight: 400;\">En esta p\u00e1gina web utilizaremos el nombre <\/span><strong><br \/>\n  <span class=\"notranslate\">s\u00edndrome relacionado con SYNGAP1<\/span><br \/>\n<\/strong><span style=\"font-weight: 400;\"> para englobar la amplia gama de variantes observadas en las personas identificadas.<\/span><\/p>\n","protected":false},"excerpt":{"rendered":"<p>La informaci\u00f3n de este resumen de S\u00edndrome relacionado con SYNGAP1 procede de publicaciones de investigaci\u00f3n. Esto no pretende sustituir el asesoramiento m\u00e9dico. Haz clic aqu\u00ed para ver la Gu\u00eda completa del gen SYNGAP1 La Gu\u00eda Gen\u00e9tica en l\u00ednea incluye m\u00e1s informaci\u00f3n sobre SYNGAP1, como la probabilidad de tener otro hijo con esta afecci\u00f3n, los problemas [&hellip;]<\/p>\n","protected":false},"author":18,"featured_media":0,"parent":18254,"menu_order":0,"comment_status":"closed","ping_status":"closed","template":"page-gene-card.php","meta":{"_acf_changed":false,"_relevanssi_hide_post":"","_relevanssi_hide_content":"","_relevanssi_pin_for_all":"","_relevanssi_pin_keywords":"","_relevanssi_unpin_keywords":"","_relevanssi_related_keywords":"","_relevanssi_related_include_ids":"","_relevanssi_related_exclude_ids":"","_relevanssi_related_no_append":"","_relevanssi_related_not_related":"","_relevanssi_related_posts":"","_relevanssi_noindex_reason":"","footnotes":""},"acf":[],"_links":{"self":[{"href":"https:\/\/www.simonssearchlight.org\/es\/wp-json\/wp\/v2\/pages\/18962"}],"collection":[{"href":"https:\/\/www.simonssearchlight.org\/es\/wp-json\/wp\/v2\/pages"}],"about":[{"href":"https:\/\/www.simonssearchlight.org\/es\/wp-json\/wp\/v2\/types\/page"}],"author":[{"embeddable":true,"href":"https:\/\/www.simonssearchlight.org\/es\/wp-json\/wp\/v2\/users\/18"}],"replies":[{"embeddable":true,"href":"https:\/\/www.simonssearchlight.org\/es\/wp-json\/wp\/v2\/comments?post=18962"}],"version-history":[{"count":11,"href":"https:\/\/www.simonssearchlight.org\/es\/wp-json\/wp\/v2\/pages\/18962\/revisions"}],"predecessor-version":[{"id":78984,"href":"https:\/\/www.simonssearchlight.org\/es\/wp-json\/wp\/v2\/pages\/18962\/revisions\/78984"}],"up":[{"embeddable":true,"href":"https:\/\/www.simonssearchlight.org\/es\/wp-json\/wp\/v2\/pages\/18254"}],"wp:attachment":[{"href":"https:\/\/www.simonssearchlight.org\/es\/wp-json\/wp\/v2\/media?parent=18962"}],"curies":[{"name":"wp","href":"https:\/\/api.w.org\/{rel}","templated":true}]}}