{"id":18924,"date":"2020-04-24T13:39:04","date_gmt":"2020-04-24T17:39:04","guid":{"rendered":"https:\/\/www.simonssearchlight.org\/recursos\/articulos\/"},"modified":"2023-11-20T15:30:56","modified_gmt":"2023-11-20T20:30:56","slug":"articulos","status":"publish","type":"page","link":"https:\/\/www.simonssearchlight.org\/es\/recursos\/articulos\/","title":{"rendered":"Art\u00edculos"},"content":{"rendered":"<p>Obtenga las \u00faltimas actualizaciones de Simons Searchlight, incluidos art\u00edculos sobre nuestros participantes, cient\u00edficos y otros para nuestra comunidad.<\/p>\n<table style=\"width: 100%;\">\n<tbody>\n<tr>\n<td style=\"padding: 10px;\"><a href=\"https:\/\/www.simonssearchlight.org\/es\/recursos\/articulos\/spark_braxton-2\/\"><img loading=\"lazy\" decoding=\"async\" class=\"alignright wp-image-11616 size-full\" src=\"https:\/\/cdn.simonssearchlight.org\/wp-content\/uploads\/2022\/01\/20030422\/SPARK_Braxton.jpeg\" alt=\"\" width=\"888\" height=\"466\"><\/a><\/td>\n<td style=\"padding: 10px; vertical-align: top;\"><strong>Un diagn\u00f3stico de autismo en la edad adulta conduce a un nuevo objetivo profesional<\/strong><\/p>\n<p>SPARK for Autism comparti\u00f3 recientemente la experiencia de Braxton Webb al recibir un diagn\u00f3stico gen\u00e9tico, DYRK1A.<\/p>\n<p><span style=\"color: #0000ff;\"><a style=\"color: #0000ff;\" href=\"https:\/\/bit.ly\/SPARK_Braxton\" target=\"_blank\" rel=\"noopener noreferrer\">Seguir leyendo<\/a><\/span><\/td>\n<\/tr>\n<tr>\n<td style=\"padding: 10px;\"><a href=\"https:\/\/www.simonssearchlight.org\/es\/recursos\/perfiles-de-los-investigadores\/roni-yamane-msc-y-tzofia-drori-msc\/researcher-article-with-genetic-counselors-2\/\"><img loading=\"lazy\" decoding=\"async\" class=\"alignright wp-image-11294 size-large\" src=\"https:\/\/cdn.simonssearchlight.org\/wp-content\/uploads\/2021\/10\/19120328\/Researcher-article-with-genetic-counselors-1024x635.png\" alt=\"\" width=\"1024\" height=\"635\" srcset=\"https:\/\/cdn.simonssearchlight.org\/wp-content\/uploads\/2021\/10\/19120328\/Researcher-article-with-genetic-counselors-1024x635.png 1024w, https:\/\/cdn.simonssearchlight.org\/wp-content\/uploads\/2021\/10\/19120328\/Researcher-article-with-genetic-counselors-300x186.png 300w, https:\/\/cdn.simonssearchlight.org\/wp-content\/uploads\/2021\/10\/19120328\/Researcher-article-with-genetic-counselors-768x476.png 768w, https:\/\/cdn.simonssearchlight.org\/wp-content\/uploads\/2021\/10\/19120328\/Researcher-article-with-genetic-counselors.png 1058w\" sizes=\"(max-width: 1024px) 100vw, 1024px\" \/><\/a><\/td>\n<td style=\"padding: 10px; vertical-align: top;\"><strong><span style=\"color: #333333;\">Perfil del investigador: Roni Yamane, MSc. y Tzofia Drori, MSc.<\/span><\/strong><\/p>\n<p>Drori y Yamane utilizaron el programa Research Match de Simons Searchlight para lanzar una encuesta dirigida a los participantes en Searchlight.<\/p>\n<p><span style=\"color: #0000ff;\"><a style=\"color: #0000ff;\" href=\"https:\/\/www.simonssearchlight.org\/es\/recursos\/perfiles-de-los-investigadores\/roni-yamane-msc-y-tzofia-drori-msc\/\" target=\"_blank\" rel=\"noopener noreferrer\">Seguir leyendo<\/a><\/span><\/td>\n<\/tr>\n<tr>\n<td style=\"padding: 10px;\"><a href=\"https:\/\/www.simonssearchlight.org\/es\/recursos\/articulos\/screen-shot-2021-09-24-at-9-42-09-am-2\/\"><img loading=\"lazy\" decoding=\"async\" class=\"alignnone wp-image-11187 size-medium\" src=\"https:\/\/cdn.simonssearchlight.org\/wp-content\/uploads\/2021\/09\/24054226\/Screen-Shot-2021-09-24-at-9.42.09-AM-300x176.png\" alt=\"\" width=\"300\" height=\"176\" srcset=\"https:\/\/cdn.simonssearchlight.org\/wp-content\/uploads\/2021\/09\/24054226\/Screen-Shot-2021-09-24-at-9.42.09-AM-300x176.png 300w, https:\/\/cdn.simonssearchlight.org\/wp-content\/uploads\/2021\/09\/24054226\/Screen-Shot-2021-09-24-at-9.42.09-AM-768x449.png 768w, https:\/\/cdn.simonssearchlight.org\/wp-content\/uploads\/2021\/09\/24054226\/Screen-Shot-2021-09-24-at-9.42.09-AM-1024x599.png 1024w, https:\/\/cdn.simonssearchlight.org\/wp-content\/uploads\/2021\/09\/24054226\/Screen-Shot-2021-09-24-at-9.42.09-AM.png 1200w\" sizes=\"(max-width: 300px) 100vw, 300px\" \/><\/a><\/td>\n<td style=\"padding: 10px; vertical-align: top;\"><strong>Encuesta 5: Actualizaciones, un a\u00f1o despu\u00e9s del inicio de la pandemia de COVID-19<\/strong><\/p>\n<p>A continuaci\u00f3n se resumen nuestras conclusiones sobre la opini\u00f3n de los cuidadores de <span class=\"notranslate\">Simons Searchlight<\/span> acerca de la vacuna COVID-19.<\/p>\n<p><span style=\"color: #0000ff;\"><a style=\"color: #0000ff;\" href=\"https:\/\/www.simonssearchlight.org\/es\/encuesta-5-actualizaciones-un-ano-despues-del-inicio-de-la-pandemia-de-covid-19\/\" target=\"_blank\" rel=\"noopener noreferrer\">Seguir leyendo<\/a><\/span><\/td>\n<\/tr>\n<tr>\n<td style=\"padding: 10px;\"><a href=\"https:\/\/www.simonssearchlight.org\/es\/recursos\/articulos\/gleeson_horizontal-2\/\"><span style=\"color: #333333;\"><img loading=\"lazy\" decoding=\"async\" class=\"alignnone wp-image-11013 size-medium\" src=\"https:\/\/cdn.simonssearchlight.org\/wp-content\/uploads\/2021\/08\/17115948\/Gleeson_horizontal-300x200.jpg\" alt=\"\" width=\"300\" height=\"200\"><\/span><\/a><\/td>\n<td style=\"padding: 10px; vertical-align: top;\"><span style=\"color: #333333;\"><strong>Perfil del investigador: Dr. Joseph Gleeson<\/strong><\/span><\/p>\n<p>Entrevistamos al doctor Joseph Gleeson sobre su proyecto Research Match, abierto a la comunidad de Simons Searchlight.<\/p>\n<p><span style=\"color: #0000ff;\"><a style=\"color: #0000ff;\" href=\"https:\/\/www.simonssearchlight.org\/es\/recursos\/perfiles-de-los-investigadores\/dr-joseph-gleeson\/\" target=\"_blank\" rel=\"noopener noreferrer\">Seguir leyendo<\/a><\/span><\/td>\n<\/tr>\n<tr>\n<td style=\"padding: 10px;\"><img loading=\"lazy\" decoding=\"async\" class=\"alignnone size-medium wp-image-11007\" src=\"https:\/\/cdn.simonssearchlight.org\/wp-content\/uploads\/2021\/08\/16101542\/covid_survey_4-300x169.png\" alt=\"\" width=\"300\" height=\"169\" srcset=\"https:\/\/cdn.simonssearchlight.org\/wp-content\/uploads\/2021\/08\/16101542\/covid_survey_4-300x169.png 300w, https:\/\/cdn.simonssearchlight.org\/wp-content\/uploads\/2021\/08\/16101542\/covid_survey_4-768x432.png 768w, https:\/\/cdn.simonssearchlight.org\/wp-content\/uploads\/2021\/08\/16101542\/covid_survey_4-1024x576.png 1024w, https:\/\/cdn.simonssearchlight.org\/wp-content\/uploads\/2021\/08\/16101542\/covid_survey_4.png 1280w\" sizes=\"(max-width: 300px) 100vw, 300px\" \/><\/td>\n<td style=\"padding: 10px; vertical-align: top;\"><strong><span style=\"color: #333333;\">Encuesta 4: Acceso a educaci\u00f3n, terapias y servicios durante COVID-19<\/span><\/strong><\/p>\n<p>En este art\u00edculo se resumen los resultados de la cuarta encuesta de Simons Searchlight sobre COVID-19.<\/p>\n<p><span style=\"color: #0000ff;\"><a style=\"color: #0000ff;\" href=\"https:\/\/www.simonssearchlight.org\/es\/encuesta-4-acceso-a-educacion-terapias-y-servicios-durante-covid-19\/\" target=\"_blank\" rel=\"noopener noreferrer\">Seguir leyendo<\/a><\/span><\/td>\n<\/tr>\n<tr>\n<td style=\"padding: 10px;\"><a href=\"https:\/\/www.simonssearchlight.org\/es\/recursos\/articulos\/screen-shot-2021-08-17-at-4-36-39-pm-2\/\"><span style=\"color: #333333;\"><img loading=\"lazy\" decoding=\"async\" class=\"wp-image-11015 size-medium alignnone\" src=\"https:\/\/cdn.simonssearchlight.org\/wp-content\/uploads\/2021\/08\/17123745\/Screen-Shot-2021-08-17-at-4.36.39-PM-300x169.jpg\" alt=\"\" width=\"300\" height=\"169\" srcset=\"https:\/\/cdn.simonssearchlight.org\/wp-content\/uploads\/2021\/08\/17123745\/Screen-Shot-2021-08-17-at-4.36.39-PM-300x169.jpg 300w, https:\/\/cdn.simonssearchlight.org\/wp-content\/uploads\/2021\/08\/17123745\/Screen-Shot-2021-08-17-at-4.36.39-PM-768x432.jpg 768w, https:\/\/cdn.simonssearchlight.org\/wp-content\/uploads\/2021\/08\/17123745\/Screen-Shot-2021-08-17-at-4.36.39-PM-1024x576.jpg 1024w\" sizes=\"(max-width: 300px) 100vw, 300px\" \/><\/span><\/a><\/td>\n<td style=\"padding: 10px; vertical-align: top;\"><strong><span style=\"color: #333333;\">Perfil del investigador: Siddharth Srivastava, Doctor en Medicina<\/span><\/strong><\/p>\n<p><span style=\"color: #333333;\">Entrevistamos al Dr. Siddharth Srivastava, neur\u00f3logo pedi\u00e1trico del Hospital Infantil de Boston y especialista en neurogen\u00e9tica.<\/span><\/p>\n<p><span style=\"color: #0000ff;\"><a style=\"color: #0000ff;\" href=\"https:\/\/www.simonssearchlight.org\/es\/recursos\/perfiles-de-los-investigadores\/siddharth-srivastava-doctor-en-medicina\/\" target=\"_blank\" rel=\"noopener noreferrer\">Seguir leyendo<\/a><\/span><\/td>\n<\/tr>\n<tr>\n<td style=\"padding: 10px;\"><img loading=\"lazy\" decoding=\"async\" class=\"alignnone wp-image-9792 size-full\" src=\"https:\/\/cdn.simonssearchlight.org\/wp-content\/uploads\/2021\/02\/02084901\/FB-10yrsC.png\" alt=\"\" width=\"600\" height=\"925\"><\/td>\n<td style=\"padding: 10px; vertical-align: top;\"><span style=\"color: #333333;\"><strong>10 logros hist\u00f3ricos de Simons Searchlight en los \u00faltimos 10 a\u00f1os<\/strong><\/span><\/p>\n<p>Desde su lanzamiento en diciembre de 2010, Simons Searchlight ha logrado avances en el campo de las enfermedades gen\u00e9ticas del neurodesarrollo.<\/p>\n<p><span style=\"color: #0000ff;\"><a style=\"color: #0000ff;\" href=\"https:\/\/www.simonssearchlight.org\/es\/10-logros-historicos-de-simons-searchlight-en-los-ultimos-10-anos\/\">Seguir leyendo<\/a><\/span><\/td>\n<\/tr>\n<tr>\n<td style=\"padding: 10px;\"><img loading=\"lazy\" decoding=\"async\" class=\"alignnone wp-image-7536 size-full\" src=\"https:\/\/cdn.simonssearchlight.org\/wp-content\/uploads\/2020\/03\/20053300\/searchlight-covid19-update-01.png\" alt=\"\" width=\"600\" height=\"333\" srcset=\"https:\/\/cdn.simonssearchlight.org\/wp-content\/uploads\/2020\/03\/20053300\/searchlight-covid19-update-01.png 600w, https:\/\/cdn.simonssearchlight.org\/wp-content\/uploads\/2020\/03\/20053300\/searchlight-covid19-update-01-300x167.png 300w\" sizes=\"(max-width: 600px) 100vw, 600px\" \/><\/td>\n<td style=\"padding: 10px; vertical-align: top;\"><span style=\"color: #333333;\"><strong>Infecci\u00f3n por COVID-19 y poblaci\u00f3n con neurodesarrollo<\/strong><\/span><\/p>\n<p>La Dra. Wendy Chung tiene informaci\u00f3n actualizada sobre COVID-19 para la comunidad de Simons Searchlight.<\/p>\n<p><span style=\"color: #0000ff;\"><a style=\"color: #0000ff;\" href=\"https:\/\/www.simonssearchlight.org\/es\/infeccion-por-covid-19-y-poblacion-con-neurodesarrollo\/\">Seguir leyendo<\/a><\/span><\/td>\n<\/tr>\n<tr>\n<td style=\"padding: 10px;\"><img loading=\"lazy\" decoding=\"async\" class=\"alignnone wp-image-9432 size-full\" src=\"https:\/\/cdn.simonssearchlight.org\/wp-content\/uploads\/2020\/11\/23074053\/Covid-3-Thumbnail.png\" alt=\"\" width=\"450\" height=\"248\"><\/td>\n<td style=\"padding: 10px; vertical-align: top;\"><strong><span style=\"color: #333333;\">Encuesta 3: Desarrollo y salud mental durante COVID-19<\/span><\/strong><\/p>\n<p>En este art\u00edculo se resumen los resultados de la tercera encuesta de Simons Searchlight sobre COVID-19.<\/p>\n<p><span style=\"color: #0000ff;\"><a style=\"color: #0000ff;\" href=\"https:\/\/www.simonssearchlight.org\/es\/encuesta-3-desarrollo-y-salud-mental-durante-covid-19\/\">Seguir leyendo<\/a><\/span><\/td>\n<\/tr>\n<tr>\n<td style=\"padding: 10px;\"><img loading=\"lazy\" decoding=\"async\" class=\"alignnone wp-image-8601 \" src=\"https:\/\/cdn.simonssearchlight.org\/wp-content\/uploads\/2020\/08\/24053413\/covid-2-survey.png.png\" alt=\"\" width=\"449\" height=\"248\" srcset=\"https:\/\/cdn.simonssearchlight.org\/wp-content\/uploads\/2020\/08\/24053413\/covid-2-survey.png.png 1164w, https:\/\/cdn.simonssearchlight.org\/wp-content\/uploads\/2020\/08\/24053413\/covid-2-survey.png-300x166.png 300w, https:\/\/cdn.simonssearchlight.org\/wp-content\/uploads\/2020\/08\/24053413\/covid-2-survey.png-768x425.png 768w, https:\/\/cdn.simonssearchlight.org\/wp-content\/uploads\/2020\/08\/24053413\/covid-2-survey.png-1024x567.png 1024w\" sizes=\"(max-width: 449px) 100vw, 449px\" \/><\/td>\n<td style=\"padding: 10px; vertical-align: top;\"><strong><span style=\"color: #333333;\">Encuesta 2: Impacto de COVID-19 en el apoyo m\u00e9dico y la salud mental del cuidador<\/span><\/strong><\/p>\n<p>En este art\u00edculo se resumen los resultados de la segunda encuesta de Simons Searchlight sobre COVID-19.<\/p>\n<p><span style=\"color: #0000ff;\"><a style=\"color: #0000ff;\" href=\"https:\/\/www.simonssearchlight.org\/es\/encuesta-2-impacto-de-covid-19-en-el-apoyo-medico-y-la-salud-mental-del-cuidador\/\">Seguir leyendo<\/a><\/span><\/td>\n<\/tr>\n<tr>\n<td style=\"padding: 10px;\"><img loading=\"lazy\" decoding=\"async\" class=\"alignleft wp-image-7771\" src=\"https:\/\/cdn.simonssearchlight.org\/wp-content\/uploads\/2020\/04\/27105437\/IMG_0357_Thumbnail.jpg\" alt=\"\" width=\"450\" height=\"264\" srcset=\"https:\/\/cdn.simonssearchlight.org\/wp-content\/uploads\/2020\/04\/27105437\/IMG_0357_Thumbnail.jpg 844w, https:\/\/cdn.simonssearchlight.org\/wp-content\/uploads\/2020\/04\/27105437\/IMG_0357_Thumbnail-300x176.jpg 300w, https:\/\/cdn.simonssearchlight.org\/wp-content\/uploads\/2020\/04\/27105437\/IMG_0357_Thumbnail-768x450.jpg 768w\" sizes=\"(max-width: 450px) 100vw, 450px\" \/><\/td>\n<td style=\"padding: 10px; vertical-align: top;\"><strong><span style=\"color: #333333;\">Amber Freed, miembro de Simons Searchlight, busca un \u00abmilagro\u00bb de terapia g\u00e9nica<\/span><\/strong><\/p>\n<p>Amber Freed comparte c\u00f3mo ayuda a avanzar en la investigaci\u00f3n para su hijo con s\u00edndrome relacionado con SLC6A1.<\/p>\n<p><span style=\"color: #0000ff;\"><a style=\"color: #0000ff;\" href=\"https:\/\/www.simonssearchlight.org\/es\/amber-freed-miembro-de-simons-searchlight-busca-un-milagro-de-terapia-genica\/\">Seguir leyendo<\/a><\/span><\/td>\n<\/tr>\n<tr>\n<td style=\"padding: 10px;\"><img loading=\"lazy\" decoding=\"async\" class=\"alignnone wp-image-7789\" src=\"https:\/\/cdn.simonssearchlight.org\/wp-content\/uploads\/2020\/04\/28093121\/FB_Survey-Image.png.png\" alt=\"\" width=\"450\" height=\"239\" srcset=\"https:\/\/cdn.simonssearchlight.org\/wp-content\/uploads\/2020\/04\/28093121\/FB_Survey-Image.png.png 1605w, https:\/\/cdn.simonssearchlight.org\/wp-content\/uploads\/2020\/04\/28093121\/FB_Survey-Image.png-300x160.png 300w, https:\/\/cdn.simonssearchlight.org\/wp-content\/uploads\/2020\/04\/28093121\/FB_Survey-Image.png-768x409.png 768w, https:\/\/cdn.simonssearchlight.org\/wp-content\/uploads\/2020\/04\/28093121\/FB_Survey-Image.png-1024x545.png 1024w\" sizes=\"(max-width: 450px) 100vw, 450px\" \/><\/td>\n<td style=\"padding: 10px; vertical-align: top;\"><strong><span style=\"color: #333333;\">Impacto de COVID-19 en terapias, servicios y apoyos m\u00e9dicos<\/span><\/strong><\/p>\n<p>Simons Searchlight quer\u00eda saber c\u00f3mo afecta COVID-19 a nuestros participantes. Ya tenemos los resultados de la encuesta.<\/p>\n<p><span style=\"color: #0000ff;\"><a style=\"color: #0000ff;\" href=\"https:\/\/www.simonssearchlight.org\/es\/impacto-de-covid-19-en-terapias-servicios-y-apoyos-medicos\/\">Seguir leyendo<\/a><\/span><\/td>\n<\/tr>\n<tr>\n<td style=\"padding: 10px;\"><img loading=\"lazy\" decoding=\"async\" class=\"alignnone wp-image-7536\" src=\"https:\/\/cdn.simonssearchlight.org\/wp-content\/uploads\/2020\/03\/20053300\/searchlight-covid19-update-01.png\" alt=\"\" width=\"450\" height=\"250\" srcset=\"https:\/\/cdn.simonssearchlight.org\/wp-content\/uploads\/2020\/03\/20053300\/searchlight-covid19-update-01.png 600w, https:\/\/cdn.simonssearchlight.org\/wp-content\/uploads\/2020\/03\/20053300\/searchlight-covid19-update-01-300x167.png 300w\" sizes=\"(max-width: 450px) 100vw, 450px\" \/><\/td>\n<td style=\"padding: 10px; vertical-align: top;\"><strong><span style=\"color: #333333;\">Simons Searchlight responde a COVID-19<\/span><\/strong><\/p>\n<p>La Dra. Wendy Chung se acerca a la comunidad de Simons Searchlight.<\/p>\n<p><span style=\"color: #0000ff;\"><a style=\"color: #0000ff;\" href=\"https:\/\/www.simonssearchlight.org\/es\/simons-searchlight-responde-a-covid-19\/\">Seguir leyendo<\/a><\/span><\/td>\n<\/tr>\n<\/tbody>\n<\/table>\n","protected":false},"excerpt":{"rendered":"<p>Obtenga las \u00faltimas actualizaciones de Simons Searchlight, incluidos art\u00edculos sobre nuestros participantes, cient\u00edficos y otros para nuestra comunidad. Un diagn\u00f3stico de autismo en la edad adulta conduce a un nuevo objetivo profesional SPARK for Autism comparti\u00f3 recientemente la experiencia de Braxton Webb al recibir un diagn\u00f3stico gen\u00e9tico, DYRK1A. Seguir leyendo Perfil del investigador: Roni Yamane, [&hellip;]<\/p>\n","protected":false},"author":6,"featured_media":0,"parent":18223,"menu_order":0,"comment_status":"closed","ping_status":"closed","template":"","meta":{"_acf_changed":false,"_relevanssi_hide_post":"","_relevanssi_hide_content":"","_relevanssi_pin_for_all":"","_relevanssi_pin_keywords":"","_relevanssi_unpin_keywords":"","_relevanssi_related_keywords":"","_relevanssi_related_include_ids":"","_relevanssi_related_exclude_ids":"","_relevanssi_related_no_append":"","_relevanssi_related_not_related":"","_relevanssi_related_posts":"","_relevanssi_noindex_reason":"","footnotes":""},"acf":[],"_links":{"self":[{"href":"https:\/\/www.simonssearchlight.org\/es\/wp-json\/wp\/v2\/pages\/18924"}],"collection":[{"href":"https:\/\/www.simonssearchlight.org\/es\/wp-json\/wp\/v2\/pages"}],"about":[{"href":"https:\/\/www.simonssearchlight.org\/es\/wp-json\/wp\/v2\/types\/page"}],"author":[{"embeddable":true,"href":"https:\/\/www.simonssearchlight.org\/es\/wp-json\/wp\/v2\/users\/6"}],"replies":[{"embeddable":true,"href":"https:\/\/www.simonssearchlight.org\/es\/wp-json\/wp\/v2\/comments?post=18924"}],"version-history":[{"count":1,"href":"https:\/\/www.simonssearchlight.org\/es\/wp-json\/wp\/v2\/pages\/18924\/revisions"}],"predecessor-version":[{"id":18935,"href":"https:\/\/www.simonssearchlight.org\/es\/wp-json\/wp\/v2\/pages\/18924\/revisions\/18935"}],"up":[{"embeddable":true,"href":"https:\/\/www.simonssearchlight.org\/es\/wp-json\/wp\/v2\/pages\/18223"}],"wp:attachment":[{"href":"https:\/\/www.simonssearchlight.org\/es\/wp-json\/wp\/v2\/media?parent=18924"}],"curies":[{"name":"wp","href":"https:\/\/api.w.org\/{rel}","templated":true}]}}