{"id":18892,"date":"2019-12-02T09:22:21","date_gmt":"2019-12-02T14:22:21","guid":{"rendered":"https:\/\/www.simonssearchlight.org\/proceso-de-investigacion\/trastornos-geneticos-que-estudiamos\/grin2d\/"},"modified":"2025-11-05T12:19:54","modified_gmt":"2025-11-05T17:19:54","slug":"grin2d","status":"publish","type":"page","link":"https:\/\/www.simonssearchlight.org\/es\/proceso-de-investigacion\/trastornos-geneticos-que-estudiamos\/grin2d\/","title":{"rendered":"GRIN2D"},"content":{"rendered":"<p><span style=\"font-weight: 400;\">La informaci\u00f3n de este resumen de <\/span><strong>S\u00edndrome relacionado con GRIN2D<\/strong><span style=\"font-weight: 400;\">  procede de publicaciones de investigaci\u00f3n. Esto no pretende sustituir el asesoramiento m\u00e9dico. <\/span><\/p>\n<p><a href=\"https:\/\/www.simonssearchlight.org\/es\/gene-guide\/sindrome-relacionado-con-grin2d\/\" target=\"_blank\" rel=\"noopener\"><strong>Haz clic aqu\u00ed para consultar nuestra Gu\u00eda gen\u00e9tica GRIN2D completa<\/strong><\/a><\/p>\n<p>La Gu\u00eda Gen\u00e9tica online incluye m\u00e1s informaci\u00f3n sobre <span class=\"notranslate\">GRIN2D<\/span>, como la probabilidad de tener otro hijo con esta afecci\u00f3n, problemas de comportamiento y desarrollo <span class=\"notranslate\">relacionados con el s\u00edndrome GRIN2D<\/span> o especialistas a tener en cuenta para las personas con esta afecci\u00f3n. Comparta este recurso con los miembros de su familia o con sus proveedores cl\u00ednicos.<\/p>\n<p><strong>S\u00edndrome relacionado con GRIN2D<\/strong><span style=\"font-weight: 400;\"> tambi\u00e9n se denomina<\/span> <strong>Encefalopat\u00eda epil\u00e9ptica y del desarrollo relacionada con GRIN2D<\/strong><span style=\"font-weight: 400;\">. Para esta p\u00e1gina web, utilizaremos el nombre  <\/span><strong>S\u00edndrome relacionado con GRIN2D<\/strong><span style=\"font-weight: 400;\"> para abarcar la amplia gama de variantes observadas en las personas identificadas.<\/span><\/p>\n","protected":false},"excerpt":{"rendered":"<p>La informaci\u00f3n de este resumen de S\u00edndrome relacionado con GRIN2D procede de publicaciones de investigaci\u00f3n. Esto no pretende sustituir el asesoramiento m\u00e9dico. Haz clic aqu\u00ed para consultar nuestra Gu\u00eda gen\u00e9tica GRIN2D completa La Gu\u00eda Gen\u00e9tica online incluye m\u00e1s informaci\u00f3n sobre GRIN2D, como la probabilidad de tener otro hijo con esta afecci\u00f3n, problemas de comportamiento y [&hellip;]<\/p>\n","protected":false},"author":13,"featured_media":0,"parent":18254,"menu_order":0,"comment_status":"closed","ping_status":"closed","template":"page-gene-card.php","meta":{"_acf_changed":false,"_relevanssi_hide_post":"","_relevanssi_hide_content":"","_relevanssi_pin_for_all":"","_relevanssi_pin_keywords":"","_relevanssi_unpin_keywords":"","_relevanssi_related_keywords":"","_relevanssi_related_include_ids":"","_relevanssi_related_exclude_ids":"","_relevanssi_related_no_append":"","_relevanssi_related_not_related":"","_relevanssi_related_posts":"","_relevanssi_noindex_reason":"","footnotes":""},"acf":[],"_links":{"self":[{"href":"https:\/\/www.simonssearchlight.org\/es\/wp-json\/wp\/v2\/pages\/18892"}],"collection":[{"href":"https:\/\/www.simonssearchlight.org\/es\/wp-json\/wp\/v2\/pages"}],"about":[{"href":"https:\/\/www.simonssearchlight.org\/es\/wp-json\/wp\/v2\/types\/page"}],"author":[{"embeddable":true,"href":"https:\/\/www.simonssearchlight.org\/es\/wp-json\/wp\/v2\/users\/13"}],"replies":[{"embeddable":true,"href":"https:\/\/www.simonssearchlight.org\/es\/wp-json\/wp\/v2\/comments?post=18892"}],"version-history":[{"count":2,"href":"https:\/\/www.simonssearchlight.org\/es\/wp-json\/wp\/v2\/pages\/18892\/revisions"}],"predecessor-version":[{"id":62093,"href":"https:\/\/www.simonssearchlight.org\/es\/wp-json\/wp\/v2\/pages\/18892\/revisions\/62093"}],"up":[{"embeddable":true,"href":"https:\/\/www.simonssearchlight.org\/es\/wp-json\/wp\/v2\/pages\/18254"}],"wp:attachment":[{"href":"https:\/\/www.simonssearchlight.org\/es\/wp-json\/wp\/v2\/media?parent=18892"}],"curies":[{"name":"wp","href":"https:\/\/api.w.org\/{rel}","templated":true}]}}