{"id":18865,"date":"2019-11-13T14:50:17","date_gmt":"2019-11-13T19:50:17","guid":{"rendered":"https:\/\/www.simonssearchlight.org\/proceso-de-investigacion\/trastornos-geneticos-que-estudiamos\/tlk2\/"},"modified":"2026-04-06T16:42:04","modified_gmt":"2026-04-06T20:42:04","slug":"tlk2","status":"publish","type":"page","link":"https:\/\/www.simonssearchlight.org\/es\/proceso-de-investigacion\/trastornos-geneticos-que-estudiamos\/tlk2\/","title":{"rendered":"TLK2"},"content":{"rendered":"<p>Obtenga m\u00e1s informaci\u00f3n sobre <strong><span class=\"notranslate\">TLK2<\/span><\/strong> y con\u00e9ctese con otras familias de <span class=\"notranslate\">Simons Searchlight<\/span> con los siguientes recursos. Esto no pretende sustituir el asesoramiento m\u00e9dico.<\/p>\n<p><a href=\"https:\/\/www.simonssearchlight.org\/es\/gene-guide\/sindrome-relacionado-con-tlk2\/\" target=\"_blank\" rel=\"noopener\"><strong>Pulsa aqu\u00ed para ver nuestra Gu\u00eda completa del gen TLK2<\/strong><\/a><\/p>\n<p>La Gu\u00eda Gen\u00e9tica online incluye m\u00e1s informaci\u00f3n sobre <span class=\"notranslate\">TLK2<\/span>, como la probabilidad de tener otro hijo con esta afecci\u00f3n, preocupaciones sobre el comportamiento y el desarrollo relacionadas con el s\u00edndrome <span class=\"notranslate\">TLK2<\/span> o especialistas a tener en cuenta para las personas con esta afecci\u00f3n. Comparta este recurso con los miembros de su familia o con sus proveedores cl\u00ednicos.<\/p>\n","protected":false},"excerpt":{"rendered":"<p>Obtenga m\u00e1s informaci\u00f3n sobre TLK2 y con\u00e9ctese con otras familias de Simons Searchlight con los siguientes recursos. Esto no pretende sustituir el asesoramiento m\u00e9dico. Pulsa aqu\u00ed para ver nuestra Gu\u00eda completa del gen TLK2 La Gu\u00eda Gen\u00e9tica online incluye m\u00e1s informaci\u00f3n sobre TLK2, como la probabilidad de tener otro hijo con esta afecci\u00f3n, preocupaciones sobre [&hellip;]<\/p>\n","protected":false},"author":13,"featured_media":0,"parent":18254,"menu_order":0,"comment_status":"closed","ping_status":"closed","template":"page-gene-card.php","meta":{"_acf_changed":false,"_relevanssi_hide_post":"","_relevanssi_hide_content":"","_relevanssi_pin_for_all":"","_relevanssi_pin_keywords":"","_relevanssi_unpin_keywords":"","_relevanssi_related_keywords":"","_relevanssi_related_include_ids":"","_relevanssi_related_exclude_ids":"","_relevanssi_related_no_append":"","_relevanssi_related_not_related":"","_relevanssi_related_posts":"","_relevanssi_noindex_reason":"","footnotes":""},"acf":[],"_links":{"self":[{"href":"https:\/\/www.simonssearchlight.org\/es\/wp-json\/wp\/v2\/pages\/18865"}],"collection":[{"href":"https:\/\/www.simonssearchlight.org\/es\/wp-json\/wp\/v2\/pages"}],"about":[{"href":"https:\/\/www.simonssearchlight.org\/es\/wp-json\/wp\/v2\/types\/page"}],"author":[{"embeddable":true,"href":"https:\/\/www.simonssearchlight.org\/es\/wp-json\/wp\/v2\/users\/13"}],"replies":[{"embeddable":true,"href":"https:\/\/www.simonssearchlight.org\/es\/wp-json\/wp\/v2\/comments?post=18865"}],"version-history":[{"count":5,"href":"https:\/\/www.simonssearchlight.org\/es\/wp-json\/wp\/v2\/pages\/18865\/revisions"}],"predecessor-version":[{"id":78999,"href":"https:\/\/www.simonssearchlight.org\/es\/wp-json\/wp\/v2\/pages\/18865\/revisions\/78999"}],"up":[{"embeddable":true,"href":"https:\/\/www.simonssearchlight.org\/es\/wp-json\/wp\/v2\/pages\/18254"}],"wp:attachment":[{"href":"https:\/\/www.simonssearchlight.org\/es\/wp-json\/wp\/v2\/media?parent=18865"}],"curies":[{"name":"wp","href":"https:\/\/api.w.org\/{rel}","templated":true}]}}