{"id":18852,"date":"2020-02-17T14:42:17","date_gmt":"2020-02-17T19:42:17","guid":{"rendered":"https:\/\/www.simonssearchlight.org\/recursos\/tutela\/"},"modified":"2026-03-31T14:38:20","modified_gmt":"2026-03-31T18:38:20","slug":"tutela","status":"publish","type":"page","link":"https:\/\/www.simonssearchlight.org\/es\/recursos\/tutela\/","title":{"rendered":"Tutela"},"content":{"rendered":"<h2>Continuaci\u00f3n de la participaci\u00f3n en la investigaci\u00f3n hasta la edad adulta<\/h2>\n<p><span class=\"notranslate\">Simons Searchlight<\/span> se pondr\u00e1 en contacto con usted en torno al cumplea\u00f1os de su hijo para saber si ser\u00e1 legalmente independiente o tendr\u00e1 un tutor designado por el tribunal. Todos los adultos independientes deben proporcionar su propio consentimiento y tener su propia direcci\u00f3n de correo electr\u00f3nico para seguir participando en <span class=\"notranslate\">Simons Searchlight<\/span>.<\/p>\n<p>Independientemente de que usted se convierta en el tutor legal de su hijo o de que \u00e9ste participe como adulto independiente, se requiere un nuevo formulario de consentimiento para poder seguir participando en <span class=\"notranslate\">Simons Searchlight<\/span>.<\/p>\n<h3><strong>Acerca de la <span class=\"notranslate\">tutela<\/span><\/strong><\/h3>\n<p>Para aquellas familias que han solicitado informaci\u00f3n sobre la <span class=\"notranslate\">tutela<\/span>, a continuaci\u00f3n se ofrecen algunos recursos que le ayudar\u00e1n a iniciar el proceso de solicitud de la <span class=\"notranslate\">tutela<\/span> de su hijo cuando \u00e9ste alcance la mayor\u00eda de edad. Cada pa\u00eds tiene un proceso diferente para establecer la <span class=\"notranslate\">tutela<\/span> de los mayores de edad y, en el caso de Estados Unidos, este proceso puede diferir de un estado a otro. Varios tipos de representantes legalmente autorizados, tambi\u00e9n llamados LAR, pueden tomar decisiones de consentimiento para que un adulto joven participe en una investigaci\u00f3n. A continuaci\u00f3n se enumeran los distintos tipos de representantes legalmente autorizados.<\/p>\n<ul>\n<li>Tutor legal o <span class=\"notranslate\">tutela<\/span><\/li>\n<li>Curador o curatela<\/li>\n<li>Poder notarial, que puede ser financiero, m\u00e9dico, tanto financiero como m\u00e9dico, o por cualquier otro motivo.<\/li>\n<li><span class=\"notranslate\">Tutela<\/span> del Estado, por ejemplo, cuando la <span class=\"notranslate\">tutela<\/span> se transfiere a un Estado o pa\u00eds.<\/li>\n<\/ul>\n<p><strong>\u00bfCu\u00e1ndo es necesaria la <span class=\"notranslate\">tutela<\/span> de un adulto?<\/strong><\/p>\n<p>La <span class=\"notranslate\">tutela<\/span> es una decisi\u00f3n personal, \u00fanica para su familia y su situaci\u00f3n. Los siguientes recursos proporcionan m\u00e1s informaci\u00f3n sobre la <span class=\"notranslate\">tutela<\/span> y pueden ayudarle a tomar la mejor decisi\u00f3n para su familia. Cuando su hijo llegue a la edad adulta, podr\u00eda pedir asesoramiento legal a un abogado para discutir el proceso de <span class=\"notranslate\">tutela<\/span> si cree que su hijo no ser\u00e1 capaz de tomar decisiones sobre su salud, sus finanzas o su cuidado diario.<\/p>\n<p><strong>Haga clic en su pa\u00eds para obtener m\u00e1s informaci\u00f3n sobre su legislaci\u00f3n en materia de <span class=\"notranslate\">tutela<\/span>.<\/strong><\/p>\n<div class=\"simons-accordion-wrap\"><div class=\"acc-item\"><div class=\"acc-top\"><span class=\"acc-icon\">+<\/span><p>Estados Unidos<\/p>\n<\/div><div class=\"acc-bottom\"><div class=\"col-wrap-formatted\"><a href=\"https:\/\/alabamaguardianship.org\/\" target=\"_blank\" rel=\"noopener\">Alabama<\/a><br \/>\n<a href=\"https:\/\/courts.alaska.gov\/shc\/guardian-conservator\/guardianship.htm\" target=\"_blank\" rel=\"noopener\">Alaska<\/a><br \/>\n<a href=\"https:\/\/superiorcourt.maricopa.gov\/departments\/superior-court\/probate\/guardians-and-conservatorships\/\" target=\"_blank\" rel=\"noopener\">Arizona<\/a><br \/>\n<a href=\"https:\/\/www.arlawhelp.org\/\" target=\"_blank\" rel=\"noopener\">Arkansas<\/a><br \/>\n<a href=\"https:\/\/www.courts.ca.gov\/selfhelp-conservatorship.htm\" target=\"_blank\" rel=\"noopener\">California<\/a><br \/>\n<a href=\"https:\/\/www.courts.state.co.us\/Self_Help\/adultguardianship\/\" target=\"_blank\" rel=\"noopener\">Colorado<\/a><br \/>\n<a href=\"http:\/\/www.ctprobate.gov\/Pages\/Intellectual-Disabilities.aspx\" target=\"_blank\" rel=\"noopener\">Connecticut<\/a><br \/>\n<a href=\"https:\/\/courts.delaware.gov\/chancery\/guardianship\/index.aspx\" target=\"_blank\" rel=\"noopener\">Delaware<\/a><br \/>\n<a href=\"https:\/\/www.dccourts.gov\/sites\/default\/files\/matters-docs\/Probate-Division-Case-Management-Plan.pdf\" target=\"_blank\" rel=\"noopener\">Distrito de Columbia (p\u00e1gina 32)<\/a><br \/>\n<a href=\"https:\/\/www.flcourts.org\/Resources-Services\/Court-Improvement\/Family-Courts\/Guardianship\" target=\"_blank\" rel=\"noopener\">Florida<\/a><br \/>\n<a href=\"https:\/\/cdn.simonssearchlight.org\/wp-content\/uploads\/2020\/02\/07105218\/GA_guardianship-guide.pdf\" target=\"_blank\" rel=\"noopener\">Georgia<\/a><br \/>\n<a href=\"https:\/\/www.courts.state.hi.us\/docs\/1FP\/ProSeIncap.pdf\" target=\"_blank\" rel=\"noopener\">Hawai<\/a><br \/>\n<a href=\"https:\/\/isc.idaho.gov\/guardianship\/guardianship-conservatorship\" target=\"_blank\" rel=\"noopener\">Idaho<\/a><br \/>\n<a href=\"https:\/\/www2.illinois.gov\/sites\/gac\/OSG\/Pages\/Practitioners-Guide-to-Adult-Guardianship-in-Illinois.aspx\" target=\"_blank\" rel=\"noopener\">Illinois<\/a><br \/>\n<a href=\"https:\/\/www.in.gov\/judiciary\/iocs\/3425.htm\" target=\"_blank\" rel=\"noopener\">Indiana<\/a><br \/>\n<a href=\"https:\/\/www.iowabar.org\/?pg=GuardianshipsConservatorships\" target=\"_blank\" rel=\"noopener\">Iowa<\/a><br \/>\n<a href=\"https:\/\/ksgprog.org\/\" target=\"_blank\" rel=\"noopener\">Kansas<\/a><br \/>\n<a href=\"https:\/\/chfs.ky.gov\/agencies\/dail\/dg\/Pages\/default.aspx\" target=\"_blank\" rel=\"noopener\">Kentucky<\/a><br \/>\n<a href=\"https:\/\/laguardianship.org\/\" target=\"_blank\" rel=\"noopener\">Luisiana<\/a><br \/>\n<a href=\"https:\/\/www.maine.gov\/dhhs\/oads\/get-support\/aps\/guardianship\" target=\"_blank\" rel=\"noopener\">Maine<\/a><br \/>\n<a href=\"https:\/\/mdcourts.gov\/clerks\/howard\/guardianshiptrust\" target=\"_blank\" rel=\"noopener\">Maryland<\/a><br \/>\n<a href=\"https:\/\/www.mass.gov\/topics\/guardianship\" target=\"_blank\" rel=\"noopener\">Massachusetts<\/a><br \/>\n<a href=\"https:\/\/www.michbar.org\/public_resources\/probate_guardianship\" target=\"_blank\" rel=\"noopener\">Michigan<\/a><br \/>\n<a href=\"http:\/\/www.mncourts.gov\/Help-Topics\/Guardianship-and-Conservatorship.aspx\" target=\"_blank\" rel=\"noopener\">Minnesota<\/a><br \/>\n<a href=\"https:\/\/www.mslegalservices.org\/issues\/family-and-juvenile\/guardianship\" target=\"_blank\" rel=\"noopener\">Mississippi<\/a><br \/>\n<a href=\"https:\/\/health.mo.gov\/shcn-secure\/docs\/GuardianshipInfoPack.pdf\" target=\"_blank\" rel=\"noopener\">Missouri<\/a><br \/>\n<a href=\"https:\/\/courts.mt.gov\/forms\/guardianship\" target=\"_blank\" rel=\"noopener\">Montana<\/a><br \/>\n<a href=\"https:\/\/supremecourt.nebraska.gov\/administration\/public\/guardianship-and-conservatorship-information\" target=\"_blank\" rel=\"noopener\">Nebraska<\/a><br \/>\n<a href=\"http:\/\/selfhelp.nvcourts.gov\/self-help\/guardianship\/filing-for-guardianship-over-an-adult?enter=1\" target=\"_blank\" rel=\"noopener\">Nevada<\/a><br \/>\n<a href=\"https:\/\/www.courts.state.nh.us\/probate\/guardianship.htm\" target=\"_blank\" rel=\"noopener\">Nuevo Hampshire<\/a><br \/>\n<a href=\"https:\/\/www.njcourts.gov\/self-help\/guardianship\" target=\"_blank\" rel=\"noopener\">Nueva Jersey<\/a><br \/>\n<a href=\"https:\/\/adultguardianship.nmcourts.gov\/\" target=\"_blank\" rel=\"noopener\">Nuevo M\u00e9xico<\/a><br \/>\n<a href=\"https:\/\/www.nycourts.gov\/courthelp\/Guardianship\/index.shtml\" target=\"_blank\" rel=\"noopener\">Nueva York<\/a><br \/>\n<a href=\"https:\/\/www.nccourts.gov\/help-topics\/guardianship\/guardianship\" target=\"_blank\" rel=\"noopener\">Carolina del Norte<\/a><br \/>\n<a href=\"https:\/\/www.ndcourts.gov\/legal-self-help\/adult-guardianship\" target=\"_blank\" rel=\"noopener\">Dakota del Norte<\/a><br \/>\n<a href=\"https:\/\/www.ohiochannel.org\/Assets\/Files\/UserContent\/40\/155679.pdf\" target=\"_blank\" rel=\"noopener\">Ohio<\/a><br \/>\n<a href=\"http:\/\/oklahomafamilynetwork.org\/wp-content\/uploads\/2018\/04\/Amber-McConnell-Guardianship-Handbook.pdf\" target=\"_blank\" rel=\"noopener\">Oklahoma<\/a><br \/>\n<a href=\"https:\/\/www.courts.oregon.gov\/programs\/family\/guardianship-conservatorship\/Pages\/default.aspx\" target=\"_blank\" rel=\"noopener\">Oreg\u00f3n<\/a><br \/>\n<a href=\"https:\/\/www.disabilityrightspa.org\/wp-content\/uploads\/2018\/03\/CCSDM-11E.pdf\" target=\"_blank\" rel=\"noopener\">Pensilvania<\/a><br \/>\n<a href=\"https:\/\/ripin.org\/ripin\/wp-content\/uploads\/2020\/08\/HANDOUT-RIDLC-Guardianship-and-Alternatives-to.pdf\" target=\"_blank\" rel=\"noopener\">Rhode Island<\/a><br \/>\n<a href=\"https:\/\/www.sccourts.org\/media\/01kmbimc\/faqsfromaward.pdf\" target=\"_blank\" rel=\"noopener\">Carolina del Sur<\/a><br \/>\n<a href=\"https:\/\/ujs.sd.gov\/self-help\/civil-law-help\/guardianship\/\" target=\"_blank\" rel=\"noopener\">Dakota del Sur<\/a><br \/>\n<a href=\"https:\/\/www.thearctn.org\/Assets\/Docs\/Conservatorship_Handbook.pdf\" target=\"_blank\" rel=\"noopener\">Tennessee<\/a><br \/>\n<a href=\"https:\/\/hhs.texas.gov\/sites\/default\/files\/documents\/laws-regulations\/legal-information\/guardianship\/pub395-guardianship.pdf\" target=\"_blank\" rel=\"noopener\">Texas<\/a><br \/>\n<a href=\"https:\/\/www.utcourts.gov\/en\/self-help\/case-categories\/gc.html\" target=\"_blank\" rel=\"noopener\">Utah<\/a><br \/>\n<a href=\"https:\/\/www.vermontjudiciary.org\/probate\/adult-guardianships\" target=\"_blank\" rel=\"noopener\">Vermont<\/a><br \/>\n<a href=\"https:\/\/selfhelp.vacourts.gov\/node\/19\/guardianship-conservatorship\" target=\"_blank\" rel=\"noopener\">Virginia<\/a><br \/>\n<a href=\"http:\/\/www.courts.wa.gov\/guardianportal\/\" target=\"_blank\" rel=\"noopener\">Washington<\/a><br \/>\n<a href=\"http:\/\/www.wvdhhr.org\/bcf\/policy\/social_services\/guardianship\/guardian%20and%20conservator%20handbook.pdf\" target=\"_blank\" rel=\"noopener\">Virginia Occidental<\/a><br \/>\n<a href=\"https:\/\/www.dhs.wisconsin.gov\/publications\/p2\/p20460.pdf\" target=\"_blank\" rel=\"noopener\">Wisconsin<\/a><br \/>\n<a href=\"https:\/\/www.wyocourts.gov\/legal-help-by-topic\/guardianship-adult\/\" target=\"_blank\" rel=\"noopener\">Wyoming<\/a><\/div>\n<\/div><div class=\"clear\"><\/div><\/div><div class=\"acc-item\"><div class=\"acc-top\"><span class=\"acc-icon\">+<\/span><p>Otros pa\u00edses<\/p>\n<\/div><div class=\"acc-bottom\"><p>Actualmente estamos recopilando recursos para esta secci\u00f3n. Vuelva a visitarnos pronto.<\/p>\n<\/div><div class=\"clear\"><\/div><\/div><div class=\"clear\"><\/div><\/div>\n<h3 data-section-id=\"oivvzu\" data-start=\"1955\" data-end=\"1974\">Comparte tu historia<\/h3>\n<p data-start=\"1976\" data-end=\"2087\">Si has apoyado a una persona dependiente hasta la edad adulta, te invitamos a que dediques unos minutos a compartir tu experiencia.<\/p>\n<p data-start=\"2089\" data-end=\"2138\"><strong>\ud83d\udc49 Completa la encuesta aqu\u00ed: <a href=\"https:\/\/bit.ly\/Transition_To_Adulthood\" target=\"_blank\" rel=\"noopener\">https:\/\/bit.ly\/Transition_To_Adulthood<\/a><\/strong><\/p>\n<p data-start=\"101\" data-end=\"301\">\n","protected":false},"excerpt":{"rendered":"<p>Continuaci\u00f3n de la participaci\u00f3n en la investigaci\u00f3n hasta la edad adulta Simons Searchlight se pondr\u00e1 en contacto con usted en torno al cumplea\u00f1os de su hijo para saber si ser\u00e1 legalmente independiente o tendr\u00e1 un tutor designado por el tribunal. Todos los adultos independientes deben proporcionar su propio consentimiento y tener su propia direcci\u00f3n de [&hellip;]<\/p>\n","protected":false},"author":6,"featured_media":0,"parent":18223,"menu_order":0,"comment_status":"closed","ping_status":"closed","template":"","meta":{"_acf_changed":false,"_relevanssi_hide_post":"","_relevanssi_hide_content":"","_relevanssi_pin_for_all":"","_relevanssi_pin_keywords":"","_relevanssi_unpin_keywords":"","_relevanssi_related_keywords":"","_relevanssi_related_include_ids":"","_relevanssi_related_exclude_ids":"","_relevanssi_related_no_append":"","_relevanssi_related_not_related":"","_relevanssi_related_posts":"","_relevanssi_noindex_reason":"","footnotes":""},"acf":[],"_links":{"self":[{"href":"https:\/\/www.simonssearchlight.org\/es\/wp-json\/wp\/v2\/pages\/18852"}],"collection":[{"href":"https:\/\/www.simonssearchlight.org\/es\/wp-json\/wp\/v2\/pages"}],"about":[{"href":"https:\/\/www.simonssearchlight.org\/es\/wp-json\/wp\/v2\/types\/page"}],"author":[{"embeddable":true,"href":"https:\/\/www.simonssearchlight.org\/es\/wp-json\/wp\/v2\/users\/6"}],"replies":[{"embeddable":true,"href":"https:\/\/www.simonssearchlight.org\/es\/wp-json\/wp\/v2\/comments?post=18852"}],"version-history":[{"count":4,"href":"https:\/\/www.simonssearchlight.org\/es\/wp-json\/wp\/v2\/pages\/18852\/revisions"}],"predecessor-version":[{"id":78707,"href":"https:\/\/www.simonssearchlight.org\/es\/wp-json\/wp\/v2\/pages\/18852\/revisions\/78707"}],"up":[{"embeddable":true,"href":"https:\/\/www.simonssearchlight.org\/es\/wp-json\/wp\/v2\/pages\/18223"}],"wp:attachment":[{"href":"https:\/\/www.simonssearchlight.org\/es\/wp-json\/wp\/v2\/media?parent=18852"}],"curies":[{"name":"wp","href":"https:\/\/api.w.org\/{rel}","templated":true}]}}