{"id":18812,"date":"2019-11-13T12:06:35","date_gmt":"2019-11-13T17:06:35","guid":{"rendered":"https:\/\/www.simonssearchlight.org\/proceso-de-investigacion\/trastornos-geneticos-que-estudiamos\/delecion-2p16-3\/"},"modified":"2026-04-06T12:56:42","modified_gmt":"2026-04-06T16:56:42","slug":"delecion-2p16-3","status":"publish","type":"page","link":"https:\/\/www.simonssearchlight.org\/es\/proceso-de-investigacion\/trastornos-geneticos-que-estudiamos\/delecion-2p16-3\/","title":{"rendered":"Deleci\u00f3n 2p16.3"},"content":{"rendered":"<p><strong><span style=\"font-weight: 400;\">La informaci\u00f3n de este resumen sobre <\/span>el s\u00edndrome de deleci\u00f3n 2p16.3 <\/strong>o <strong>trastorno relacionado con el NRXN1<\/strong> observada en publicaciones de investigaci\u00f3n. Esto no pretende sustituir el asesoramiento m\u00e9dico.<\/p>\n<p><strong><a href=\"https:\/\/www.simonssearchlight.org\/es\/gene-guide\/sindrome-de-delecion-2p16-3\/\" target=\"_blank\" rel=\"noopener\">Haz clic aqu\u00ed para consultar nuestra Gu\u00eda del gen de deleci\u00f3n 2p16.3<\/a><\/strong><\/p>\n<p>La Gu\u00eda Gen\u00e9tica online incluye m\u00e1s informaci\u00f3n sobre <span class=\"notranslate\">la deleci\u00f3n<\/span> <span class=\"notranslate\">2p16.<\/span> 3, como la probabilidad de tener otro hijo con esta afecci\u00f3n, problemas de comportamiento y desarrollo relacionados con la <span class=\"notranslate\">deleci\u00f3n 2p16.3<\/span> o especialistas a tener en cuenta para las personas con esta afecci\u00f3n. Comparta este recurso con los miembros de su familia o con sus proveedores cl\u00ednicos.<\/p>\n","protected":false},"excerpt":{"rendered":"<p>La informaci\u00f3n de este resumen sobre el s\u00edndrome de deleci\u00f3n 2p16.3 o trastorno relacionado con el NRXN1 observada en publicaciones de investigaci\u00f3n. Esto no pretende sustituir el asesoramiento m\u00e9dico. Haz clic aqu\u00ed para consultar nuestra Gu\u00eda del gen de deleci\u00f3n 2p16.3 La Gu\u00eda Gen\u00e9tica online incluye m\u00e1s informaci\u00f3n sobre la deleci\u00f3n 2p16. 3, como la [&hellip;]<\/p>\n","protected":false},"author":13,"featured_media":0,"parent":18254,"menu_order":0,"comment_status":"closed","ping_status":"closed","template":"page-gene-card.php","meta":{"_acf_changed":false,"_relevanssi_hide_post":"","_relevanssi_hide_content":"","_relevanssi_pin_for_all":"","_relevanssi_pin_keywords":"","_relevanssi_unpin_keywords":"","_relevanssi_related_keywords":"","_relevanssi_related_include_ids":"","_relevanssi_related_exclude_ids":"","_relevanssi_related_no_append":"","_relevanssi_related_not_related":"","_relevanssi_related_posts":"","_relevanssi_noindex_reason":"","footnotes":""},"acf":[],"_links":{"self":[{"href":"https:\/\/www.simonssearchlight.org\/es\/wp-json\/wp\/v2\/pages\/18812"}],"collection":[{"href":"https:\/\/www.simonssearchlight.org\/es\/wp-json\/wp\/v2\/pages"}],"about":[{"href":"https:\/\/www.simonssearchlight.org\/es\/wp-json\/wp\/v2\/types\/page"}],"author":[{"embeddable":true,"href":"https:\/\/www.simonssearchlight.org\/es\/wp-json\/wp\/v2\/users\/13"}],"replies":[{"embeddable":true,"href":"https:\/\/www.simonssearchlight.org\/es\/wp-json\/wp\/v2\/comments?post=18812"}],"version-history":[{"count":6,"href":"https:\/\/www.simonssearchlight.org\/es\/wp-json\/wp\/v2\/pages\/18812\/revisions"}],"predecessor-version":[{"id":75783,"href":"https:\/\/www.simonssearchlight.org\/es\/wp-json\/wp\/v2\/pages\/18812\/revisions\/75783"}],"up":[{"embeddable":true,"href":"https:\/\/www.simonssearchlight.org\/es\/wp-json\/wp\/v2\/pages\/18254"}],"wp:attachment":[{"href":"https:\/\/www.simonssearchlight.org\/es\/wp-json\/wp\/v2\/media?parent=18812"}],"curies":[{"name":"wp","href":"https:\/\/api.w.org\/{rel}","templated":true}]}}