{"id":18798,"date":"2019-10-18T11:43:52","date_gmt":"2019-10-18T15:43:52","guid":{"rendered":"https:\/\/www.simonssearchlight.org\/proceso-de-investigacion\/trastornos-geneticos-que-estudiamos\/delecion-17q21-31\/"},"modified":"2026-04-06T16:24:36","modified_gmt":"2026-04-06T20:24:36","slug":"delecion-17q21-31","status":"publish","type":"page","link":"https:\/\/www.simonssearchlight.org\/es\/proceso-de-investigacion\/trastornos-geneticos-que-estudiamos\/delecion-17q21-31\/","title":{"rendered":"Deleci\u00f3n 17q21.31"},"content":{"rendered":"<p><span style=\"font-weight: 400;\">La informaci\u00f3n de este resumen de <\/span><strong>S\u00edndrome de deleci\u00f3n 17q21.31<\/strong><span style=\"font-weight: 400;\">  procede de publicaciones de investigaci\u00f3n. Esto no pretende sustituir al consejo m\u00e9dico.  <\/span><\/p>\n<p><a href=\"https:\/\/www.simonssearchlight.org\/es\/gene-guide\/sindrome-de-delecion-17q21-31\/\" target=\"_blank\" rel=\"noopener\"><strong>Haz clic aqu\u00ed para ver nuestra Gu\u00eda completa del gen de deleci\u00f3n 17q21.31<\/strong><\/a><\/p>\n<p>La Gu\u00eda Gen\u00e9tica online incluye m\u00e1s informaci\u00f3n sobre el s\u00edndrome de<span class=\"notranslate\"> deleci\u00f3n<\/span> 17q21.31, como la probabilidad de tener otro hijo con esta afecci\u00f3n, problemas de comportamiento y desarrollo relacionados con el s\u00edndrome de<span class=\"notranslate\"> deleci\u00f3n<\/span> 17q21.31 o especialistas a tener en cuenta para las personas con esta afecci\u00f3n. Comparta este recurso con los miembros de su familia o con sus proveedores cl\u00ednicos.<\/p>\n<p><strong>S\u00edndrome de deleci\u00f3n 17q21.31<\/strong><span style=\"font-weight: 400;\"> tambi\u00e9n se denomina<\/span> <strong>s\u00edndrome de Koolen-de Vries<\/strong><span style=\"font-weight: 400;\">. Para esta p\u00e1gina web, utilizaremos el nombre  <\/span><strong>s\u00edndrome de deleci\u00f3n 17q21.31<\/strong><span style=\"font-weight: 400;\"> para abarcar la amplia gama de variantes observadas en las personas identificadas. <\/span> <\/p>\n","protected":false},"excerpt":{"rendered":"<p>La informaci\u00f3n de este resumen de S\u00edndrome de deleci\u00f3n 17q21.31 procede de publicaciones de investigaci\u00f3n. Esto no pretende sustituir al consejo m\u00e9dico. Haz clic aqu\u00ed para ver nuestra Gu\u00eda completa del gen de deleci\u00f3n 17q21.31 La Gu\u00eda Gen\u00e9tica online incluye m\u00e1s informaci\u00f3n sobre el s\u00edndrome de deleci\u00f3n 17q21.31, como la probabilidad de tener otro hijo [&hellip;]<\/p>\n","protected":false},"author":13,"featured_media":0,"parent":18254,"menu_order":0,"comment_status":"closed","ping_status":"closed","template":"page-gene-card.php","meta":{"_acf_changed":false,"_relevanssi_hide_post":"","_relevanssi_hide_content":"","_relevanssi_pin_for_all":"","_relevanssi_pin_keywords":"","_relevanssi_unpin_keywords":"","_relevanssi_related_keywords":"","_relevanssi_related_include_ids":"","_relevanssi_related_exclude_ids":"","_relevanssi_related_no_append":"","_relevanssi_related_not_related":"","_relevanssi_related_posts":"","_relevanssi_noindex_reason":"","footnotes":""},"acf":[],"_links":{"self":[{"href":"https:\/\/www.simonssearchlight.org\/es\/wp-json\/wp\/v2\/pages\/18798"}],"collection":[{"href":"https:\/\/www.simonssearchlight.org\/es\/wp-json\/wp\/v2\/pages"}],"about":[{"href":"https:\/\/www.simonssearchlight.org\/es\/wp-json\/wp\/v2\/types\/page"}],"author":[{"embeddable":true,"href":"https:\/\/www.simonssearchlight.org\/es\/wp-json\/wp\/v2\/users\/13"}],"replies":[{"embeddable":true,"href":"https:\/\/www.simonssearchlight.org\/es\/wp-json\/wp\/v2\/comments?post=18798"}],"version-history":[{"count":6,"href":"https:\/\/www.simonssearchlight.org\/es\/wp-json\/wp\/v2\/pages\/18798\/revisions"}],"predecessor-version":[{"id":76271,"href":"https:\/\/www.simonssearchlight.org\/es\/wp-json\/wp\/v2\/pages\/18798\/revisions\/76271"}],"up":[{"embeddable":true,"href":"https:\/\/www.simonssearchlight.org\/es\/wp-json\/wp\/v2\/pages\/18254"}],"wp:attachment":[{"href":"https:\/\/www.simonssearchlight.org\/es\/wp-json\/wp\/v2\/media?parent=18798"}],"curies":[{"name":"wp","href":"https:\/\/api.w.org\/{rel}","templated":true}]}}