{"id":18764,"date":"2019-10-15T10:30:26","date_gmt":"2019-10-15T14:30:26","guid":{"rendered":"https:\/\/www.simonssearchlight.org\/proceso-de-investigacion\/trastornos-geneticos-que-estudiamos\/delecion-5q35\/"},"modified":"2026-01-22T12:07:20","modified_gmt":"2026-01-22T17:07:20","slug":"delecion-5q35","status":"publish","type":"page","link":"https:\/\/www.simonssearchlight.org\/es\/proceso-de-investigacion\/trastornos-geneticos-que-estudiamos\/delecion-5q35\/","title":{"rendered":"Deleci\u00f3n 5q35"},"content":{"rendered":"<p>La informaci\u00f3n de este resumen sobre <strong>el s\u00edndrome de <span class=\"notranslate\">deleci\u00f3n 5q35<\/span><\/strong> procede de publicaciones de investigaci\u00f3n. Esto no pretende sustituir el asesoramiento m\u00e9dico.<\/p>\n<p><a href=\"https:\/\/www.simonssearchlight.org\/es\/gene-guide\/sindrome-de-delecion-5q35\/\" target=\"_blank\" rel=\"noopener\"><strong>Haz clic aqu\u00ed para ver nuestra Gu\u00eda completa del gen de deleci\u00f3n 5q35<\/strong><\/a><\/p>\n<p>La Gu\u00eda Gen\u00e9tica online incluye m\u00e1s informaci\u00f3n sobre la <span class=\"notranslate\">deleci\u00f3n 5q35<\/span>, como la probabilidad de tener otro hijo con esta afecci\u00f3n, problemas de comportamiento y desarrollo relacionados con la <span class=\"notranslate\">deleci\u00f3n 5q35<\/span> o especialistas a tener en cuenta para las personas con esta afecci\u00f3n. Comparta este recurso con los miembros de su familia o con sus proveedores cl\u00ednicos.<\/p>\n<p><strong>El s\u00edndrome de <span class=\"notranslate\">deleci\u00f3n 5q35<\/span><\/strong> tambi\u00e9n se denomina <strong>s\u00edndrome de Sotos<\/strong>. Para esta p\u00e1gina web, utilizaremos el nombre <strong>s\u00edndrome de <span class=\"notranslate\">deleci\u00f3n 5q35<\/span><\/strong> para englobar la amplia gama de variantes observadas en las personas identificadas.<\/p>\n","protected":false},"excerpt":{"rendered":"<p>La informaci\u00f3n de este resumen sobre el s\u00edndrome de deleci\u00f3n 5q35 procede de publicaciones de investigaci\u00f3n. Esto no pretende sustituir el asesoramiento m\u00e9dico. Haz clic aqu\u00ed para ver nuestra Gu\u00eda completa del gen de deleci\u00f3n 5q35 La Gu\u00eda Gen\u00e9tica online incluye m\u00e1s informaci\u00f3n sobre la deleci\u00f3n 5q35, como la probabilidad de tener otro hijo con [&hellip;]<\/p>\n","protected":false},"author":13,"featured_media":0,"parent":18254,"menu_order":0,"comment_status":"closed","ping_status":"closed","template":"page-gene-card.php","meta":{"_acf_changed":false,"_relevanssi_hide_post":"","_relevanssi_hide_content":"","_relevanssi_pin_for_all":"","_relevanssi_pin_keywords":"","_relevanssi_unpin_keywords":"","_relevanssi_related_keywords":"","_relevanssi_related_include_ids":"","_relevanssi_related_exclude_ids":"","_relevanssi_related_no_append":"","_relevanssi_related_not_related":"","_relevanssi_related_posts":"","_relevanssi_noindex_reason":"","footnotes":""},"acf":[],"_links":{"self":[{"href":"https:\/\/www.simonssearchlight.org\/es\/wp-json\/wp\/v2\/pages\/18764"}],"collection":[{"href":"https:\/\/www.simonssearchlight.org\/es\/wp-json\/wp\/v2\/pages"}],"about":[{"href":"https:\/\/www.simonssearchlight.org\/es\/wp-json\/wp\/v2\/types\/page"}],"author":[{"embeddable":true,"href":"https:\/\/www.simonssearchlight.org\/es\/wp-json\/wp\/v2\/users\/13"}],"replies":[{"embeddable":true,"href":"https:\/\/www.simonssearchlight.org\/es\/wp-json\/wp\/v2\/comments?post=18764"}],"version-history":[{"count":3,"href":"https:\/\/www.simonssearchlight.org\/es\/wp-json\/wp\/v2\/pages\/18764\/revisions"}],"predecessor-version":[{"id":76314,"href":"https:\/\/www.simonssearchlight.org\/es\/wp-json\/wp\/v2\/pages\/18764\/revisions\/76314"}],"up":[{"embeddable":true,"href":"https:\/\/www.simonssearchlight.org\/es\/wp-json\/wp\/v2\/pages\/18254"}],"wp:attachment":[{"href":"https:\/\/www.simonssearchlight.org\/es\/wp-json\/wp\/v2\/media?parent=18764"}],"curies":[{"name":"wp","href":"https:\/\/api.w.org\/{rel}","templated":true}]}}