{"id":18720,"date":"2019-10-04T09:19:46","date_gmt":"2019-10-04T13:19:46","guid":{"rendered":"https:\/\/www.simonssearchlight.org\/proceso-de-investigacion\/trastornos-geneticos-que-estudiamos\/nrxn1\/"},"modified":"2026-04-06T12:57:43","modified_gmt":"2026-04-06T16:57:43","slug":"nrxn1","status":"publish","type":"page","link":"https:\/\/www.simonssearchlight.org\/es\/proceso-de-investigacion\/trastornos-geneticos-que-estudiamos\/nrxn1\/","title":{"rendered":"NRXN1"},"content":{"rendered":"<p>A continuaci\u00f3n se muestra un resumen para el <strong>trastorno relacionado con <span class=\"notranslate\">NRXN1<\/span><\/strong> o <strong>s\u00edndrome de deleci\u00f3n 2p16.<\/strong> 3 observado en publicaciones de investigaci\u00f3n. Esto no pretende sustituir el asesoramiento m\u00e9dico. <\/p>\n<p><a href=\"https:\/\/www.simonssearchlight.org\/es\/gene-guide\/sindrome-relacionado-con-nrxn1\/\" target=\"_blank\" rel=\"noopener\"><strong>Haz clic aqu\u00ed para ver nuestra gu\u00eda completa del gen NRXN1<\/strong><\/a><\/p>\n<p>La Gu\u00eda Gen\u00e9tica online incluye m\u00e1s informaci\u00f3n sobre el <span class=\"notranslate\">NRXN1<\/span>, como la probabilidad de tener otro hijo con esta afecci\u00f3n, los problemas de comportamiento y desarrollo relacionados con el s\u00edndrome <span class=\"notranslate\">NRXN1<\/span> o los especialistas a tener en cuenta para las personas con esta afecci\u00f3n. Comparta este recurso con los miembros de su familia o con sus proveedores cl\u00ednicos. <\/p>\n","protected":false},"excerpt":{"rendered":"<p>A continuaci\u00f3n se muestra un resumen para el trastorno relacionado con NRXN1 o s\u00edndrome de deleci\u00f3n 2p16. 3 observado en publicaciones de investigaci\u00f3n. Esto no pretende sustituir el asesoramiento m\u00e9dico. Haz clic aqu\u00ed para ver nuestra gu\u00eda completa del gen NRXN1 La Gu\u00eda Gen\u00e9tica online incluye m\u00e1s informaci\u00f3n sobre el NRXN1, como la probabilidad de [&hellip;]<\/p>\n","protected":false},"author":13,"featured_media":0,"parent":18254,"menu_order":0,"comment_status":"closed","ping_status":"closed","template":"page-gene-card.php","meta":{"_acf_changed":false,"_relevanssi_hide_post":"","_relevanssi_hide_content":"","_relevanssi_pin_for_all":"","_relevanssi_pin_keywords":"","_relevanssi_unpin_keywords":"","_relevanssi_related_keywords":"","_relevanssi_related_include_ids":"","_relevanssi_related_exclude_ids":"","_relevanssi_related_no_append":"","_relevanssi_related_not_related":"","_relevanssi_related_posts":"","_relevanssi_noindex_reason":"","footnotes":""},"acf":[],"_links":{"self":[{"href":"https:\/\/www.simonssearchlight.org\/es\/wp-json\/wp\/v2\/pages\/18720"}],"collection":[{"href":"https:\/\/www.simonssearchlight.org\/es\/wp-json\/wp\/v2\/pages"}],"about":[{"href":"https:\/\/www.simonssearchlight.org\/es\/wp-json\/wp\/v2\/types\/page"}],"author":[{"embeddable":true,"href":"https:\/\/www.simonssearchlight.org\/es\/wp-json\/wp\/v2\/users\/13"}],"replies":[{"embeddable":true,"href":"https:\/\/www.simonssearchlight.org\/es\/wp-json\/wp\/v2\/comments?post=18720"}],"version-history":[{"count":8,"href":"https:\/\/www.simonssearchlight.org\/es\/wp-json\/wp\/v2\/pages\/18720\/revisions"}],"predecessor-version":[{"id":78849,"href":"https:\/\/www.simonssearchlight.org\/es\/wp-json\/wp\/v2\/pages\/18720\/revisions\/78849"}],"up":[{"embeddable":true,"href":"https:\/\/www.simonssearchlight.org\/es\/wp-json\/wp\/v2\/pages\/18254"}],"wp:attachment":[{"href":"https:\/\/www.simonssearchlight.org\/es\/wp-json\/wp\/v2\/media?parent=18720"}],"curies":[{"name":"wp","href":"https:\/\/api.w.org\/{rel}","templated":true}]}}