{"id":18630,"date":"2019-09-24T14:39:31","date_gmt":"2019-09-24T18:39:31","guid":{"rendered":"https:\/\/www.simonssearchlight.org\/18630-2\/"},"modified":"2023-10-18T11:40:44","modified_gmt":"2023-10-18T15:40:44","slug":"18630-2","status":"publish","type":"page","link":"https:\/\/www.simonssearchlight.org\/es\/proceso-de-investigacion\/trastornos-geneticos-que-estudiamos\/dst\/18630-2\/","title":{"rendered":""},"content":{"rendered":"<h2><strong>Alteraciones gen\u00e9ticas de novo en ni\u00f1os con espectro autista<\/strong><\/h2>\n<p>Art\u00edculo de investigaci\u00f3n original de E.M. Iossifov <em>et al.<\/em> (2012).<\/p>\n<p>Lea el resumen <a href=\"https:\/\/www.nature.com\/articles\/mp2013127\">aqu\u00ed<\/a><\/p>\n<p>En este estudio, 343 familias de la Simons Simplex Collection de la Fundaci\u00f3n Simons, que tienen al menos un hijo con diagn\u00f3stico de autismo, fueron sometidas a pruebas de secuenciaci\u00f3n del exoma completo. El estudio identific\u00f3 entre 350 y 400 nuevos genes \u00abcandidatos\u00bb, incluido el DST, que pueden estar relacionados con rasgos del autismo. En una persona, que no lo hab\u00eda heredado de ninguno de sus progenitores (de novo), se detect\u00f3 un cambio que, seg\u00fan las predicciones, provocar\u00eda que el gen no funcionara correctamente.<\/p>\n<p>.<\/p>\n","protected":false},"excerpt":{"rendered":"<p>Alteraciones gen\u00e9ticas de novo en ni\u00f1os con espectro autista Art\u00edculo de investigaci\u00f3n original de E.M. Iossifov et al. (2012). Lea el resumen aqu\u00ed En este estudio, 343 familias de la Simons Simplex Collection de la Fundaci\u00f3n Simons, que tienen al menos un hijo con diagn\u00f3stico de autismo, fueron sometidas a pruebas de secuenciaci\u00f3n del exoma [&hellip;]<\/p>\n","protected":false},"author":13,"featured_media":0,"parent":77001,"menu_order":0,"comment_status":"closed","ping_status":"closed","template":"","meta":{"_acf_changed":false,"_relevanssi_hide_post":"","_relevanssi_hide_content":"","_relevanssi_pin_for_all":"","_relevanssi_pin_keywords":"","_relevanssi_unpin_keywords":"","_relevanssi_related_keywords":"","_relevanssi_related_include_ids":"","_relevanssi_related_exclude_ids":"","_relevanssi_related_no_append":"","_relevanssi_related_not_related":"","_relevanssi_related_posts":"","_relevanssi_noindex_reason":"","footnotes":""},"acf":[],"_links":{"self":[{"href":"https:\/\/www.simonssearchlight.org\/es\/wp-json\/wp\/v2\/pages\/18630"}],"collection":[{"href":"https:\/\/www.simonssearchlight.org\/es\/wp-json\/wp\/v2\/pages"}],"about":[{"href":"https:\/\/www.simonssearchlight.org\/es\/wp-json\/wp\/v2\/types\/page"}],"author":[{"embeddable":true,"href":"https:\/\/www.simonssearchlight.org\/es\/wp-json\/wp\/v2\/users\/13"}],"replies":[{"embeddable":true,"href":"https:\/\/www.simonssearchlight.org\/es\/wp-json\/wp\/v2\/comments?post=18630"}],"version-history":[{"count":1,"href":"https:\/\/www.simonssearchlight.org\/es\/wp-json\/wp\/v2\/pages\/18630\/revisions"}],"predecessor-version":[{"id":18634,"href":"https:\/\/www.simonssearchlight.org\/es\/wp-json\/wp\/v2\/pages\/18630\/revisions\/18634"}],"up":[{"embeddable":true,"href":"https:\/\/www.simonssearchlight.org\/es\/wp-json\/wp\/v2\/pages\/77001"}],"wp:attachment":[{"href":"https:\/\/www.simonssearchlight.org\/es\/wp-json\/wp\/v2\/media?parent=18630"}],"curies":[{"name":"wp","href":"https:\/\/api.w.org\/{rel}","templated":true}]}}