{"id":18623,"date":"2019-09-24T14:37:37","date_gmt":"2019-09-24T18:37:37","guid":{"rendered":"https:\/\/www.simonssearchlight.org\/18623-2\/"},"modified":"2023-10-18T11:40:44","modified_gmt":"2023-10-18T15:40:44","slug":"18623-2","status":"publish","type":"page","link":"https:\/\/www.simonssearchlight.org\/es\/proceso-de-investigacion\/trastornos-geneticos-que-estudiamos\/dst\/18623-2\/","title":{"rendered":""},"content":{"rendered":"<h1 style=\"text-align: left;\"><strong>Exceso de nuevas variantes raras de p\u00e9rdida de funci\u00f3n en genes sin\u00e1pticos en la esquizofrenia y los trastornos del espectro autista<\/strong><\/h1>\n<p>Art\u00edculo de investigaci\u00f3n original de E.M. Kenny <em>et al.<\/em> (2014).<\/p>\n<p>Lea el art\u00edculo <a href=\"https:\/\/www.nature.com\/articles\/mp2013127\">aqu\u00ed<\/a>.<\/p>\n<p>M\u00e1s de 400 personas con esquizofrenia y trastorno del espectro autista fueron sometidas a pruebas para detectar cambios en 215 posibles genes de riesgo. Se identificaron cambios gen\u00e9ticos en la DST en cuatro personas con autismo y cinco con esquizofrenia, pero tambi\u00e9n en tres personas sin diferencias sociales o de salud mental. Los autores de este estudio observan que no hay pruebas en la literatura que apoyen cambios raros en la DST en personas con esquizofrenia o autismo.<\/p>\n","protected":false},"excerpt":{"rendered":"<p>Exceso de nuevas variantes raras de p\u00e9rdida de funci\u00f3n en genes sin\u00e1pticos en la esquizofrenia y los trastornos del espectro autista Art\u00edculo de investigaci\u00f3n original de E.M. Kenny et al. (2014). Lea el art\u00edculo aqu\u00ed. M\u00e1s de 400 personas con esquizofrenia y trastorno del espectro autista fueron sometidas a pruebas para detectar cambios en 215 [&hellip;]<\/p>\n","protected":false},"author":13,"featured_media":0,"parent":77001,"menu_order":0,"comment_status":"closed","ping_status":"closed","template":"","meta":{"_acf_changed":false,"_relevanssi_hide_post":"","_relevanssi_hide_content":"","_relevanssi_pin_for_all":"","_relevanssi_pin_keywords":"","_relevanssi_unpin_keywords":"","_relevanssi_related_keywords":"","_relevanssi_related_include_ids":"","_relevanssi_related_exclude_ids":"","_relevanssi_related_no_append":"","_relevanssi_related_not_related":"","_relevanssi_related_posts":"","_relevanssi_noindex_reason":"","footnotes":""},"acf":[],"_links":{"self":[{"href":"https:\/\/www.simonssearchlight.org\/es\/wp-json\/wp\/v2\/pages\/18623"}],"collection":[{"href":"https:\/\/www.simonssearchlight.org\/es\/wp-json\/wp\/v2\/pages"}],"about":[{"href":"https:\/\/www.simonssearchlight.org\/es\/wp-json\/wp\/v2\/types\/page"}],"author":[{"embeddable":true,"href":"https:\/\/www.simonssearchlight.org\/es\/wp-json\/wp\/v2\/users\/13"}],"replies":[{"embeddable":true,"href":"https:\/\/www.simonssearchlight.org\/es\/wp-json\/wp\/v2\/comments?post=18623"}],"version-history":[{"count":1,"href":"https:\/\/www.simonssearchlight.org\/es\/wp-json\/wp\/v2\/pages\/18623\/revisions"}],"predecessor-version":[{"id":18627,"href":"https:\/\/www.simonssearchlight.org\/es\/wp-json\/wp\/v2\/pages\/18623\/revisions\/18627"}],"up":[{"embeddable":true,"href":"https:\/\/www.simonssearchlight.org\/es\/wp-json\/wp\/v2\/pages\/77001"}],"wp:attachment":[{"href":"https:\/\/www.simonssearchlight.org\/es\/wp-json\/wp\/v2\/media?parent=18623"}],"curies":[{"name":"wp","href":"https:\/\/api.w.org\/{rel}","templated":true}]}}