{"id":18587,"date":"2019-10-01T09:42:41","date_gmt":"2019-10-01T13:42:41","guid":{"rendered":"https:\/\/www.simonssearchlight.org\/comparta-su-historia-historias-anonimas\/"},"modified":"2023-10-18T11:40:42","modified_gmt":"2023-10-18T15:40:42","slug":"comparta-su-historia-historias-anonimas","status":"publish","type":"page","link":"https:\/\/www.simonssearchlight.org\/es\/comparta-su-historia-historias-anonimas\/","title":{"rendered":"Comparta su historia &#8211; Historias an\u00f3nimas"},"content":{"rendered":"<p>Las siguientes historias se enviaron sin nombres ni informaci\u00f3n sobre el diagn\u00f3stico gen\u00e9tico. Si has enviado tu historia d\u00e1ndonos permiso para incluir el diagn\u00f3stico gen\u00e9tico, tu historia se publica en la p\u00e1gina que hemos creado espec\u00edficamente para ese gen. <a href=\"https:\/\/www.simonssearchlight.org\/es\/proceso-de-investigacion\/trastornos-geneticos-que-estudiamos\/\">Aqu\u00ed<\/a> encontrar\u00e1 enlaces a estas p\u00e1ginas.<\/p>\n<h3>Historias an\u00f3nimas:<\/h3>\n<ul>\n<li><a href=\"https:\/\/www.simonssearchlight.org\/es\/comparta-su-historia-historias-anonimas\/historia-anonima-no-1\/\">Relato an\u00f3nimo n\u00ba 1<\/a><\/li>\n<li><a href=\"https:\/\/www.simonssearchlight.org\/es\/comparta-su-historia-historias-anonimas\/historia-anonima-no-2\/\">Historia an\u00f3nima n\u00ba 2<\/a><\/li>\n<li><a href=\"https:\/\/www.simonssearchlight.org\/es\/comparta-su-historia-historias-anonimas\/historia-anonima-no-3\/\">Historia an\u00f3nima n\u00ba 3  <\/a><\/li>\n<li><a href=\"https:\/\/www.simonssearchlight.org\/es\/comparta-su-historia-historias-anonimas\/historia-anonima-no-4\/\">Cuento an\u00f3nimo n\u00ba 4<\/a><\/li>\n<li><a href=\"https:\/\/www.simonssearchlight.org\/es\/comparta-su-historia-historias-anonimas\/historia-anonima-no-5\/\">Historia an\u00f3nima n\u00ba 5<\/a><\/li>\n<li><a href=\"https:\/\/www.simonssearchlight.org\/es\/comparta-su-historia-historias-anonimas\/historia-anonima-no-6\/\">Historia an\u00f3nima n\u00ba 6<\/a><\/li>\n<li><a href=\"https:\/\/www.simonssearchlight.org\/es\/comparta-su-historia-historias-anonimas\/historia-anonima-no-7\/\">Relato an\u00f3nimo n\u00ba 7<\/a><\/li>\n<li><a href=\"https:\/\/www.simonssearchlight.org\/es\/comparta-su-historia-historias-anonimas\/historia-anonima-no-8\/\">Historia an\u00f3nima n\u00ba 8<\/a><\/li>\n<\/ul>\n","protected":false},"excerpt":{"rendered":"<p>Las siguientes historias se enviaron sin nombres ni informaci\u00f3n sobre el diagn\u00f3stico gen\u00e9tico. Si has enviado tu historia d\u00e1ndonos permiso para incluir el diagn\u00f3stico gen\u00e9tico, tu historia se publica en la p\u00e1gina que hemos creado espec\u00edficamente para ese gen. Aqu\u00ed encontrar\u00e1 enlaces a estas p\u00e1ginas. Historias an\u00f3nimas: Relato an\u00f3nimo n\u00ba 1 Historia an\u00f3nima n\u00ba 2 [&hellip;]<\/p>\n","protected":false},"author":6,"featured_media":0,"parent":0,"menu_order":0,"comment_status":"closed","ping_status":"closed","template":"","meta":{"_acf_changed":false,"_relevanssi_hide_post":"","_relevanssi_hide_content":"","_relevanssi_pin_for_all":"","_relevanssi_pin_keywords":"","_relevanssi_unpin_keywords":"","_relevanssi_related_keywords":"","_relevanssi_related_include_ids":"","_relevanssi_related_exclude_ids":"","_relevanssi_related_no_append":"","_relevanssi_related_not_related":"","_relevanssi_related_posts":"","_relevanssi_noindex_reason":"","footnotes":""},"acf":[],"_links":{"self":[{"href":"https:\/\/www.simonssearchlight.org\/es\/wp-json\/wp\/v2\/pages\/18587"}],"collection":[{"href":"https:\/\/www.simonssearchlight.org\/es\/wp-json\/wp\/v2\/pages"}],"about":[{"href":"https:\/\/www.simonssearchlight.org\/es\/wp-json\/wp\/v2\/types\/page"}],"author":[{"embeddable":true,"href":"https:\/\/www.simonssearchlight.org\/es\/wp-json\/wp\/v2\/users\/6"}],"replies":[{"embeddable":true,"href":"https:\/\/www.simonssearchlight.org\/es\/wp-json\/wp\/v2\/comments?post=18587"}],"version-history":[{"count":1,"href":"https:\/\/www.simonssearchlight.org\/es\/wp-json\/wp\/v2\/pages\/18587\/revisions"}],"predecessor-version":[{"id":18591,"href":"https:\/\/www.simonssearchlight.org\/es\/wp-json\/wp\/v2\/pages\/18587\/revisions\/18591"}],"wp:attachment":[{"href":"https:\/\/www.simonssearchlight.org\/es\/wp-json\/wp\/v2\/media?parent=18587"}],"curies":[{"name":"wp","href":"https:\/\/api.w.org\/{rel}","templated":true}]}}