{"id":18568,"date":"2019-06-19T13:38:17","date_gmt":"2019-06-19T17:38:17","guid":{"rendered":"https:\/\/www.simonssearchlight.org\/historia-anonima-no-6\/"},"modified":"2023-10-18T11:40:41","modified_gmt":"2023-10-18T15:40:41","slug":"historia-anonima-no-6","status":"publish","type":"page","link":"https:\/\/www.simonssearchlight.org\/es\/comparta-su-historia-historias-anonimas\/historia-anonima-no-6\/","title":{"rendered":"Historia an\u00f3nima n\u00ba 6"},"content":{"rendered":"<h3 style=\"text-align: center;\">Por: Denise, madre de 13 y 18 a\u00f1os con una alteraci\u00f3n gen\u00e9tica<\/h3>\n<h3>\u00bfC\u00f3mo es la relaci\u00f3n de su hijo con sus hermanos?<\/h3>\n<p>Cari\u00f1osa, divertida, tonta, a veces vacilante hacia la maldad.<\/p>\n<h3>\u00bfQu\u00e9 hace su familia para divertirse?<\/h3>\n<p>Pel\u00edculas y juegos.<\/p>\n<h3>\u00bfQu\u00e9 le hace sonre\u00edr su hijo?<\/h3>\n<p>Abrazos.<\/p>\n<h3>\u00bfQu\u00e9 le motiva a participar en la investigaci\u00f3n?<\/h3>\n<p>M\u00e1s respuestas.<\/p>\n<h3>\u00bfC\u00f3mo cree que est\u00e1 influyendo en nuestra comprensi\u00f3n de los cambios gen\u00e9ticos que se estudian en <span class=\"notranslate\">Simons Searchlight<\/span> (16p11.2, 1q21.1 o cambios en un solo gen)?<\/h3>\n<p>Me gustar\u00eda ayudar a otros ni\u00f1os afectados por convulsiones.<\/p>\n<h3>\u00bfQu\u00e9 ha aprendido de otras familias sobre la enfermedad de su hijo?<\/h3>\n<p>No mucho hasta ahora.<\/p>\n<h3>Si pudiera dar un consejo a alguien a quien le hayan diagnosticado recientemente el cambio gen\u00e9tico en su familia, \u00bfcu\u00e1l ser\u00eda?<\/h3>\n<p>\u00abAerodin\u00e1micamente, el abejorro no deber\u00eda poder volar, pero el abejorro no lo sabe, as\u00ed que sigue volando de todos modos\u00bb. ~Mary Kay Ash<\/p>\n<h3>\u00bfQu\u00e9 pregunta le gustar\u00eda que los investigadores pudieran responder sobre el cambio gen\u00e9tico de su hijo?<\/h3>\n<p>Convulsiones, m\u00e1s sobre las convulsiones refractarias.<\/p>\n<p>&nbsp;<\/p>\n","protected":false},"excerpt":{"rendered":"<p>Por: Denise, madre de 13 y 18 a\u00f1os con una alteraci\u00f3n gen\u00e9tica \u00bfC\u00f3mo es la relaci\u00f3n de su hijo con sus hermanos? Cari\u00f1osa, divertida, tonta, a veces vacilante hacia la maldad. \u00bfQu\u00e9 hace su familia para divertirse? Pel\u00edculas y juegos. \u00bfQu\u00e9 le hace sonre\u00edr su hijo? Abrazos. \u00bfQu\u00e9 le motiva a participar en la investigaci\u00f3n? [&hellip;]<\/p>\n","protected":false},"author":13,"featured_media":0,"parent":18587,"menu_order":0,"comment_status":"closed","ping_status":"closed","template":"","meta":{"_acf_changed":false,"_relevanssi_hide_post":"","_relevanssi_hide_content":"","_relevanssi_pin_for_all":"","_relevanssi_pin_keywords":"","_relevanssi_unpin_keywords":"","_relevanssi_related_keywords":"","_relevanssi_related_include_ids":"","_relevanssi_related_exclude_ids":"","_relevanssi_related_no_append":"","_relevanssi_related_not_related":"","_relevanssi_related_posts":"","_relevanssi_noindex_reason":"","footnotes":""},"acf":[],"_links":{"self":[{"href":"https:\/\/www.simonssearchlight.org\/es\/wp-json\/wp\/v2\/pages\/18568"}],"collection":[{"href":"https:\/\/www.simonssearchlight.org\/es\/wp-json\/wp\/v2\/pages"}],"about":[{"href":"https:\/\/www.simonssearchlight.org\/es\/wp-json\/wp\/v2\/types\/page"}],"author":[{"embeddable":true,"href":"https:\/\/www.simonssearchlight.org\/es\/wp-json\/wp\/v2\/users\/13"}],"replies":[{"embeddable":true,"href":"https:\/\/www.simonssearchlight.org\/es\/wp-json\/wp\/v2\/comments?post=18568"}],"version-history":[{"count":1,"href":"https:\/\/www.simonssearchlight.org\/es\/wp-json\/wp\/v2\/pages\/18568\/revisions"}],"predecessor-version":[{"id":18574,"href":"https:\/\/www.simonssearchlight.org\/es\/wp-json\/wp\/v2\/pages\/18568\/revisions\/18574"}],"up":[{"embeddable":true,"href":"https:\/\/www.simonssearchlight.org\/es\/wp-json\/wp\/v2\/pages\/18587"}],"wp:attachment":[{"href":"https:\/\/www.simonssearchlight.org\/es\/wp-json\/wp\/v2\/media?parent=18568"}],"curies":[{"name":"wp","href":"https:\/\/api.w.org\/{rel}","templated":true}]}}