{"id":18502,"date":"2019-06-05T11:22:00","date_gmt":"2019-06-05T15:22:00","guid":{"rendered":"https:\/\/www.simonssearchlight.org\/historia-anonima-no-5\/"},"modified":"2023-10-18T11:39:47","modified_gmt":"2023-10-18T15:39:47","slug":"historia-anonima-no-5","status":"publish","type":"page","link":"https:\/\/www.simonssearchlight.org\/es\/comparta-su-historia-historias-anonimas\/historia-anonima-no-5\/","title":{"rendered":"Historia an\u00f3nima n\u00ba 5"},"content":{"rendered":"<h3 style=\"text-align: center;\">Por: Tracey, madre de 2 ni\u00f1os con una rara alteraci\u00f3n gen\u00e9tica<\/h3>\n<p style=\"padding-left: 30px;\"><em>\u00ab\u00a1Vive tu vida como si este borrado no existiera! S\u00ed tenlo todo controlado, \u00a1pero no dejes que consuma lo que realmente eres!\u00bb.<\/em><\/p>\n<h3>\u00bfC\u00f3mo es la relaci\u00f3n de su hijo con sus hermanos?<\/h3>\n<p>Bien<\/p>\n<h3>\u00bfQu\u00e9 hace su familia para divertirse?<\/h3>\n<p>Pasar tiempo juntos<\/p>\n<h3>H\u00e1blenos de la mayor dificultad a la que se enfrenta su familia.<\/h3>\n<p>Problemas de comportamiento con nuestros dos hijos con la deleci\u00f3n.<\/p>\n<h3>\u00bfQu\u00e9 le hace sonre\u00edr su hijo?<\/h3>\n<p>\u00a1Las bromas m\u00e1s divertidas y ser tonto!<\/p>\n<h3>\u00bfQu\u00e9 le motiva a participar en la investigaci\u00f3n?<\/h3>\n<p>Para saber m\u00e1s y ayudar a los dem\u00e1s.<\/p>\n<h3>\u00bfQu\u00e9 ha aprendido de otras familias sobre la enfermedad de su hijo?<\/h3>\n<p>Muy poco<\/p>\n<h3>Si pudiera dar un consejo a alguien a quien le hayan diagnosticado recientemente el cambio gen\u00e9tico en su familia, \u00bfcu\u00e1l ser\u00eda?<\/h3>\n<p>\u00a1Vive tu vida como si este borrado no existiera! S\u00ed, compru\u00e9balo todo, \u00a1pero no dejes que consuma lo que realmente eres!<\/p>\n<h3>\u00bfQu\u00e9 pregunta le gustar\u00eda que los investigadores pudieran responder sobre el cambio gen\u00e9tico de su hijo?<\/h3>\n<p>\u00bfA qu\u00e9 TODOS afecta esto?<\/p>\n","protected":false},"excerpt":{"rendered":"<p>Por: Tracey, madre de 2 ni\u00f1os con una rara alteraci\u00f3n gen\u00e9tica \u00ab\u00a1Vive tu vida como si este borrado no existiera! S\u00ed tenlo todo controlado, \u00a1pero no dejes que consuma lo que realmente eres!\u00bb. \u00bfC\u00f3mo es la relaci\u00f3n de su hijo con sus hermanos? Bien \u00bfQu\u00e9 hace su familia para divertirse? Pasar tiempo juntos H\u00e1blenos de [&hellip;]<\/p>\n","protected":false},"author":25,"featured_media":0,"parent":18587,"menu_order":0,"comment_status":"closed","ping_status":"closed","template":"","meta":{"_acf_changed":false,"_relevanssi_hide_post":"","_relevanssi_hide_content":"","_relevanssi_pin_for_all":"","_relevanssi_pin_keywords":"","_relevanssi_unpin_keywords":"","_relevanssi_related_keywords":"","_relevanssi_related_include_ids":"","_relevanssi_related_exclude_ids":"","_relevanssi_related_no_append":"","_relevanssi_related_not_related":"","_relevanssi_related_posts":"","_relevanssi_noindex_reason":"","footnotes":""},"acf":[],"_links":{"self":[{"href":"https:\/\/www.simonssearchlight.org\/es\/wp-json\/wp\/v2\/pages\/18502"}],"collection":[{"href":"https:\/\/www.simonssearchlight.org\/es\/wp-json\/wp\/v2\/pages"}],"about":[{"href":"https:\/\/www.simonssearchlight.org\/es\/wp-json\/wp\/v2\/types\/page"}],"author":[{"embeddable":true,"href":"https:\/\/www.simonssearchlight.org\/es\/wp-json\/wp\/v2\/users\/25"}],"replies":[{"embeddable":true,"href":"https:\/\/www.simonssearchlight.org\/es\/wp-json\/wp\/v2\/comments?post=18502"}],"version-history":[{"count":1,"href":"https:\/\/www.simonssearchlight.org\/es\/wp-json\/wp\/v2\/pages\/18502\/revisions"}],"predecessor-version":[{"id":18505,"href":"https:\/\/www.simonssearchlight.org\/es\/wp-json\/wp\/v2\/pages\/18502\/revisions\/18505"}],"up":[{"embeddable":true,"href":"https:\/\/www.simonssearchlight.org\/es\/wp-json\/wp\/v2\/pages\/18587"}],"wp:attachment":[{"href":"https:\/\/www.simonssearchlight.org\/es\/wp-json\/wp\/v2\/media?parent=18502"}],"curies":[{"name":"wp","href":"https:\/\/api.w.org\/{rel}","templated":true}]}}