{"id":18425,"date":"2019-05-29T13:57:04","date_gmt":"2019-05-29T17:57:04","guid":{"rendered":"https:\/\/www.simonssearchlight.org\/historia-anonima-no-4\/"},"modified":"2023-10-18T11:39:08","modified_gmt":"2023-10-18T15:39:08","slug":"historia-anonima-no-4","status":"publish","type":"page","link":"https:\/\/www.simonssearchlight.org\/es\/comparta-su-historia-historias-anonimas\/historia-anonima-no-4\/","title":{"rendered":"Historia an\u00f3nima n\u00ba 4"},"content":{"rendered":"<h3 style=\"text-align: center;\">Por: el padre de un joven de 17 a\u00f1os con una rara alteraci\u00f3n gen\u00e9tica<\/h3>\n<p style=\"padding-left: 30px; text-align: center;\"><em>\u00abConsigue toda la ayuda y el apoyo que puedas\u00bb<\/em><\/p>\n<h3>\u00bfC\u00f3mo es la relaci\u00f3n de su hijo con sus hermanos?<\/h3>\n<p>Bien<\/p>\n<h3>\u00bfQu\u00e9 hace su familia para divertirse?<\/h3>\n<p>Deportes<\/p>\n<h3>H\u00e1blenos de la mayor dificultad a la que se enfrenta su familia.<\/h3>\n<p>Preocupados por el futuro de nuestro hijo<\/p>\n<h3>\u00bfQu\u00e9 le hace sonre\u00edr su hijo?<\/h3>\n<p>Su sentido del humor y su honestidad<\/p>\n<h3>\u00bfQu\u00e9 le motiva a participar en la investigaci\u00f3n?<\/h3>\n<p>Para saber m\u00e1s<\/p>\n<h3>\u00bfQu\u00e9 ha aprendido de otras familias sobre la enfermedad de su hijo?<\/h3>\n<p>S\u00edntomas comunes<\/p>\n<h3>Si pudiera dar un consejo a alguien a quien le hayan diagnosticado recientemente el cambio gen\u00e9tico en su familia, \u00bfcu\u00e1l ser\u00eda?<\/h3>\n<p>Consigue toda la ayuda y el apoyo que puedas<\/p>\n<h3>\u00bfQu\u00e9 pregunta le gustar\u00eda que los investigadores pudieran responder sobre el cambio gen\u00e9tico de su hijo?<\/h3>\n<p>Problemas futuros<\/p>\n<h3>\u00bfHay algo m\u00e1s que le gustar\u00eda compartir con otras familias?<\/h3>\n<p>Tiene problemas de vejiga<\/p>\n","protected":false},"excerpt":{"rendered":"<p>Por: el padre de un joven de 17 a\u00f1os con una rara alteraci\u00f3n gen\u00e9tica \u00abConsigue toda la ayuda y el apoyo que puedas\u00bb \u00bfC\u00f3mo es la relaci\u00f3n de su hijo con sus hermanos? Bien \u00bfQu\u00e9 hace su familia para divertirse? Deportes H\u00e1blenos de la mayor dificultad a la que se enfrenta su familia. Preocupados por [&hellip;]<\/p>\n","protected":false},"author":25,"featured_media":0,"parent":18587,"menu_order":0,"comment_status":"closed","ping_status":"closed","template":"","meta":{"_acf_changed":false,"_relevanssi_hide_post":"","_relevanssi_hide_content":"","_relevanssi_pin_for_all":"","_relevanssi_pin_keywords":"","_relevanssi_unpin_keywords":"","_relevanssi_related_keywords":"","_relevanssi_related_include_ids":"","_relevanssi_related_exclude_ids":"","_relevanssi_related_no_append":"","_relevanssi_related_not_related":"","_relevanssi_related_posts":"","_relevanssi_noindex_reason":"","footnotes":""},"acf":[],"_links":{"self":[{"href":"https:\/\/www.simonssearchlight.org\/es\/wp-json\/wp\/v2\/pages\/18425"}],"collection":[{"href":"https:\/\/www.simonssearchlight.org\/es\/wp-json\/wp\/v2\/pages"}],"about":[{"href":"https:\/\/www.simonssearchlight.org\/es\/wp-json\/wp\/v2\/types\/page"}],"author":[{"embeddable":true,"href":"https:\/\/www.simonssearchlight.org\/es\/wp-json\/wp\/v2\/users\/25"}],"replies":[{"embeddable":true,"href":"https:\/\/www.simonssearchlight.org\/es\/wp-json\/wp\/v2\/comments?post=18425"}],"version-history":[{"count":1,"href":"https:\/\/www.simonssearchlight.org\/es\/wp-json\/wp\/v2\/pages\/18425\/revisions"}],"predecessor-version":[{"id":18430,"href":"https:\/\/www.simonssearchlight.org\/es\/wp-json\/wp\/v2\/pages\/18425\/revisions\/18430"}],"up":[{"embeddable":true,"href":"https:\/\/www.simonssearchlight.org\/es\/wp-json\/wp\/v2\/pages\/18587"}],"wp:attachment":[{"href":"https:\/\/www.simonssearchlight.org\/es\/wp-json\/wp\/v2\/media?parent=18425"}],"curies":[{"name":"wp","href":"https:\/\/api.w.org\/{rel}","templated":true}]}}