{"id":18422,"date":"2019-05-29T13:50:24","date_gmt":"2019-05-29T17:50:24","guid":{"rendered":"https:\/\/www.simonssearchlight.org\/historia-anonima-no-2\/"},"modified":"2023-10-18T11:39:08","modified_gmt":"2023-10-18T15:39:08","slug":"historia-anonima-no-2","status":"publish","type":"page","link":"https:\/\/www.simonssearchlight.org\/es\/comparta-su-historia-historias-anonimas\/historia-anonima-no-2\/","title":{"rendered":"Historia an\u00f3nima n\u00ba 2"},"content":{"rendered":"<h3 style=\"text-align: center;\">Por: An\u00f3nimo<\/h3>\n<h3>\u00bfC\u00f3mo es la relaci\u00f3n de su hijo con sus hermanos?<\/h3>\n<p>Bien. Le gusta jugar con sus hermanos.<\/p>\n<h3>\u00bfQu\u00e9 hace su familia para divertirse?<\/h3>\n<p>Paseos por la naturaleza, playa, piscina, parque<\/p>\n<h3>H\u00e1blenos de la mayor dificultad a la que se enfrenta su familia.<\/h3>\n<p>Mi hija se pone en peligro constantemente. No entiende de peligros y no tiene miedo. No habla, por lo que es dif\u00edcil entenderla. Nos preocupa el futuro.<\/p>\n<h3>\u00bfQu\u00e9 le hace sonre\u00edr su hijo?<\/h3>\n<p>Es cari\u00f1osa con la gente que conoce. Siempre est\u00e1 contenta. Me alegro cuando entiende algo.<\/p>\n<h3>\u00bfQu\u00e9 le motiva a participar en la investigaci\u00f3n?<\/h3>\n<p>Me gustar\u00eda encontrar cualquier cosa que pueda ayudar a mi hija, aunque sea un poco.<\/p>\n<h3>\u00bfC\u00f3mo cree que est\u00e1 influyendo en nuestra comprensi\u00f3n de los cambios gen\u00e9ticos que se estudian en <span class=\"notranslate\">Simons Searchlight<\/span> (16p11.2, 1q21.1 o cambios en un solo gen)?<\/h3>\n<p>Quiz\u00e1 sea un caso \u00fanico.<\/p>\n<h3>\u00bfQu\u00e9 ha aprendido de otras familias sobre la enfermedad de su hijo?<\/h3>\n<p>He aprendido que muchos de sus rasgos son comunes a otros ni\u00f1os, y otros no. He recibido muchos consejos.<\/p>\n<h3>Si pudiera dar un consejo a alguien a quien le hayan diagnosticado recientemente el cambio gen\u00e9tico en su familia, \u00bfcu\u00e1l ser\u00eda?<\/h3>\n<p>Acude a logopedia y compra una tableta con aplicaci\u00f3n de CAA para ayudar a tu hijo a comunicarse.<\/p>\n<h3>\u00bfQu\u00e9 pregunta le gustar\u00eda que los investigadores pudieran responder sobre el cambio gen\u00e9tico de su hijo?<\/h3>\n<p>C\u00f3mo podemos ayudar a mitigar sus problemas\/dificultades.<\/p>\n","protected":false},"excerpt":{"rendered":"<p>Por: An\u00f3nimo \u00bfC\u00f3mo es la relaci\u00f3n de su hijo con sus hermanos? Bien. Le gusta jugar con sus hermanos. \u00bfQu\u00e9 hace su familia para divertirse? Paseos por la naturaleza, playa, piscina, parque H\u00e1blenos de la mayor dificultad a la que se enfrenta su familia. Mi hija se pone en peligro constantemente. No entiende de peligros [&hellip;]<\/p>\n","protected":false},"author":25,"featured_media":0,"parent":18587,"menu_order":0,"comment_status":"closed","ping_status":"closed","template":"","meta":{"_acf_changed":false,"_relevanssi_hide_post":"","_relevanssi_hide_content":"","_relevanssi_pin_for_all":"","_relevanssi_pin_keywords":"","_relevanssi_unpin_keywords":"","_relevanssi_related_keywords":"","_relevanssi_related_include_ids":"","_relevanssi_related_exclude_ids":"","_relevanssi_related_no_append":"","_relevanssi_related_not_related":"","_relevanssi_related_posts":"","_relevanssi_noindex_reason":"","footnotes":""},"acf":[],"_links":{"self":[{"href":"https:\/\/www.simonssearchlight.org\/es\/wp-json\/wp\/v2\/pages\/18422"}],"collection":[{"href":"https:\/\/www.simonssearchlight.org\/es\/wp-json\/wp\/v2\/pages"}],"about":[{"href":"https:\/\/www.simonssearchlight.org\/es\/wp-json\/wp\/v2\/types\/page"}],"author":[{"embeddable":true,"href":"https:\/\/www.simonssearchlight.org\/es\/wp-json\/wp\/v2\/users\/25"}],"replies":[{"embeddable":true,"href":"https:\/\/www.simonssearchlight.org\/es\/wp-json\/wp\/v2\/comments?post=18422"}],"version-history":[{"count":1,"href":"https:\/\/www.simonssearchlight.org\/es\/wp-json\/wp\/v2\/pages\/18422\/revisions"}],"predecessor-version":[{"id":18427,"href":"https:\/\/www.simonssearchlight.org\/es\/wp-json\/wp\/v2\/pages\/18422\/revisions\/18427"}],"up":[{"embeddable":true,"href":"https:\/\/www.simonssearchlight.org\/es\/wp-json\/wp\/v2\/pages\/18587"}],"wp:attachment":[{"href":"https:\/\/www.simonssearchlight.org\/es\/wp-json\/wp\/v2\/media?parent=18422"}],"curies":[{"name":"wp","href":"https:\/\/api.w.org\/{rel}","templated":true}]}}