{"id":18330,"date":"2019-05-14T13:17:05","date_gmt":"2019-05-14T17:17:05","guid":{"rendered":"https:\/\/www.simonssearchlight.org\/condiciones-generales\/"},"modified":"2023-10-18T11:39:03","modified_gmt":"2023-10-18T15:39:03","slug":"condiciones-generales","status":"publish","type":"page","link":"https:\/\/www.simonssearchlight.org\/es\/condiciones-generales\/","title":{"rendered":"Condiciones generales"},"content":{"rendered":"<p><strong>Condiciones de uso de <span class=\"notranslate\">Simons Searchlight<\/span><\/strong><\/p>\n<p>Al utilizar el portal web de <span class=\"notranslate\">Simons Searchlight<\/span>, usted declara haber le\u00eddo, comprendido y estar de acuerdo con las presentes Condiciones de uso. Nos reservamos el derecho a modificar estas condiciones en cualquier momento, a nuestra entera discreci\u00f3n y sin previo aviso. Todas las modificaciones de estas Condiciones de uso se publicar\u00e1n en el portal web. Le recomendamos que revise peri\u00f3dicamente las Condiciones de uso del portal web para comprobar si se han producido actualizaciones o cambios. Su uso continuado de nuestro portal web indica que est\u00e1 de acuerdo con estas modificaciones. Si no est\u00e1 de acuerdo con estas Condiciones de uso, no nos facilite ninguna informaci\u00f3n personal y abst\u00e9ngase de utilizar nuestro portal.<\/p>\n<p><strong>Uso del sitio y descripci\u00f3n del servicio<\/strong><\/p>\n<p><span class=\"notranslate\">Simons Searchlight<\/span> es una comunidad en l\u00ednea que apoya a las familias con cambios gen\u00e9ticos raros (tambi\u00e9n denominados \u00abvariantes gen\u00f3micas\u00bb) asociados a rasgos de autismo y retraso del desarrollo. Proporcionamos acceso a recursos, informaci\u00f3n y apoyo familiar. El objetivo del portal web <span class=\"notranslate\">Simons Searchlight<\/span> es permitir a particulares, familias y proveedores de servicios m\u00e9dicos y de investigaci\u00f3n registrar determinada informaci\u00f3n en la base de datos de registro del sitio web. La informaci\u00f3n proporcionada por el solicitante durante el registro se mantiene en una base de datos segura y nunca se compartir\u00e1 sin su consentimiento expreso.<\/p>\n<p>El portal web de <span class=\"notranslate\">Simons Searchlight<\/span> incluir\u00e1 una serie de caracter\u00edsticas y funciones, tales como<\/p>\n<ul>\n<li>la posibilidad de buscar y leer art\u00edculos de noticias y de opini\u00f3n originales y reproducidos,<\/li>\n<li>la posibilidad de ver v\u00eddeos informativos;<\/li>\n<li>la posibilidad de participar en seminarios web;<\/li>\n<li>la capacidad de buscar, leer y participar en investigaciones con sujetos humanos;<\/li>\n<li>la posibilidad de emparejar a los participantes, en funci\u00f3n de los datos que introduzcan, con contenidos, comunidades y estudios;<\/li>\n<li>la posibilidad de ver datos agregados sobre las comunidades de participantes en la investigaci\u00f3n;<\/li>\n<li>la posibilidad de cargar y organizar los historiales m\u00e9dicos relacionados; y<\/li>\n<li>la capacidad de documentar antecedentes familiares de afecciones m\u00e9dicas.<\/li>\n<\/ul>\n<p>El portal web de <span class=\"notranslate\">Simons Searchlight<\/span> no est\u00e1 destinado a menores de 18 a\u00f1os. Usted afirma que tiene 18 a\u00f1os o m\u00e1s, que es un menor emancipado o que cuenta con el consentimiento legal de sus padres o tutores; que es plenamente capaz y competente para aceptar los t\u00e9rminos, condiciones, obligaciones, afirmaciones, declaraciones y garant\u00edas establecidas en estas Condiciones de uso; que, por lo dem\u00e1s, es capaz de celebrar acuerdos legalmente vinculantes en virtud de la legislaci\u00f3n aplicable; y que acepta acatar y cumplir estas Condiciones de uso.<\/p>\n<p>El uso y acceso al portal web se pone a su disposici\u00f3n \u00fanicamente para su uso personal y no comercial. Puede hacer una copia de cualquier parte del portal web en cualquier soporte para su uso personal y no comercial, pero debe obtener nuestro consentimiento previo para hacer copias adicionales, distribuir dichas copias adicionales o mostrar p\u00fablicamente cualquier informaci\u00f3n proporcionada en el portal web. Adem\u00e1s, su uso continuado del portal web est\u00e1 condicionado al cumplimiento de estas Condiciones de uso.<\/p>\n<p>Usted entiende que al utilizar el sitio, puede estar expuesto a contenidos que pueden incluir errores t\u00e9cnicos, tipogr\u00e1ficos, cient\u00edficos o fotogr\u00e1ficos o que pueden ser ofensivos, indecentes o censurables. Si encuentra informaci\u00f3n o contenidos inexactos, desactualizados o incompletos en este sitio web, o si sospecha que alg\u00fan contenido publicado en este sitio constituye una infracci\u00f3n de los derechos de propiedad intelectual de terceros o es ilegal por cualquier otro motivo, le rogamos que nos lo comunique inmediatamente poni\u00e9ndose en contacto con <a href=\"mailto:coordinator@simonssearchlight.org\">coordinator@simonssearchlight.org.<\/a> Tomaremos las medidas razonables para revisar e investigar todas las consultas, y nos reservamos el derecho a tomar las medidas (o abstenernos de tomarlas) que consideremos oportunas dadas las circunstancias.<\/p>\n<p><span class=\"notranslate\">Simons Searchlight<\/span> se dedica a hacer avanzar la ciencia de los cambios gen\u00e9ticos relacionados con el autismo. Somos una asociaci\u00f3n de destacados cient\u00edficos, investigadores y familias. Creemos que la \u00fanica forma de lograr avances significativos es hacerlo juntos. Al mismo tiempo, reconocemos que pueden existir m\u00faltiples organizaciones para apoyar una \u00fanica afecci\u00f3n gen\u00e9tica. Estas organizaciones pueden tener car\u00e1cter oficial sin \u00e1nimo de lucro o ser simplemente una comunidad de familias que han conectado a trav\u00e9s de las redes sociales. <span class=\"notranslate\">Simons Searchlight<\/span> valora y fomenta la colaboraci\u00f3n, la transparencia y el intercambio abierto de informaci\u00f3n entre las partes interesadas y da prioridad a trabajar con grupos que compartan estos mismos valores. Trabajamos como parte neutral con las organizaciones y nuestro objetivo es proporcionar informaci\u00f3n inclusiva, recursos y oportunidades de investigaci\u00f3n a toda la comunidad.<\/p>\n<p>&nbsp;<\/p>\n<p>Todos los contenidos producidos por <span class=\"notranslate\">Simons Searchlight<\/span> son propiedad y est\u00e1n gestionados por la Fundaci\u00f3n Simons. Si sospechamos que una persona u organizaci\u00f3n trabaja de mala fe o con fines contrarios a la misi\u00f3n de <span class=\"notranslate\">Simons Searchlight<\/span>, nos reservamos el derecho a solicitar la eliminaci\u00f3n del contenido de <span class=\"notranslate\">Simons Searchlight<\/span> del sitio web y de las redes sociales de dicha persona u organizaci\u00f3n.<\/p>\n<p><strong>No es un consejo m\u00e9dico<\/strong><\/p>\n<p>El contenido de este sitio y cualquier comunicaci\u00f3n con el equipo de <span class=\"notranslate\">Simons Searchlight<\/span> a trav\u00e9s del sitio web no pretenden constituir ni constituyen asesoramiento m\u00e9dico, y no se establece ninguna relaci\u00f3n m\u00e9dico-paciente. <span class=\"notranslate\">Simons Searchlight<\/span> y la Fundaci\u00f3n Simons no asumen responsabilidad alguna por el contenido del sitio web ni por las consecuencias de cualquier acci\u00f3n realizada sobre la base de la informaci\u00f3n proporcionada. No se garantiza la exactitud, integridad, adecuaci\u00f3n o actualidad de los contenidos. El uso de la informaci\u00f3n contenida en el sitio o de los materiales enlazados desde \u00e9l corre por cuenta y riesgo del usuario. Los contenidos del sitio -tales como textos, gr\u00e1ficos, im\u00e1genes y otros materiales- son meramente informativos. El contenido no pretende sustituir el consejo, diagn\u00f3stico o tratamiento m\u00e9dico profesional. Los usuarios siempre deben buscar el consejo de m\u00e9dicos u otros proveedores de salud calificados para cualquier pregunta relacionada con una condici\u00f3n m\u00e9dica. Los usuarios nunca deben desatender el consejo m\u00e9dico profesional ni demorarse en buscarlo por algo que aparezca en el sitio. El sitio no recomienda ni respalda ninguna prueba, producto, procedimiento, opini\u00f3n u otra informaci\u00f3n espec\u00edfica que pueda mencionarse en \u00e9l.<\/p>\n<p><strong>Derechos de propiedad intelectual<\/strong><\/p>\n<p>Todo el contenido de este sitio es propiedad de la Fundaci\u00f3n Simons o de sus afiliados, licenciantes o terceros proveedores de contenidos, incluidos nuestros visitantes. La Fundaci\u00f3n Simons se reserva todos los derechos y la titularidad de todos los materiales originales y sujetos a derechos de autor del sitio de los que seamos autores o de los que hayamos obtenido la titularidad de otro modo, incluidos, entre otros, el texto, el dise\u00f1o, los manuales, la informaci\u00f3n, el contenido, los gr\u00e1ficos, las im\u00e1genes, las fotograf\u00edas, el sonido y otros archivos, as\u00ed como la selecci\u00f3n, compilaci\u00f3n y disposici\u00f3n de los mismos en su sentido colectivo. Usted no copiar\u00e1, modificar\u00e1, redistribuir\u00e1, difundir\u00e1, publicar\u00e1, adaptar\u00e1, traducir\u00e1, preparar\u00e1 trabajos derivados, explotar\u00e1 comercialmente, vender\u00e1, conceder\u00e1 licencias, descompilar\u00e1, realizar\u00e1 ingenier\u00eda inversa, desensamblar\u00e1 o intentar\u00e1 de cualquier otro modo obtener el c\u00f3digo fuente de cualquiera de nuestros servicios, software, contenido o documentaci\u00f3n, ni crear\u00e1 o intentar\u00e1 crear un servicio o producto sustitutivo o similar mediante el uso o acceso a este sitio o a cualquier sitio relacionado o informaci\u00f3n de propiedad relacionada con el mismo, sin nuestro consentimiento previo por escrito. Queda prohibida la reimpresi\u00f3n o cualquier otra exhibici\u00f3n p\u00fablica de nuestro contenido original sin autorizaci\u00f3n expresa por escrito. Adem\u00e1s, no podr\u00e1 eliminar ni ocultar el aviso de derechos de autor ni ning\u00fan otro aviso contenido en el sitio o en cualquier cosa recuperada o descargada del mismo.<\/p>\n<p>Los nombres, marcas comerciales, marcas de servicio y marcas de dise\u00c3\u00b1o (incluidos los logotipos) utilizados en este sitio son propiedad de la Fundaci\u00c3\u00b3n Simons o de sus filiales, licenciantes o terceros proveedores de contenidos, y usted no utilizar\u00c3\u00a1 ninguno de dichos nombres o marcas en ning\u00c3\u00ban anuncio o publicidad ni de ning\u00c3\u00ban otro modo para indicar el patrocinio o la afiliaci\u00c3\u00b3n con ning\u00c3\u00ban producto o servicio, sin el consentimiento previo por escrito del propietario de cualquiera de dichos nombres o marcas.<\/p>\n<p><strong>Normas de comportamiento aceptadas<\/strong><\/p>\n<p>Le animamos a que utilice el sitio web, pero que lo haga de forma responsable. Al hacerlo, acepta cumplir las siguientes normas:<\/p>\n<ul>\n<li>no atacar personalmente a ninguna persona, grupo de personas, empresa o compa\u00f1\u00eda;<\/li>\n<li>no enviar, ni crear ning\u00fan enlace a, ning\u00fan material difamatorio, obsceno o profano (aunque est\u00e9 disfrazado con un asterisco u otra tipograf\u00eda), indecente, lascivo, pornogr\u00e1fico, violento, abusivo, ofensivo, insultante, amenazador, amenazador, ilegal o blasfemo;<\/li>\n<li>no enviar, ni crear ning\u00fan enlace a, ning\u00fan material que suponga una invasi\u00f3n de la privacidad, una violaci\u00f3n de cualquier principio o legislaci\u00f3n de protecci\u00f3n de datos, una falsedad maliciosa o un libelo sedicioso, un desacato a un tribunal o que pueda incitar o sea capaz de incitar a la violencia, el odio racial, el sadismo o la crueldad o que fomente cualquier acto u omisi\u00f3n ilegal o il\u00edcito;<\/li>\n<li>no enviar, ni crear ning\u00fan enlace a, ning\u00fan material que sea intencionadamente falso o enga\u00f1oso, o que cause molestias, inconvenientes o ansiedad innecesaria o que sea potencialmente perjudicial o da\u00f1ino;<\/li>\n<li>no infringir ning\u00fan derecho de autor, patente, marca comercial, secreto comercial u otros derechos de propiedad o derechos de publicidad o privacidad de la Fundaci\u00f3n Simons o de terceros;<\/li>\n<li>no suplantar a nadie, ya sea una figura p\u00fablica, un miembro de nuestro personal, un moderador, administrador o anfitri\u00f3n de un foro, u otro visitante de este sitio;<\/li>\n<li>no afirmar o representar falsamente que est\u00e1 conectado o afiliado a cualquier individuo o entidad;<\/li>\n<li>no transmitir o poner a disposici\u00f3n de cualquier otra forma cualquier informaci\u00f3n personal de cualquier individuo o cualquier material protegido por derechos de autor, marca registrada, publicidad, privacidad u otro derecho de propiedad sin el permiso expreso de dicho individuo o del propietario de dichos derechos, respectivamente;<\/li>\n<li>no promocionar ni hacer publicidad, ni participar en ninguna otra forma de marketing, incluidas (sin limitaci\u00f3n) las cartas en cadena o la venta piramidal, incluso si act\u00faa en nombre de una organizaci\u00f3n sin \u00e1nimo de lucro o una organizaci\u00f3n ben\u00e9fica;<\/li>\n<li>no divulgar, enviar, publicar, mostrar o transmitir ning\u00fan contenido del sitio web sin el consentimiento por escrito de la Fundaci\u00f3n Simons;<\/li>\n<li>no infringir a sabiendas ninguna ley o reglamento al utilizar nuestro sitio web;<\/li>\n<li>no utilizar nuestro sitio web para recoger datos personales sobre otras personas;<\/li>\n<li>no enviar, ni crear un enlace a, ning\u00fan archivo que contenga virus, datos corruptos, troyanos o cualquier otra cosa que pueda da\u00f1ar, destruir o hacer inaccesibles los datos o archivos de cualquier ordenador;<\/li>\n<li>no utilizar el sitio web como servicio de reenv\u00edo a otro sitio web;<\/li>\n<li>no acechar o acosar de cualquier otra forma a otra persona; y<\/li>\n<li>no intentar eludir las funciones de seguridad de este sitio web, ni manipular, piratear o de cualquier otro modo perturbar o inutilizar cualquier sistema inform\u00e1tico, servidor, sitio web, router u otro dispositivo utilizado para alojar este sitio web o ponerlo a disposici\u00f3n.<\/li>\n<\/ul>\n<p>Nos reservamos el derecho de supervisar el contenido de los usuarios, investigar y\/o tomar las medidas oportunas contra los usuarios que infrinjan estas normas de comportamiento aceptadas o cualquier otra disposici\u00f3n de estas Condiciones de uso.<\/p>\n<p><strong>Revisiones y erratas, no responsabilidad y exenci\u00f3n de responsabilidad<\/strong><\/p>\n<p>Los materiales que aparecen en el portal web de <span class=\"notranslate\">Simons Searchlight<\/span> pueden incluir errores t\u00e9cnicos, tipogr\u00e1ficos, cient\u00edficos o fotogr\u00e1ficos. No garantizamos que ninguno de los materiales de nuestro sitio web sea preciso, completo o actual, ni que el sitio funcione sin errores ni interrupciones. No seremos responsables ante usted ni ante terceros por ninguna p\u00e9rdida o da\u00f1o de ning\u00fan tipo que se derive del uso que usted haga de este sitio, o de su difusi\u00f3n o confianza en cualquier contenido de este sitio, y usted renuncia por la presente a cualquier reclamaci\u00f3n contra nosotros y nuestros empleados, directivos, directores y agentes en relaci\u00f3n con su uso, difusi\u00f3n o confianza en este sitio.<\/p>\n<p>Podemos realizar cambios en los materiales contenidos en el portal web de <span class=\"notranslate\">Simons Searchlight<\/span> en cualquier momento y sin previo aviso. Sin embargo, no nos comprometemos a actualizar los materiales.<\/p>\n<p>Usted reconoce y acepta que no tenemos ninguna responsabilidad por la informaci\u00f3n, contenido, productos, servicios, publicidad, c\u00f3digo u otros materiales que puedan o no ser proporcionados por o a trav\u00e9s de otros sitios web que est\u00e9n vinculados a este sitio, incluso si son propiedad o est\u00e1n gestionados por afiliados o socios nuestros. No tenemos ning\u00fan control sobre su contenido o disponibilidad.<\/p>\n<p>Nuestro personal no ha revisado todos los sitios vinculados a este sitio web. La inclusi\u00f3n de cualquier enlace en nuestro sitio no implica la aprobaci\u00f3n del sitio enlazado por parte de la Fundaci\u00f3n Simons. El uso de cualquiera de estos sitios web enlazados corre por cuenta y riesgo del usuario, y le recomendamos que revise las condiciones de uso y las pol\u00edticas de privacidad de dichos sitios, ya que pueden diferir de las de este sitio. Depende de usted tomar precauciones para asegurarse de que lo que seleccione para su uso est\u00e9 libre de virus, gusanos, troyanos y otros elementos de naturaleza destructiva.<\/p>\n<p>Cualquier opini\u00f3n, consejo, declaraci\u00f3n, servicio, oferta o informaci\u00f3n o contenido proporcionado o realizado por terceros en este sitio web, o en cualquier sitio web al que este sitio web est\u00e9 vinculado, es del autor o proveedor, y no de la Fundaci\u00f3n Simons.<\/p>\n<p>Si tiene alguna duda sobre cualquier otro sitio web, dir\u00edjase al administrador o webmaster de dicho sitio.<\/p>\n<p><strong>Ley aplicable y jurisdicci\u00f3n<\/strong><\/p>\n<p>El presente Contrato se regir\u00e1 e interpretar\u00e1 de conformidad con el derecho sustantivo de Nueva York, sin referencia alguna a los principios de conflicto de leyes. Cualquier disputa, controversia o diferencia que pueda surgir entre las partes de, en relaci\u00f3n con o en conexi\u00f3n con estas Condiciones de Uso se somete irrevocablemente a la jurisdicci\u00f3n exclusiva de los tribunales de Nueva York, con exclusi\u00f3n de cualquier otro tribunal sin dar efecto a su conflicto de leyes, disposiciones o su estado real o pa\u00eds de residencia.<\/p>\n<p>Si alguna de estas Condiciones de uso se considera (por cualquier motivo) inaplicable, ilegal o inv\u00e1lida de alg\u00fan otro modo, la disposici\u00f3n inaplicable, ilegal o inv\u00e1lida no afectar\u00e1 al resto de estas Condiciones de uso, que seguir\u00e1n en pleno vigor y efecto.<\/p>\n<p>La Fundaci\u00f3n Simons no garantiza que la informaci\u00f3n del sitio web sea apropiada o pueda descargarse fuera de Estados Unidos. El acceso al sitio web puede no ser legal en determinados pa\u00edses o para determinadas personas. Si accede al sitio web desde fuera de Estados Unidos, lo hace por su cuenta y riesgo y es responsable del cumplimiento de las leyes de su jurisdicci\u00f3n en materia de conducta en l\u00ednea y contenido aceptable. La informaci\u00f3n personal del usuario (\u00abInformaci\u00f3n\u00bb) que se env\u00ede a este sitio web se recopilar\u00e1, procesar\u00e1, almacenar\u00e1, divulgar\u00e1 y eliminar\u00e1 de acuerdo con la legislaci\u00f3n estadounidense aplicable y nuestra Pol\u00edtica de privacidad.<\/p>\n<p>Si usted no es un usuario estadounidense, reconoce y acepta que la Fundaci\u00c3\u00b3n Simons y <span class=\"notranslate\">Simons Searchlight<\/span> pueden recopilar y utilizar su Informaci\u00c3\u00b3n y divulgarla a otras entidades fuera de su jurisdicci\u00c3\u00b3n de residencia. Adem\u00e1s, dicha Informaci\u00f3n puede almacenarse en servidores situados fuera de su jurisdicci\u00f3n de residencia. Es posible que la legislaci\u00f3n estadounidense no ofrezca el grado de protecci\u00f3n de la informaci\u00f3n que existe en otros pa\u00edses. Al proporcionarnos su Informaci\u00f3n, usted reconoce que consiente la transferencia de dicha Informaci\u00f3n fuera de su jurisdicci\u00f3n de residencia, tal y como se detalla en nuestra Pol\u00edtica de Privacidad. Si no da su consentimiento a dicha transferencia, no podr\u00e1 utilizar este sitio web.<\/p>\n<p><strong>Renuncias y limitaci\u00f3n de responsabilidad<\/strong><\/p>\n<p>USTED ACEPTA QUE EL USO QUE HAGA DEL PORTAL WEB DE SIMONS SEARCHLIGHT SER\u00c1 POR SU CUENTA Y RIESGO. EN LA MEDIDA EN QUE LA LEY LO PERMITA, SIMONS SEARCHLIGHT, LA FUNDACI\u00d3N SIMONS, SUS DIRECTIVOS, ADMINISTRADORES, EMPLEADOS, SOCIOS, COLABORADORES Y AGENTES DECLINAN TODA GARANT\u00cdA, EXPRESA O IMPL\u00cdCITA, EN RELACI\u00d3N CON EL PORTAL WEB Y EL USO QUE USTED HAGA DEL MISMO. SIMONS SEARCHLIGHT Y LA FUNDACI\u00d3N SIMONS NO GARANTIZAN NI SE RESPONSABILIZAN DE LA EXACTITUD O INTEGRIDAD DE LOS CONTENIDOS, CONSEJOS, PRODUCTOS O SERVICIOS DE ESTE PORTAL WEB, NI DE LOS CONTENIDOS, CONSEJOS, PRODUCTOS O SERVICIOS DE LOS SITIOS VINCULADOS AL PORTAL WEB, NI ASUMEN RESPONSABILIDAD ALGUNA POR LOS CONTENIDOS, CONSEJOS, PRODUCTOS O SERVICIOS DE LOS SITIOS VINCULADOS AL PORTAL WEB. (I) ERRORES, EQUIVOCACIONES, OMISIONES, INEXACTITUDES O FALTA DE AUTENTICIDAD EN EL CONTENIDO; (II) LESIONES PERSONALES O DA\u00d1OS MATERIALES, DE CUALQUIER NATURALEZA, DERIVADOS DE SU ACCESO Y USO DEL PORTAL WEB; (III) CUALQUIER ACCESO O USO NO AUTORIZADO DE NUESTROS SERVIDORES SEGUROS Y\/O DE TODA LA INFORMACI\u00d3N PERSONAL ALMACENADA EN ELLOS; (IV) CUALQUIER INTERRUPCI\u00d3N O CESE DE LA TRANSMISI\u00d3N HACIA O DESDE EL PORTAL WEB; (V) LOS ERRORES, VIRUS, TROYANOS O SIMILARES QUE PUEDAN SER TRANSMITIDOS AL PORTAL O A TRAV\u00c9S DEL MISMO POR TERCEROS; Y\/O (VI) CUALQUIER ERROR U OMISI\u00d3N EN CUALQUIER CONTENIDO O POR CUALQUIER P\u00c9RDIDA TANGIBLE O INTANGIBLE, MAL USO, ACCESO NO AUTORIZADO, ALTERACI\u00d3N O DA\u00d1O DE CUALQUIER TIPO INCURRIDO COMO RESULTADO DEL USO DE CUALQUIER CONTENIDO PUBLICADO, ENVIADO POR CORREO ELECTR\u00d3NICO, TRANSMITIDO O PUESTO A DISPOSICI\u00d3N A TRAV\u00c9S DEL PORTAL WEB. SIMONS SEARCHLIGHT Y LA FUNDACI\u00d3N SIMONS NO AVALAN, GARANTIZAN NI ASUMEN RESPONSABILIDAD ALGUNA POR NING\u00daN PRODUCTO O SERVICIO ANUNCIADO U OFRECIDO POR UN TERCERO A TRAV\u00c9S DEL PORTAL WEB O DE CUALQUIER SITIO VINCULADO AL PORTAL WEB.<\/p>\n<p>EN LA MEDIDA EN QUE LO PERMITA LA LEGISLACI\u00d3N APLICABLE, NI SIMONS SEARCHLIGHT NI LA FUNDACI\u00d3N SIMONS, SUS DIRECTIVOS, ADMINISTRADORES, EMPLEADOS, SOCIOS, COLABORADORES O AGENTES SER\u00c1N RESPONSABLES ANTE USTED POR NING\u00daN DA\u00d1O DIRECTO, INDIRECTO, INCIDENTAL, ESPECIAL, PUNITIVO O CONSECUENTE QUE RESULTE DE O EST\u00c9 RELACIONADO CON ESTAS CONDICIONES DE USO, SU USO O IMPOSIBILIDAD DE USO DEL PORTAL WEB, HAYAMOS SIDO ADVERTIDOS O NO DE LA POSIBILIDAD DE TALES DA\u00d1OS.<\/p>\n<p>POR LA PRESENTE, USTED RECONOCE QUE LOS P\u00c1RRAFOS ANTERIORES SE APLICAR\u00c1N A TODOS LOS CONTENIDOS, CONSEJOS, MERCANC\u00cdAS Y SERVICIOS DISPONIBLES A TRAV\u00c9S DEL SITIO WEB.<\/p>\n<p>DEBIDO A QUE ALGUNOS ESTADOS PUEDEN NO PERMITIR LA EXCLUSI\u00d3N O LIMITACI\u00d3N DE RESPONSABILIDAD POR DA\u00d1OS CONSECUENCIALES O INCIDENTALES, EN DICHOS ESTADOS LA RESPONSABILIDAD SE LIMITA A LA MENOR CANTIDAD PERMITIDA POR LA LEY. LAS LIMITACIONES DE RESPONSABILIDAD ESTABLECIDAS EN EL PRESENTE CONTRATO REDUNDAR\u00c1N EN BENEFICIO DE SIMONS Y DE SUS RESPECTIVAS FILIALES, SOCIOS, COLABORADORES, DIRECTIVOS, DIRECTORES, EMPLEADOS, CESIONARIOS, ABOGADOS Y AGENTES.<\/p>\n<p>Si tiene alguna pregunta sobre estas Condiciones de uso, p\u00f3ngase en contacto con nosotros en <a href=\"mailto:coordinator@simonssearchlight.org\">coordinator@simonssearchlight.org.<\/a><\/p>\n","protected":false},"excerpt":{"rendered":"<p>Condiciones de uso de Simons Searchlight Al utilizar el portal web de Simons Searchlight, usted declara haber le\u00eddo, comprendido y estar de acuerdo con las presentes Condiciones de uso. Nos reservamos el derecho a modificar estas condiciones en cualquier momento, a nuestra entera discreci\u00f3n y sin previo aviso. Todas las modificaciones de estas Condiciones de [&hellip;]<\/p>\n","protected":false},"author":6,"featured_media":0,"parent":0,"menu_order":0,"comment_status":"closed","ping_status":"closed","template":"","meta":{"_acf_changed":false,"_relevanssi_hide_post":"","_relevanssi_hide_content":"","_relevanssi_pin_for_all":"","_relevanssi_pin_keywords":"","_relevanssi_unpin_keywords":"","_relevanssi_related_keywords":"","_relevanssi_related_include_ids":"","_relevanssi_related_exclude_ids":"","_relevanssi_related_no_append":"","_relevanssi_related_not_related":"","_relevanssi_related_posts":"","_relevanssi_noindex_reason":"","footnotes":""},"acf":[],"_links":{"self":[{"href":"https:\/\/www.simonssearchlight.org\/es\/wp-json\/wp\/v2\/pages\/18330"}],"collection":[{"href":"https:\/\/www.simonssearchlight.org\/es\/wp-json\/wp\/v2\/pages"}],"about":[{"href":"https:\/\/www.simonssearchlight.org\/es\/wp-json\/wp\/v2\/types\/page"}],"author":[{"embeddable":true,"href":"https:\/\/www.simonssearchlight.org\/es\/wp-json\/wp\/v2\/users\/6"}],"replies":[{"embeddable":true,"href":"https:\/\/www.simonssearchlight.org\/es\/wp-json\/wp\/v2\/comments?post=18330"}],"version-history":[{"count":1,"href":"https:\/\/www.simonssearchlight.org\/es\/wp-json\/wp\/v2\/pages\/18330\/revisions"}],"predecessor-version":[{"id":18336,"href":"https:\/\/www.simonssearchlight.org\/es\/wp-json\/wp\/v2\/pages\/18330\/revisions\/18336"}],"wp:attachment":[{"href":"https:\/\/www.simonssearchlight.org\/es\/wp-json\/wp\/v2\/media?parent=18330"}],"curies":[{"name":"wp","href":"https:\/\/api.w.org\/{rel}","templated":true}]}}