{"id":18265,"date":"2018-05-04T12:34:11","date_gmt":"2018-05-04T16:34:11","guid":{"rendered":"https:\/\/www.simonssearchlight.org\/proceso-de-investigacion\/trastornos-geneticos-que-estudiamos\/ank2\/"},"modified":"2026-04-06T13:03:24","modified_gmt":"2026-04-06T17:03:24","slug":"ank2","status":"publish","type":"page","link":"https:\/\/www.simonssearchlight.org\/es\/proceso-de-investigacion\/trastornos-geneticos-que-estudiamos\/ank2\/","title":{"rendered":"ANK2"},"content":{"rendered":"<p><span style=\"font-weight: 400;\">La informaci\u00f3n de este resumen de <\/span><strong>S\u00edndrome relacionado con <span class=\"notranslate\">ANK2<\/span><\/strong><span style=\"font-weight: 400;\">  procede de publicaciones de investigaci\u00f3n. Esto no pretende sustituir el asesoramiento m\u00e9dico. <\/span><\/p>\n<p><a href=\"https:\/\/www.simonssearchlight.org\/es\/gene-guide\/sindrome-relacionado-con-ank2\/\" target=\"_blank\" rel=\"noopener\"><strong>Pulsa aqu\u00ed para ver nuestra Gu\u00eda completa del gen ANK2  <\/strong><\/a><\/p>\n<p>La Gu\u00eda Gen\u00e9tica online incluye m\u00e1s informaci\u00f3n sobre <span style=\"font-weight: 400;\"><span class=\"notranslate\">ANK2<\/span><\/span>, como la probabilidad de tener otro hijo con esta afecci\u00f3n, los problemas de comportamiento y desarrollo <span style=\"font-weight: 400;\">relacionados<\/span> con el s\u00edndrome <span style=\"font-weight: 400;\"><span class=\"notranslate\">ANK2<\/span><\/span> o los especialistas a tener en cuenta para las personas con esta afecci\u00f3n. Comparta este recurso con los miembros de su familia o con sus proveedores cl\u00ednicos.<\/p>\n<p><strong>S\u00edndrome relacionado con <span class=\"notranslate\">ANK2<\/span><\/strong><span style=\"font-weight: 400;\"> tambi\u00e9n se denomina <\/span><strong>s\u00edndrome de la anquirina-B<\/strong><span style=\"font-weight: 400;\">.<\/span> <span style=\"font-weight: 400;\">En esta p\u00e1gina web utilizaremos el nombre <\/span><strong>S\u00edndrome relacionado con <span class=\"notranslate\">ANK2<\/span><\/strong><span style=\"font-weight: 400;\">  para abarcar la amplia gama de variantes observadas en las personas identificadas. Las variantes del gen <span class=\"notranslate\">ANK2<\/span> tambi\u00e9n pueden causar   <\/span><strong>arritmia cardiaca, relacionada con la anquirina-B o s\u00edndrome de QT largo 4<\/strong><span style=\"font-weight: 400;\">que son enfermedades relacionadas con el coraz\u00f3n. Esta p\u00e1gina web incluye informaci\u00f3n sobre la enfermedad del neurodesarrollo. <\/span><\/p>\n","protected":false},"excerpt":{"rendered":"<p>La informaci\u00f3n de este resumen de S\u00edndrome relacionado con ANK2 procede de publicaciones de investigaci\u00f3n. Esto no pretende sustituir el asesoramiento m\u00e9dico. Pulsa aqu\u00ed para ver nuestra Gu\u00eda completa del gen ANK2 La Gu\u00eda Gen\u00e9tica online incluye m\u00e1s informaci\u00f3n sobre ANK2, como la probabilidad de tener otro hijo con esta afecci\u00f3n, los problemas de comportamiento [&hellip;]<\/p>\n","protected":false},"author":4,"featured_media":0,"parent":18254,"menu_order":0,"comment_status":"closed","ping_status":"closed","template":"page-gene-card.php","meta":{"_acf_changed":false,"_relevanssi_hide_post":"","_relevanssi_hide_content":"","_relevanssi_pin_for_all":"","_relevanssi_pin_keywords":"","_relevanssi_unpin_keywords":"","_relevanssi_related_keywords":"","_relevanssi_related_include_ids":"","_relevanssi_related_exclude_ids":"","_relevanssi_related_no_append":"","_relevanssi_related_not_related":"","_relevanssi_related_posts":"","_relevanssi_noindex_reason":"","footnotes":""},"acf":[],"_links":{"self":[{"href":"https:\/\/www.simonssearchlight.org\/es\/wp-json\/wp\/v2\/pages\/18265"}],"collection":[{"href":"https:\/\/www.simonssearchlight.org\/es\/wp-json\/wp\/v2\/pages"}],"about":[{"href":"https:\/\/www.simonssearchlight.org\/es\/wp-json\/wp\/v2\/types\/page"}],"author":[{"embeddable":true,"href":"https:\/\/www.simonssearchlight.org\/es\/wp-json\/wp\/v2\/users\/4"}],"replies":[{"embeddable":true,"href":"https:\/\/www.simonssearchlight.org\/es\/wp-json\/wp\/v2\/comments?post=18265"}],"version-history":[{"count":3,"href":"https:\/\/www.simonssearchlight.org\/es\/wp-json\/wp\/v2\/pages\/18265\/revisions"}],"predecessor-version":[{"id":78639,"href":"https:\/\/www.simonssearchlight.org\/es\/wp-json\/wp\/v2\/pages\/18265\/revisions\/78639"}],"up":[{"embeddable":true,"href":"https:\/\/www.simonssearchlight.org\/es\/wp-json\/wp\/v2\/pages\/18254"}],"wp:attachment":[{"href":"https:\/\/www.simonssearchlight.org\/es\/wp-json\/wp\/v2\/media?parent=18265"}],"curies":[{"name":"wp","href":"https:\/\/api.w.org\/{rel}","templated":true}]}}