{"id":18263,"date":"2018-05-03T15:00:10","date_gmt":"2018-05-03T19:00:10","guid":{"rendered":"https:\/\/www.simonssearchlight.org\/recursos\/preguntas-frecuentes-sobre-genetica\/"},"modified":"2025-11-05T12:14:54","modified_gmt":"2025-11-05T17:14:54","slug":"preguntas-frecuentes-sobre-genetica","status":"publish","type":"page","link":"https:\/\/www.simonssearchlight.org\/es\/recursos\/preguntas-frecuentes-sobre-genetica\/","title":{"rendered":"Preguntas frecuentes sobre gen\u00e9tica"},"content":{"rendered":"<p>En esta p\u00e1gina encontrar\u00e1 informaci\u00f3n b\u00e1sica que le ayudar\u00e1 a comprender su diagn\u00f3stico gen\u00e9tico.<br \/>\n<img loading=\"lazy\" decoding=\"async\" class=\" wp-image-6391 aligncenter\" src=\"https:\/\/cdn.simonssearchlight.org\/wp-content\/uploads\/2019\/10\/04093354\/FAQ_1.png\" alt=\"\" width=\"162\" height=\"170\" srcset=\"https:\/\/cdn.simonssearchlight.org\/wp-content\/uploads\/2019\/10\/04093354\/FAQ_1.png 323w, https:\/\/cdn.simonssearchlight.org\/wp-content\/uploads\/2019\/10\/04093354\/FAQ_1-286x300.png 286w\" sizes=\"(max-width: 162px) 100vw, 162px\" \/><\/p>\n","protected":false},"excerpt":{"rendered":"<p>En esta p\u00e1gina encontrar\u00e1 informaci\u00f3n b\u00e1sica que le ayudar\u00e1 a comprender su diagn\u00f3stico gen\u00e9tico.<\/p>\n","protected":false},"author":18,"featured_media":0,"parent":18223,"menu_order":0,"comment_status":"closed","ping_status":"closed","template":"","meta":{"_acf_changed":false,"_relevanssi_hide_post":"","_relevanssi_hide_content":"","_relevanssi_pin_for_all":"","_relevanssi_pin_keywords":"","_relevanssi_unpin_keywords":"","_relevanssi_related_keywords":"","_relevanssi_related_include_ids":"","_relevanssi_related_exclude_ids":"","_relevanssi_related_no_append":"","_relevanssi_related_not_related":"","_relevanssi_related_posts":"","_relevanssi_noindex_reason":"","footnotes":""},"acf":[],"_links":{"self":[{"href":"https:\/\/www.simonssearchlight.org\/es\/wp-json\/wp\/v2\/pages\/18263"}],"collection":[{"href":"https:\/\/www.simonssearchlight.org\/es\/wp-json\/wp\/v2\/pages"}],"about":[{"href":"https:\/\/www.simonssearchlight.org\/es\/wp-json\/wp\/v2\/types\/page"}],"author":[{"embeddable":true,"href":"https:\/\/www.simonssearchlight.org\/es\/wp-json\/wp\/v2\/users\/18"}],"replies":[{"embeddable":true,"href":"https:\/\/www.simonssearchlight.org\/es\/wp-json\/wp\/v2\/comments?post=18263"}],"version-history":[{"count":1,"href":"https:\/\/www.simonssearchlight.org\/es\/wp-json\/wp\/v2\/pages\/18263\/revisions"}],"predecessor-version":[{"id":18267,"href":"https:\/\/www.simonssearchlight.org\/es\/wp-json\/wp\/v2\/pages\/18263\/revisions\/18267"}],"up":[{"embeddable":true,"href":"https:\/\/www.simonssearchlight.org\/es\/wp-json\/wp\/v2\/pages\/18223"}],"wp:attachment":[{"href":"https:\/\/www.simonssearchlight.org\/es\/wp-json\/wp\/v2\/media?parent=18263"}],"curies":[{"name":"wp","href":"https:\/\/api.w.org\/{rel}","templated":true}]}}