{"id":18251,"date":"2018-06-12T16:32:12","date_gmt":"2018-06-12T20:32:12","guid":{"rendered":"https:\/\/www.simonssearchlight.org\/recontacto-con-la-documentacion-del-proyecto\/"},"modified":"2023-10-17T11:52:50","modified_gmt":"2023-10-17T15:52:50","slug":"recontacto-con-la-documentacion-del-proyecto","status":"publish","type":"page","link":"https:\/\/www.simonssearchlight.org\/es\/recontacto-con-la-documentacion-del-proyecto\/","title":{"rendered":"Recontacto con la documentaci\u00f3n del proyecto"},"content":{"rendered":"<ul>\n<li><a href=\"#status\">Panel de control<\/a><\/li>\n<li><a href=\"#admin\">Portal de administraci\u00f3n<\/a><\/li>\n<\/ul>\n<h3 id=\"status\" style=\"text-align: left;\"><strong>Visi\u00f3n general<\/strong><\/h3>\n<p style=\"text-align: left;\">El panel de control de estado proporcionar\u00e1 estad\u00edsticas de contacto y respuesta en tiempo real por secuencia de proyecto.<\/p>\n<h3 style=\"text-align: left;\"><strong>Secci\u00f3n resumida<\/strong><\/h3>\n<p style=\"text-align: justify;\">Esta secci\u00f3n ofrece una visi\u00f3n general de las estad\u00edsticas de la investigaci\u00f3n en relaci\u00f3n con el \u00e1mbito del proyecto. La estad\u00edstica <strong>Primer contacto<\/strong> se refiere a la fecha en la que se envi\u00f3 el primer correo electr\u00f3nico para el proyecto. La estad\u00edstica <strong>Activo<\/strong> se refiere a la fecha en la que el proyecto pas\u00f3 a estar activo. La estad\u00edstica <strong>Expiraci\u00f3n<\/strong> se refiere a la fecha en la que finaliza el proyecto.<\/p>\n<h3><strong>Cronolog\u00eda de la secuencia<\/strong><\/h3>\n<p><a href=\"http:\/\/searchlight.site:8888\/wp-content\/uploads\/2018\/06\/SD_barChart.png\"><img loading=\"lazy\" decoding=\"async\" class=\"aligncenter wp-image-2310 size-full\" src=\"http:\/\/searchlight.site:8888\/wp-content\/uploads\/2018\/06\/SD_barChart.png\" alt=\"S&amp;D_barChart\" width=\"1183\" height=\"407\" srcset=\"https:\/\/cdn.simonssearchlight.org\/wp-content\/uploads\/2018\/06\/09053657\/SD_barChart.png 1183w, https:\/\/cdn.simonssearchlight.org\/wp-content\/uploads\/2018\/06\/09053657\/SD_barChart-300x103.png 300w, https:\/\/cdn.simonssearchlight.org\/wp-content\/uploads\/2018\/06\/09053657\/SD_barChart-768x264.png 768w, https:\/\/cdn.simonssearchlight.org\/wp-content\/uploads\/2018\/06\/09053657\/SD_barChart-1024x352.png 1024w\" sizes=\"(max-width: 1183px) 100vw, 1183px\" \/><\/a><\/p>\n<p style=\"text-align: justify;\">La <strong>l\u00ednea de tiempo<\/strong> muestra la fecha y el n\u00famero de instancias asociadas a la secuencia del proyecto. Las instancias en este caso pueden referirse a la fecha y las categor\u00edas de los correos electr\u00f3nicos enviados a los autorizadores (Invitaciones, Recordatorios, etc.) o Respuestas (S\u00ed o No).<\/p>\n<p><a href=\"http:\/\/searchlight.site:8888\/wp-content\/uploads\/2018\/06\/learn2read_Timeline.png\"><img loading=\"lazy\" decoding=\"async\" class=\"aligncenter wp-image-2312 size-full\" src=\"http:\/\/searchlight.site:8888\/wp-content\/uploads\/2018\/06\/learn2read_Timeline.png\" alt=\"learn2read_Timeline\" width=\"1185\" height=\"647\" srcset=\"https:\/\/cdn.simonssearchlight.org\/wp-content\/uploads\/2018\/06\/09053655\/learn2read_Timeline.png 1185w, https:\/\/cdn.simonssearchlight.org\/wp-content\/uploads\/2018\/06\/09053655\/learn2read_Timeline-300x164.png 300w, https:\/\/cdn.simonssearchlight.org\/wp-content\/uploads\/2018\/06\/09053655\/learn2read_Timeline-768x419.png 768w, https:\/\/cdn.simonssearchlight.org\/wp-content\/uploads\/2018\/06\/09053655\/learn2read_Timeline-1024x559.png 1024w\" sizes=\"(max-width: 1185px) 100vw, 1185px\" \/><\/a><\/p>\n<p><a href=\"http:\/\/searchlight.site:8888\/wp-content\/uploads\/2018\/06\/SD_Timeline.png\"><img loading=\"lazy\" decoding=\"async\" class=\"aligncenter wp-image-2313 size-full\" src=\"http:\/\/searchlight.site:8888\/wp-content\/uploads\/2018\/06\/SD_Timeline.png\" alt=\"S&amp;D_Timeline\" width=\"1174\" height=\"641\" srcset=\"https:\/\/cdn.simonssearchlight.org\/wp-content\/uploads\/2018\/06\/09053654\/SD_Timeline.png 1174w, https:\/\/cdn.simonssearchlight.org\/wp-content\/uploads\/2018\/06\/09053654\/SD_Timeline-300x164.png 300w, https:\/\/cdn.simonssearchlight.org\/wp-content\/uploads\/2018\/06\/09053654\/SD_Timeline-768x419.png 768w, https:\/\/cdn.simonssearchlight.org\/wp-content\/uploads\/2018\/06\/09053654\/SD_Timeline-1024x559.png 1024w\" sizes=\"(max-width: 1174px) 100vw, 1174px\" \/><\/a><\/p>\n<p style=\"text-align: justify;\">NOTA: Los correos electr\u00f3nicos s\u00f3lo se env\u00edan a los autorizadores, por lo que el recuento de correos electr\u00f3nicos <strong>no incluye<\/strong> el n\u00famero de personas a cargo. En la mayor\u00eda de los casos, s\u00f3lo se env\u00eda un correo electr\u00f3nico por grupo de autorizaci\u00f3n, aunque en algunos casos se env\u00eda a ambos autorizadores el correo electr\u00f3nico de invitaci\u00f3n. Las respuestas S\u00ed y No incluyen las respuestas registradas para las personas a cargo.<\/p>\n<h3>Seguimiento de respuestas y correos electr\u00f3nicos<\/h3>\n<p><a href=\"http:\/\/searchlight.site:8888\/wp-content\/uploads\/2018\/06\/SDintetest.png\"><img loading=\"lazy\" decoding=\"async\" class=\"aligncenter wp-image-2311 size-full\" src=\"http:\/\/searchlight.site:8888\/wp-content\/uploads\/2018\/06\/SDintetest.png\" alt=\"S&amp;Dintetest\" width=\"1184\" height=\"389\" srcset=\"https:\/\/cdn.simonssearchlight.org\/wp-content\/uploads\/2018\/06\/09053656\/SDintetest.png 1184w, https:\/\/cdn.simonssearchlight.org\/wp-content\/uploads\/2018\/06\/09053656\/SDintetest-300x99.png 300w, https:\/\/cdn.simonssearchlight.org\/wp-content\/uploads\/2018\/06\/09053656\/SDintetest-768x252.png 768w, https:\/\/cdn.simonssearchlight.org\/wp-content\/uploads\/2018\/06\/09053656\/SDintetest-1024x336.png 1024w\" sizes=\"(max-width: 1184px) 100vw, 1184px\" \/><\/a><\/p>\n<p style=\"text-align: justify;\">La tarta <strong>Respuestas individuales<\/strong> muestra el n\u00famero total de respuestas S\u00ed, No y No de todos los individuos asociados a la secuencia. Para esta tarta, las personas a cargo y los autorizadores est\u00e1n incluidos en el total. El n\u00famero de \u00abSin respuesta\u00bb incluye el n\u00famero de personas a cargo que no han recibido ninguna respuesta en su nombre.<\/p>\n<p>A continuaci\u00f3n encontrar\u00e1 las respuestas disponibles y su significado para su proyecto.<\/p>\n<ul>\n<li><strong>S\u00ed<\/strong> &#8211; El participante complet\u00f3 la Secuencia con una respuesta positiva. En el caso de las encuestas, significa que el participante complet\u00f3 la encuesta y recibi\u00f3 un incentivo (excluido el miniconsentimiento, que no ten\u00eda incentivo).<\/li>\n<li><strong>No<\/strong> &#8211; El participante ha dicho que no est\u00e1 interesado en el proyecto (s\u00f3lo disponible en las secuencias de inter\u00e9s y miniconsentimiento).<\/li>\n<li><strong>Sin respuesta<\/strong> &#8211; El participante a\u00fan no ha completado la secuencia.<\/li>\n<li><strong>YNR<\/strong> &#8211; El participante rellen\u00f3 la encuesta de Aprender a leer, pero el sujeto de la encuesta no lee y no recibi\u00f3 ning\u00fan incentivo.<\/li>\n<li><strong>YNU<\/strong> &#8211; El participante complet\u00f3 la encuesta de Aprender a leer o la de Piel y dientes, pero vive fuera de EE.UU. y no recibi\u00f3 ning\u00fan incentivo. Para la encuesta Aprender a leer, esto significa tambi\u00e9n que el sujeto de la encuesta lee.<\/li>\n<li><strong>YNRNU<\/strong> &#8211; El participante complet\u00f3 la encuesta Aprender a leer, pero el sujeto de la encuesta no lee y el participante vive fuera de EE.UU., por lo que no recibi\u00f3 incentivo.<\/li>\n<\/ul>\n<p style=\"text-align: justify;\">La tarta de <strong>grupos<\/strong> de autorizaci\u00f3n muestra el n\u00famero total de respuestas S\u00ed, No y No por grupo de autorizaci\u00f3n. Para este pastel, si alg\u00fan autorizador ha dado autorizaci\u00f3n para un dependiente (S\u00ed), el grupo de autorizadores se incluye en la categor\u00eda S\u00ed. Adem\u00e1s, se registra una \u00fanica No respuesta por grupo de autorizaci\u00f3n aunque varios autorizadores por grupo hayan recibido notificaciones.<\/p>\n<p style=\"text-align: justify;\">El gr\u00e1fico de <strong>seguimiento de correo electr\u00f3nico<\/strong>muestra el n\u00famero de aperturas, aperturas \u00fanicas y clics \u00fanicos del correo electr\u00f3nico de la secuencia. El n\u00famero de aperturas representa el n\u00famero total de veces que se ha abierto un correo electr\u00f3nico, el n\u00famero de aperturas \u00fanicas representa el n\u00famero de correos electr\u00f3nicos enviados que se han abierto alguna vez y el n\u00famero de clics \u00fanicos representa el n\u00famero de correos electr\u00f3nicos en los que se ha hecho clic en alg\u00fan enlace.<\/p>\n<h1 id=\"admin\"><span style=\"text-decoration: underline;\"><strong>Portal de administraci\u00f3n<\/strong><\/span><\/h1>\n<p>Para acceder al Portal de administraci\u00f3n, vaya primero a <a href=\"https:\/\/www.tempusresearch.com\">https:\/\/www.tempusresearch.com.<\/a><\/p>\n<p>En el centro de la p\u00e1gina ver\u00e1 un bot\u00f3n \u00abPortal de administraci\u00f3n\u00bb.<\/p>\n<p><img loading=\"lazy\" decoding=\"async\" class=\" size-full wp-image-2296 aligncenter\" src=\"http:\/\/searchlight.site:8888\/wp-content\/uploads\/2018\/06\/logo.png\" alt=\"logotipo\" width=\"445\" height=\"291\" srcset=\"https:\/\/cdn.simonssearchlight.org\/wp-content\/uploads\/2018\/06\/09053658\/logo.png 445w, https:\/\/cdn.simonssearchlight.org\/wp-content\/uploads\/2018\/06\/09053658\/logo-300x196.png 300w\" sizes=\"(max-width: 445px) 100vw, 445px\" \/><img loading=\"lazy\" decoding=\"async\" class=\"wp-image-2237 aligncenter\" src=\"https:\/\/connect.simonsvip.org\/wp-content\/uploads\/2018\/06\/AP1-300x195.png\" alt=\"\" width=\"416\" height=\"275\"><\/p>\n<p>En la p\u00e1gina de inicio de sesi\u00f3n, haga clic en el enlace \u00ab\u00bfHa olvidado su contrase\u00f1a?\u00bb.<\/p>\n<p><a href=\"https:\/\/connect.simonsvip.org\/wp-content\/uploads\/2018\/06\/sign-in-e1528907047360.png\"><img loading=\"lazy\" decoding=\"async\" class=\"aligncenter wp-image-2297 size-full\" src=\"https:\/\/connect.simonsvip.org\/wp-content\/uploads\/2018\/06\/sign-in-e1528907047360.png\" alt=\"Iniciar sesi\u00f3n\" width=\"368\" height=\"332\" srcset=\"https:\/\/cdn.simonssearchlight.org\/wp-content\/uploads\/2018\/06\/09053658\/sign-in-e1528907047360.png 368w, https:\/\/cdn.simonssearchlight.org\/wp-content\/uploads\/2018\/06\/09053658\/sign-in-e1528907047360-300x271.png 300w\" sizes=\"(max-width: 368px) 100vw, 368px\" \/><\/a><\/p>\n<p>Te llevar\u00e1 a la p\u00e1gina de restablecimiento de contrase\u00f1a, donde deber\u00e1s introducir tu correo electr\u00f3nico.<\/p>\n<p><a href=\"http:\/\/searchlight.site:8888\/wp-content\/uploads\/2018\/06\/email.png\"><img loading=\"lazy\" decoding=\"async\" class=\"aligncenter wp-image-2298 size-full\" src=\"http:\/\/searchlight.site:8888\/wp-content\/uploads\/2018\/06\/email.png\" alt=\"correo electr\u00f3nico\" width=\"369\" height=\"310\" srcset=\"https:\/\/cdn.simonssearchlight.org\/wp-content\/uploads\/2018\/06\/09053658\/email.png 369w, https:\/\/cdn.simonssearchlight.org\/wp-content\/uploads\/2018\/06\/09053658\/email-300x252.png 300w\" sizes=\"(max-width: 369px) 100vw, 369px\" \/><\/a><\/p>\n<p>A continuaci\u00f3n, recibir\u00e1 un correo electr\u00f3nico con instrucciones para restablecer su contrase\u00f1a. A continuaci\u00f3n, podr\u00e1 iniciar sesi\u00f3n en el Portal de administraci\u00f3n.<\/p>\n<p>Una vez que haya iniciado sesi\u00f3n, ver\u00e1 la p\u00e1gina de descripci\u00f3n general del proyecto. Ver\u00e1 cu\u00e1ntos Autorizadores y Dependientes hay en el proyecto, cu\u00e1ntas Secuencias se han completado y cu\u00e1ntas Comunicaciones se han enviado.<\/p>\n<p><a href=\"http:\/\/searchlight.site:8888\/wp-content\/uploads\/2018\/06\/image.png\"><img loading=\"lazy\" decoding=\"async\" class=\"aligncenter wp-image-2283\" src=\"http:\/\/searchlight.site:8888\/wp-content\/uploads\/2018\/06\/image.png\" alt=\"imagen\" width=\"700\" height=\"177\" srcset=\"https:\/\/cdn.simonssearchlight.org\/wp-content\/uploads\/2018\/06\/09053702\/image.png 1040w, https:\/\/cdn.simonssearchlight.org\/wp-content\/uploads\/2018\/06\/09053702\/image-300x76.png 300w, https:\/\/cdn.simonssearchlight.org\/wp-content\/uploads\/2018\/06\/09053702\/image-768x194.png 768w, https:\/\/cdn.simonssearchlight.org\/wp-content\/uploads\/2018\/06\/09053702\/image-1024x259.png 1024w\" sizes=\"(max-width: 700px) 100vw, 700px\" \/><\/a><\/p>\n<p>En la parte superior puede previsualizar las p\u00e1ginas de destino, as\u00ed como hacer clic en el bot\u00f3n azul \u00abPanel de control\u00bb.<\/p>\n<p><a href=\"http:\/\/searchlight.site:8888\/wp-content\/uploads\/2018\/06\/project-overview.png\"><img loading=\"lazy\" decoding=\"async\" class=\"aligncenter wp-image-2286\" src=\"http:\/\/searchlight.site:8888\/wp-content\/uploads\/2018\/06\/project-overview.png\" alt=\"resumen del proyecto\" width=\"738\" height=\"127\" srcset=\"https:\/\/cdn.simonssearchlight.org\/wp-content\/uploads\/2018\/06\/09053701\/project-overview.png 873w, https:\/\/cdn.simonssearchlight.org\/wp-content\/uploads\/2018\/06\/09053701\/project-overview-300x52.png 300w, https:\/\/cdn.simonssearchlight.org\/wp-content\/uploads\/2018\/06\/09053701\/project-overview-768x133.png 768w\" sizes=\"(max-width: 738px) 100vw, 738px\" \/><\/a><\/p>\n<p>De vuelta en el Portal de Administraci\u00f3n, puede hacer clic en la segunda pesta\u00f1a \u00abAutorizadores\u00bb para ver qui\u00e9n ha sido invitado al proyecto y los detalles del participante como Nombre, Email, ID de Participante, as\u00ed como la \u00faltima Secuencia y Comunicaci\u00f3n que han completado. Tambi\u00e9n puede utilizar la barra de b\u00fasqueda para encontrar un participante concreto.<\/p>\n<p><a href=\"http:\/\/searchlight.site:8888\/wp-content\/uploads\/2018\/06\/authorizers.png\"><img loading=\"lazy\" decoding=\"async\" class=\"aligncenter wp-image-2280\" src=\"http:\/\/searchlight.site:8888\/wp-content\/uploads\/2018\/06\/authorizers.png\" alt=\"autorizadores\" width=\"766\" height=\"133\" srcset=\"https:\/\/cdn.simonssearchlight.org\/wp-content\/uploads\/2018\/06\/09053703\/authorizers.png 1263w, https:\/\/cdn.simonssearchlight.org\/wp-content\/uploads\/2018\/06\/09053703\/authorizers-300x52.png 300w, https:\/\/cdn.simonssearchlight.org\/wp-content\/uploads\/2018\/06\/09053703\/authorizers-768x133.png 768w, https:\/\/cdn.simonssearchlight.org\/wp-content\/uploads\/2018\/06\/09053703\/authorizers-1024x178.png 1024w\" sizes=\"(max-width: 766px) 100vw, 766px\" \/><\/a><\/p>\n<p>Haga clic en cualquier Autorizador para ver en qu\u00e9 Secuencia se ha detenido, su Funci\u00f3n, la informaci\u00f3n del Dependiente, etc.<\/p>\n<p><a href=\"http:\/\/searchlight.site:8888\/wp-content\/uploads\/2018\/06\/auth-details-1.png\"><img loading=\"lazy\" decoding=\"async\" class=\"aligncenter wp-image-2324 size-full\" src=\"http:\/\/searchlight.site:8888\/wp-content\/uploads\/2018\/06\/auth-details-1.png\" alt=\"detalles de autenticaci\u00f3n\" width=\"792\" height=\"675\" srcset=\"https:\/\/cdn.simonssearchlight.org\/wp-content\/uploads\/2018\/06\/09053654\/auth-details-1.png 792w, https:\/\/cdn.simonssearchlight.org\/wp-content\/uploads\/2018\/06\/09053654\/auth-details-1-300x256.png 300w, https:\/\/cdn.simonssearchlight.org\/wp-content\/uploads\/2018\/06\/09053654\/auth-details-1-768x655.png 768w\" sizes=\"(max-width: 792px) 100vw, 792px\" \/><\/a><\/p>\n<p>Haga clic en la tercera pesta\u00f1a \u00abSecuencias\u00bb para ver los pasos de la secuencia que sigue un participante en el proyecto.<\/p>\n<p><a href=\"http:\/\/searchlight.site:8888\/wp-content\/uploads\/2018\/06\/sequences.png\"><img loading=\"lazy\" decoding=\"async\" class=\"aligncenter wp-image-2290 size-full\" src=\"http:\/\/searchlight.site:8888\/wp-content\/uploads\/2018\/06\/sequences.png\" alt=\"secuencias\" width=\"594\" height=\"670\" srcset=\"https:\/\/cdn.simonssearchlight.org\/wp-content\/uploads\/2018\/06\/09053658\/sequences.png 594w, https:\/\/cdn.simonssearchlight.org\/wp-content\/uploads\/2018\/06\/09053658\/sequences-266x300.png 266w\" sizes=\"(max-width: 594px) 100vw, 594px\" \/><\/a><\/p>\n<p>Haga clic en cualquier secuencia para ver m\u00e1s detalles, como el total de respuestas (para esa secuencia), cu\u00e1ntas comunicaciones se enviaron y el bot\u00f3n Vista previa para ver el texto de la comunicaci\u00f3n que se envi\u00f3 al participante.<\/p>\n<p><a href=\"http:\/\/searchlight.site:8888\/wp-content\/uploads\/2018\/06\/stats.png\"><img loading=\"lazy\" decoding=\"async\" class=\"aligncenter wp-image-2291 size-full\" src=\"http:\/\/searchlight.site:8888\/wp-content\/uploads\/2018\/06\/stats.png\" alt=\"Estad\u00edsticas\" width=\"482\" height=\"477\" srcset=\"https:\/\/cdn.simonssearchlight.org\/wp-content\/uploads\/2018\/06\/09053658\/stats.png 482w, https:\/\/cdn.simonssearchlight.org\/wp-content\/uploads\/2018\/06\/09053658\/stats-300x297.png 300w\" sizes=\"(max-width: 482px) 100vw, 482px\" \/><\/a><\/p>\n<p><a href=\"http:\/\/searchlight.site:8888\/wp-content\/uploads\/2018\/06\/comms.png\"><img loading=\"lazy\" decoding=\"async\" class=\"aligncenter wp-image-2282\" src=\"http:\/\/searchlight.site:8888\/wp-content\/uploads\/2018\/06\/comms.png\" alt=\"comunicaciones\" width=\"749\" height=\"108\" srcset=\"https:\/\/cdn.simonssearchlight.org\/wp-content\/uploads\/2018\/06\/09053702\/comms.png 1088w, https:\/\/cdn.simonssearchlight.org\/wp-content\/uploads\/2018\/06\/09053702\/comms-300x43.png 300w, https:\/\/cdn.simonssearchlight.org\/wp-content\/uploads\/2018\/06\/09053702\/comms-768x111.png 768w, https:\/\/cdn.simonssearchlight.org\/wp-content\/uploads\/2018\/06\/09053702\/comms-1024x148.png 1024w\" sizes=\"(max-width: 749px) 100vw, 749px\" \/><\/a><\/p>\n<p><em>Nota para las vistas previas de Comunicaci\u00f3n: ver\u00e1 @@Custom1. Los participantes no lo ver\u00e1n; ver\u00e1n el nombre de la persona a la que va dirigido el correo electr\u00f3nico\/encuesta.<\/em><\/p>\n<p><a href=\"http:\/\/searchlight.site:8888\/wp-content\/uploads\/2018\/06\/comms-preview.png\"><img loading=\"lazy\" decoding=\"async\" class=\"aligncenter wp-image-2281 size-full\" src=\"http:\/\/searchlight.site:8888\/wp-content\/uploads\/2018\/06\/comms-preview.png\" alt=\"vista previa de las comunicaciones\" width=\"1075\" height=\"662\" srcset=\"https:\/\/cdn.simonssearchlight.org\/wp-content\/uploads\/2018\/06\/09053702\/comms-preview.png 1075w, https:\/\/cdn.simonssearchlight.org\/wp-content\/uploads\/2018\/06\/09053702\/comms-preview-300x185.png 300w, https:\/\/cdn.simonssearchlight.org\/wp-content\/uploads\/2018\/06\/09053702\/comms-preview-768x473.png 768w, https:\/\/cdn.simonssearchlight.org\/wp-content\/uploads\/2018\/06\/09053702\/comms-preview-1024x631.png 1024w\" sizes=\"(max-width: 1075px) 100vw, 1075px\" \/><\/a><\/p>\n<p>Los libros de c\u00f3digos se encuentran en las secuencias Aprender a leer, Piel y dientes y Retroalimentaci\u00f3n. Para ello, basta con hacer clic en el bot\u00f3n azul \u00abPanel de control\u00bb situado en la parte superior de la secuencia.<\/p>\n<p><a href=\"http:\/\/searchlight.site:8888\/wp-content\/uploads\/2018\/06\/learn2read.png\"><img loading=\"lazy\" decoding=\"async\" class=\"aligncenter wp-image-2284 size-full\" src=\"http:\/\/searchlight.site:8888\/wp-content\/uploads\/2018\/06\/learn2read.png\" alt=\"aprender a leer\" width=\"445\" height=\"147\" srcset=\"https:\/\/cdn.simonssearchlight.org\/wp-content\/uploads\/2018\/06\/09053701\/learn2read.png 445w, https:\/\/cdn.simonssearchlight.org\/wp-content\/uploads\/2018\/06\/09053701\/learn2read-300x99.png 300w\" sizes=\"(max-width: 445px) 100vw, 445px\" \/><\/a><\/p>\n<p><a href=\"http:\/\/searchlight.site:8888\/wp-content\/uploads\/2018\/06\/learn2read2.png\"><img loading=\"lazy\" decoding=\"async\" class=\"aligncenter wp-image-2285 size-full\" src=\"http:\/\/searchlight.site:8888\/wp-content\/uploads\/2018\/06\/learn2read2.png\" alt=\"aprender2leer2\" width=\"1174\" height=\"203\" srcset=\"https:\/\/cdn.simonssearchlight.org\/wp-content\/uploads\/2018\/06\/09053701\/learn2read2.png 1174w, https:\/\/cdn.simonssearchlight.org\/wp-content\/uploads\/2018\/06\/09053701\/learn2read2-300x52.png 300w, https:\/\/cdn.simonssearchlight.org\/wp-content\/uploads\/2018\/06\/09053701\/learn2read2-768x133.png 768w, https:\/\/cdn.simonssearchlight.org\/wp-content\/uploads\/2018\/06\/09053701\/learn2read2-1024x177.png 1024w\" sizes=\"(max-width: 1174px) 100vw, 1174px\" \/><\/a><\/p>\n<p><a href=\"http:\/\/searchlight.site:8888\/wp-content\/uploads\/2018\/06\/question1.png\"><img loading=\"lazy\" decoding=\"async\" class=\"aligncenter wp-image-2287 size-full\" src=\"http:\/\/searchlight.site:8888\/wp-content\/uploads\/2018\/06\/question1.png\" alt=\"pregunta1\" width=\"754\" height=\"537\" srcset=\"https:\/\/cdn.simonssearchlight.org\/wp-content\/uploads\/2018\/06\/09053700\/question1.png 754w, https:\/\/cdn.simonssearchlight.org\/wp-content\/uploads\/2018\/06\/09053700\/question1-300x214.png 300w\" sizes=\"(max-width: 754px) 100vw, 754px\" \/><\/a><\/p>\n<p><a href=\"http:\/\/searchlight.site:8888\/wp-content\/uploads\/2018\/06\/question2.png\"><img loading=\"lazy\" decoding=\"async\" class=\"aligncenter wp-image-2288 size-full\" src=\"http:\/\/searchlight.site:8888\/wp-content\/uploads\/2018\/06\/question2.png\" alt=\"pregunta2\" width=\"748\" height=\"552\" srcset=\"https:\/\/cdn.simonssearchlight.org\/wp-content\/uploads\/2018\/06\/09053700\/question2.png 748w, https:\/\/cdn.simonssearchlight.org\/wp-content\/uploads\/2018\/06\/09053700\/question2-300x221.png 300w\" sizes=\"(max-width: 748px) 100vw, 748px\" \/><\/a><\/p>\n<p><a href=\"http:\/\/searchlight.site:8888\/wp-content\/uploads\/2018\/06\/question3.png\"><img loading=\"lazy\" decoding=\"async\" class=\"aligncenter wp-image-2289 size-full\" src=\"http:\/\/searchlight.site:8888\/wp-content\/uploads\/2018\/06\/question3.png\" alt=\"pregunta3\" width=\"963\" height=\"537\" srcset=\"https:\/\/cdn.simonssearchlight.org\/wp-content\/uploads\/2018\/06\/09053659\/question3.png 963w, https:\/\/cdn.simonssearchlight.org\/wp-content\/uploads\/2018\/06\/09053659\/question3-300x167.png 300w, https:\/\/cdn.simonssearchlight.org\/wp-content\/uploads\/2018\/06\/09053659\/question3-768x428.png 768w\" sizes=\"(max-width: 963px) 100vw, 963px\" \/><\/a><\/p>\n<p><a href=\"https:\/\/connect.simonsvip.org\/status-dashboard-documentation\/2018-06-12-14_30_13-simons-foundation-vip-messages-tempus-dynamics\/\" rel=\"attachment wp-att-2226\"><br \/>\n<img loading=\"lazy\" decoding=\"async\" class=\" wp-image-2226 aligncenter\" src=\"https:\/\/connect.simonsvip.org\/wp-content\/uploads\/2018\/06\/2018-06-12-14_30_13-Simons-Foundation-VIP-Messages-Tempus-Dynamics-300x255.png\" alt=\"\" width=\"642\" height=\"547\"><\/a><\/p>\n<p><a href=\"https:\/\/connect.simonsvip.org\/status-dashboard-documentation\/2018-06-12-14_30_34-simons-foundation-vip-messages-tempus-dynamics\/\" rel=\"attachment wp-att-2227\"><img loading=\"lazy\" decoding=\"async\" class=\"wp-image-2227 aligncenter\" src=\"https:\/\/connect.simonsvip.org\/wp-content\/uploads\/2018\/06\/2018-06-12-14_30_34-Simons-Foundation-VIP-Messages-Tempus-Dynamics-300x210.png\" alt=\"\" width=\"641\" height=\"456\"><\/a><\/p>\n","protected":false},"excerpt":{"rendered":"<p>Panel de control Portal de administraci\u00f3n Visi\u00f3n general El panel de control de estado proporcionar\u00e1 estad\u00edsticas de contacto y respuesta en tiempo real por secuencia de proyecto. Secci\u00f3n resumida Esta secci\u00f3n ofrece una visi\u00f3n general de las estad\u00edsticas de la investigaci\u00f3n en relaci\u00f3n con el \u00e1mbito del proyecto. La estad\u00edstica Primer contacto se refiere a [&hellip;]<\/p>\n","protected":false},"author":18,"featured_media":0,"parent":0,"menu_order":0,"comment_status":"closed","ping_status":"closed","template":"","meta":{"_acf_changed":false,"_relevanssi_hide_post":"","_relevanssi_hide_content":"","_relevanssi_pin_for_all":"","_relevanssi_pin_keywords":"","_relevanssi_unpin_keywords":"","_relevanssi_related_keywords":"","_relevanssi_related_include_ids":"","_relevanssi_related_exclude_ids":"","_relevanssi_related_no_append":"","_relevanssi_related_not_related":"","_relevanssi_related_posts":"","_relevanssi_noindex_reason":"","footnotes":""},"acf":[],"_links":{"self":[{"href":"https:\/\/www.simonssearchlight.org\/es\/wp-json\/wp\/v2\/pages\/18251"}],"collection":[{"href":"https:\/\/www.simonssearchlight.org\/es\/wp-json\/wp\/v2\/pages"}],"about":[{"href":"https:\/\/www.simonssearchlight.org\/es\/wp-json\/wp\/v2\/types\/page"}],"author":[{"embeddable":true,"href":"https:\/\/www.simonssearchlight.org\/es\/wp-json\/wp\/v2\/users\/18"}],"replies":[{"embeddable":true,"href":"https:\/\/www.simonssearchlight.org\/es\/wp-json\/wp\/v2\/comments?post=18251"}],"version-history":[{"count":1,"href":"https:\/\/www.simonssearchlight.org\/es\/wp-json\/wp\/v2\/pages\/18251\/revisions"}],"predecessor-version":[{"id":18258,"href":"https:\/\/www.simonssearchlight.org\/es\/wp-json\/wp\/v2\/pages\/18251\/revisions\/18258"}],"wp:attachment":[{"href":"https:\/\/www.simonssearchlight.org\/es\/wp-json\/wp\/v2\/media?parent=18251"}],"curies":[{"name":"wp","href":"https:\/\/api.w.org\/{rel}","templated":true}]}}