{"id":18241,"date":"2018-10-31T15:43:50","date_gmt":"2018-10-31T19:43:50","guid":{"rendered":"https:\/\/www.simonssearchlight.org\/acerca-de\/"},"modified":"2023-10-26T08:30:43","modified_gmt":"2023-10-26T12:30:43","slug":"acerca-de","status":"publish","type":"page","link":"https:\/\/www.simonssearchlight.org\/es\/acerca-de\/","title":{"rendered":"Acerca de"},"content":{"rendered":"<p><span class=\"notranslate\">Simons Searchlight<\/span> se dedica a acelerar la ciencia gen\u00e9tica del autismo y trastornos afines. Queremos m\u00e1s respuestas. Queremos m\u00e1s progreso.<\/p>\n\n<p>Somos una asociaci\u00f3n de destacados cient\u00edficos, investigadores y familias. <span class=\"notranslate\">Simons Searchlight<\/span> cree que la \u00fanica forma de lograr <strong>avances significativos<\/strong> es hacerlo juntos. Las familias conocen los pasos que han dado en su viaje y c\u00f3mo se han visto afectadas sus vidas. Los cient\u00edficos saben c\u00f3mo transformar ese conocimiento en la investigaci\u00f3n m\u00e1s puntera.<\/p>\n<p>Juntos haremos avanzar la ciencia.<\/p>\n<p><img loading=\"lazy\" decoding=\"async\" src=\"http:\/\/searchlight.site:8888\/wp-content\/uploads\/2018\/11\/blog3-300x200.jpg\" alt=\"\" width=\"300\" height=\"200\" class=\"alignright size-medium wp-image-46\" srcset=\"https:\/\/cdn.simonssearchlight.org\/wp-content\/uploads\/2018\/11\/09053836\/blog3-300x200.jpg 300w, https:\/\/cdn.simonssearchlight.org\/wp-content\/uploads\/2018\/11\/09053836\/blog3.jpg 500w\" sizes=\"(max-width: 300px) 100vw, 300px\" \/>Las afecciones que estudiamos pueden ser <strong>extremadamente raras<\/strong>. Pero cuando nos unimos, pueden ocurrir cosas incre\u00edbles. Surgen ideas y pautas. Las comunidades se forman. Las condiciones, una vez aisladas, adquieren importancia y relevancia.<\/p>\n<p>Y cuando encontremos las respuestas, cuando recopilemos los datos, creemos que es de fundamental importancia ser abiertos. <strong>Compartir los resultados<\/strong> con usted. E invitar a investigadores de talla mundial a seguir explorando. Cuantas m\u00e1s mentes tengamos estudiando estos cambios gen\u00e9ticos, m\u00e1s conocimientos podremos <strong>aportarles<\/strong>.<\/p>\n<p>Juntos, tendremos \u00e9xito.<\/p>\n\n<h2>Se trata de un t\u00edtulo H2<\/h2>\n<p>Lorem ipsum dolor sit amet, consectetur adipiscing elit. <a href=\"#\">Integer et ornare diam<\/a>. Quisque vel maximus dui. Morbi molestie ex diam, <em>tempor egestas mi ullamcorper vitae<\/em>. Nunc eu cursus sem. Pellentesque suscipit et arcu ac ullamcorper.<\/p>\n<ul>\n<li>Aenean elit diam, blandit in fermentum quis, venenatis ac massa.<\/li>\n<li>Vestibulum venenatis quam lorem, eu vehicula lacus dapibus a. Proin a massa facilisis, porta mauris eu, hendrerit ex.<\/li>\n<li>Praesent <strong>a vulputate risus<\/strong>, non elementum ante. Morbi finibus euismod malesuada. Nulla eu ante nec augue imperdiet posuere.<\/li>\n<li>Aenean elit diam, blandit in fermentum quis, <em>venenatis ac massa<\/em>. Vestibulum venenatis quam lorem, eu vehicula lacus dapibus a.<\/li>\n<\/ul>\n<h3>Se trata de un t\u00edtulo H3<\/h3>\n<p>Vivamus eget libero a sapien fermentum eleifend nec a mi. Maecenas gravida, enim at dictum bibendum, neque enim mattis est, eu semper nibh ex eget erat.<\/p>\n<blockquote><p>Esto es una cita. Aliquam cursus justo non accumsan molestie. Fusce sit amet gravida lectus. Ujusto non accumsan molestie. Fusce sit amet gravida lectus.<\/p><\/blockquote>\n<p>Aliquam cursus justo non accumsan molestie. Fusce sit amet gravida lectus. Suspendisse euismod elit mi, ut sollicitudin mauris laoreet quis.<\/p>\n<ol>\n<li>Fusce sit amet gravida<\/li>\n<li>Vestibulum in sollicitudin lorem<\/li>\n<li>Donec congue nisl vitae lacus <a href=\"#\">aliquam consequat<\/a><\/li>\n<\/ol>\n<h4>Se trata de una r\u00fabrica H4<\/h4>\n<p>Donec scelerisque a enim quis semper. Donec facilisis fringilla consectetur. Fusce consequat elit sed varius cursus. Vestibulum in sollicitudin lorem. Donec congue nisl vitae lacus aliquam consequat. Cras lobortis massa sed mauris venenatis sollicitudin.<\/p>\n","protected":false},"excerpt":{"rendered":"<p>Simons Searchlight se dedica a acelerar la ciencia gen\u00e9tica del autismo y trastornos afines. Queremos m\u00e1s respuestas. Queremos m\u00e1s progreso. Somos una asociaci\u00f3n de destacados cient\u00edficos, investigadores y familias. Simons Searchlight cree que la \u00fanica forma de lograr avances significativos es hacerlo juntos. Las familias conocen los pasos que han dado en su viaje y [&hellip;]<\/p>\n","protected":false},"author":18,"featured_media":0,"parent":0,"menu_order":0,"comment_status":"closed","ping_status":"closed","template":"","meta":{"_acf_changed":false,"_relevanssi_hide_post":"","_relevanssi_hide_content":"","_relevanssi_pin_for_all":"","_relevanssi_pin_keywords":"","_relevanssi_unpin_keywords":"","_relevanssi_related_keywords":"","_relevanssi_related_include_ids":"","_relevanssi_related_exclude_ids":"","_relevanssi_related_no_append":"","_relevanssi_related_not_related":"","_relevanssi_related_posts":"","_relevanssi_noindex_reason":"","footnotes":""},"acf":[],"_links":{"self":[{"href":"https:\/\/www.simonssearchlight.org\/es\/wp-json\/wp\/v2\/pages\/18241"}],"collection":[{"href":"https:\/\/www.simonssearchlight.org\/es\/wp-json\/wp\/v2\/pages"}],"about":[{"href":"https:\/\/www.simonssearchlight.org\/es\/wp-json\/wp\/v2\/types\/page"}],"author":[{"embeddable":true,"href":"https:\/\/www.simonssearchlight.org\/es\/wp-json\/wp\/v2\/users\/18"}],"replies":[{"embeddable":true,"href":"https:\/\/www.simonssearchlight.org\/es\/wp-json\/wp\/v2\/comments?post=18241"}],"version-history":[{"count":1,"href":"https:\/\/www.simonssearchlight.org\/es\/wp-json\/wp\/v2\/pages\/18241\/revisions"}],"predecessor-version":[{"id":18249,"href":"https:\/\/www.simonssearchlight.org\/es\/wp-json\/wp\/v2\/pages\/18241\/revisions\/18249"}],"wp:attachment":[{"href":"https:\/\/www.simonssearchlight.org\/es\/wp-json\/wp\/v2\/media?parent=18241"}],"curies":[{"name":"wp","href":"https:\/\/api.w.org\/{rel}","templated":true}]}}