{"id":18211,"date":"2018-05-03T14:18:44","date_gmt":"2018-05-03T18:18:44","guid":{"rendered":"https:\/\/www.simonssearchlight.org\/duplicacion-1q21-1\/"},"modified":"2026-04-06T12:55:51","modified_gmt":"2026-04-06T16:55:51","slug":"duplicacion-1q21-1","status":"publish","type":"page","link":"https:\/\/www.simonssearchlight.org\/es\/proceso-de-investigacion\/trastornos-geneticos-que-estudiamos\/duplicacion-1q21-1\/","title":{"rendered":"Duplicaci\u00f3n 1q21.1"},"content":{"rendered":"<p><span style=\"font-weight: 400;\">La informaci\u00f3n de este resumen de <\/span><strong>S\u00edndrome de <span class=\"notranslate\">duplicaci\u00f3n 1q21.1<\/span><\/strong><span style=\"font-weight: 400;\">  procede de publicaciones de investigaci\u00f3n. Esto no pretende sustituir el asesoramiento m\u00e9dico. <\/span><\/p>\n<p><a href=\"https:\/\/www.simonssearchlight.org\/es\/gene-guide\/sindrome-de-duplicacion-1q21-1\/\" target=\"_blank\" rel=\"noopener\"><strong>Haga clic aqu\u00ed para acceder a nuestra gu\u00eda completa sobre la duplicaci\u00f3n del gen 1q21.1<\/strong><\/a><\/p>\n<p>La Gu\u00eda Gen\u00e9tica online incluye m\u00e1s informaci\u00f3n sobre la <span class=\"notranslate\">duplicaci\u00f3n 1q21.1<\/span>, como la probabilidad de tener otro hijo con esta afecci\u00f3n, problemas de comportamiento y desarrollo relacionados con la <span class=\"notranslate\">duplicaci\u00f3n 1q21.1<\/span> o especialistas a tener en cuenta para las personas con esta afecci\u00f3n. Comparta este recurso con los miembros de su familia o con sus proveedores cl\u00ednicos.<\/p>\n<p><strong>s\u00edndrome de <span class=\"notranslate\">duplicaci\u00f3n 1q21.1<\/span><\/strong><span style=\"font-weight: 400;\"> tambi\u00e9n se denomina <\/span><strong>microduplicaci\u00f3n 1q21.1<\/strong><span style=\"font-weight: 400;\">.<\/span> <span style=\"font-weight: 400;\">En esta p\u00e1gina web utilizaremos el nombre <\/span><strong>s\u00edndrome de <span class=\"notranslate\">duplicaci\u00f3n 1q21.1<\/span><\/strong><span style=\"font-weight: 400;\"> para englobar la amplia gama de variantes observadas en las personas identificadas.<\/span><\/p>\n","protected":false},"excerpt":{"rendered":"<p>La informaci\u00f3n de este resumen de S\u00edndrome de duplicaci\u00f3n 1q21.1 procede de publicaciones de investigaci\u00f3n. Esto no pretende sustituir el asesoramiento m\u00e9dico. Haga clic aqu\u00ed para acceder a nuestra gu\u00eda completa sobre la duplicaci\u00f3n del gen 1q21.1 La Gu\u00eda Gen\u00e9tica online incluye m\u00e1s informaci\u00f3n sobre la duplicaci\u00f3n 1q21.1, como la probabilidad de tener otro hijo [&hellip;]<\/p>\n","protected":false},"author":4,"featured_media":0,"parent":18254,"menu_order":2,"comment_status":"closed","ping_status":"closed","template":"page-gene-card.php","meta":{"_acf_changed":false,"_relevanssi_hide_post":"","_relevanssi_hide_content":"","_relevanssi_pin_for_all":"","_relevanssi_pin_keywords":"","_relevanssi_unpin_keywords":"","_relevanssi_related_keywords":"","_relevanssi_related_include_ids":"","_relevanssi_related_exclude_ids":"","_relevanssi_related_no_append":"","_relevanssi_related_not_related":"","_relevanssi_related_posts":"","_relevanssi_noindex_reason":"","footnotes":""},"acf":[],"_links":{"self":[{"href":"https:\/\/www.simonssearchlight.org\/es\/wp-json\/wp\/v2\/pages\/18211"}],"collection":[{"href":"https:\/\/www.simonssearchlight.org\/es\/wp-json\/wp\/v2\/pages"}],"about":[{"href":"https:\/\/www.simonssearchlight.org\/es\/wp-json\/wp\/v2\/types\/page"}],"author":[{"embeddable":true,"href":"https:\/\/www.simonssearchlight.org\/es\/wp-json\/wp\/v2\/users\/4"}],"replies":[{"embeddable":true,"href":"https:\/\/www.simonssearchlight.org\/es\/wp-json\/wp\/v2\/comments?post=18211"}],"version-history":[{"count":5,"href":"https:\/\/www.simonssearchlight.org\/es\/wp-json\/wp\/v2\/pages\/18211\/revisions"}],"predecessor-version":[{"id":78843,"href":"https:\/\/www.simonssearchlight.org\/es\/wp-json\/wp\/v2\/pages\/18211\/revisions\/78843"}],"up":[{"embeddable":true,"href":"https:\/\/www.simonssearchlight.org\/es\/wp-json\/wp\/v2\/pages\/18254"}],"wp:attachment":[{"href":"https:\/\/www.simonssearchlight.org\/es\/wp-json\/wp\/v2\/media?parent=18211"}],"curies":[{"name":"wp","href":"https:\/\/api.w.org\/{rel}","templated":true}]}}