{"id":18206,"date":"2018-05-04T16:28:53","date_gmt":"2018-05-04T20:28:53","guid":{"rendered":"https:\/\/www.simonssearchlight.org\/ppp2r5d\/"},"modified":"2026-04-06T16:32:37","modified_gmt":"2026-04-06T20:32:37","slug":"ppp2r5d","status":"publish","type":"page","link":"https:\/\/www.simonssearchlight.org\/es\/proceso-de-investigacion\/trastornos-geneticos-que-estudiamos\/ppp2r5d\/","title":{"rendered":"PPP2R5D"},"content":{"rendered":"<p><span style=\"font-weight: 400;\">La informaci\u00f3n de este resumen de <\/span><strong>S\u00edndrome relacionado con <span class=\"notranslate\">PPP2R5D<\/span><\/strong><span style=\"font-weight: 400;\">  procede de publicaciones de investigaci\u00f3n. Esto no pretende sustituir el asesoramiento m\u00e9dico. <\/span><\/p>\n<p><a href=\"https:\/\/www.simonssearchlight.org\/es\/gene-guide\/sindrome-relacionado-con-ppp2r5d\/\" target=\"_blank\" rel=\"noopener\"><strong>Haz clic aqu\u00ed para ver nuestra Gu\u00eda completa del gen PPP2R5D<\/strong><\/a><\/p>\n<p>La Gu\u00eda Gen\u00e9tica en l\u00ednea incluye m\u00e1s informaci\u00f3n sobre el s\u00edndrome relacionado con la <span class=\"notranslate\">PPP2R5D<\/span>, como la probabilidad de tener otro hijo con esta afecci\u00f3n, los problemas de comportamiento y desarrollo relacionados con el s\u00edndrome relacionado con la <span class=\"notranslate\">PPP2R5D<\/span> o los especialistas a tener en cuenta para las personas con esta afecci\u00f3n. Comparta este recurso con los miembros de su familia o con sus proveedores cl\u00ednicos. <\/p>\n<p><strong>S\u00edndrome relacionado con la <span class=\"notranslate\">PPP2R5D<\/span><\/strong><span style=\"font-weight: 400;\"> tambi\u00e9n se denomina <\/span><strong>trastorno del neurodesarrollo relacionado con la <span class=\"notranslate\">PPP2R5D<\/span><\/strong><span style=\"font-weight: 400;\"> o <\/span><strong>s\u00edndrome de Jordan<\/strong><span style=\"font-weight: 400;\">.<\/span> <span style=\"font-weight: 400;\">En esta p\u00e1gina web utilizaremos el nombre <\/span><strong>s\u00edndrome relacionado con la <span class=\"notranslate\">PPP2R5D<\/span><\/strong><span style=\"font-weight: 400;\"> para englobar la amplia gama de variantes observadas en las personas identificadas.<\/span><\/p>\n","protected":false},"excerpt":{"rendered":"<p>La informaci\u00f3n de este resumen de S\u00edndrome relacionado con PPP2R5D procede de publicaciones de investigaci\u00f3n. Esto no pretende sustituir el asesoramiento m\u00e9dico. Haz clic aqu\u00ed para ver nuestra Gu\u00eda completa del gen PPP2R5D La Gu\u00eda Gen\u00e9tica en l\u00ednea incluye m\u00e1s informaci\u00f3n sobre el s\u00edndrome relacionado con la PPP2R5D, como la probabilidad de tener otro hijo [&hellip;]<\/p>\n","protected":false},"author":18,"featured_media":0,"parent":18254,"menu_order":0,"comment_status":"closed","ping_status":"closed","template":"page-gene-card.php","meta":{"_acf_changed":false,"_relevanssi_hide_post":"","_relevanssi_hide_content":"","_relevanssi_pin_for_all":"","_relevanssi_pin_keywords":"","_relevanssi_unpin_keywords":"","_relevanssi_related_keywords":"","_relevanssi_related_include_ids":"","_relevanssi_related_exclude_ids":"","_relevanssi_related_no_append":"","_relevanssi_related_not_related":"","_relevanssi_related_posts":"","_relevanssi_noindex_reason":"","footnotes":""},"acf":[],"_links":{"self":[{"href":"https:\/\/www.simonssearchlight.org\/es\/wp-json\/wp\/v2\/pages\/18206"}],"collection":[{"href":"https:\/\/www.simonssearchlight.org\/es\/wp-json\/wp\/v2\/pages"}],"about":[{"href":"https:\/\/www.simonssearchlight.org\/es\/wp-json\/wp\/v2\/types\/page"}],"author":[{"embeddable":true,"href":"https:\/\/www.simonssearchlight.org\/es\/wp-json\/wp\/v2\/users\/18"}],"replies":[{"embeddable":true,"href":"https:\/\/www.simonssearchlight.org\/es\/wp-json\/wp\/v2\/comments?post=18206"}],"version-history":[{"count":9,"href":"https:\/\/www.simonssearchlight.org\/es\/wp-json\/wp\/v2\/pages\/18206\/revisions"}],"predecessor-version":[{"id":78969,"href":"https:\/\/www.simonssearchlight.org\/es\/wp-json\/wp\/v2\/pages\/18206\/revisions\/78969"}],"up":[{"embeddable":true,"href":"https:\/\/www.simonssearchlight.org\/es\/wp-json\/wp\/v2\/pages\/18254"}],"wp:attachment":[{"href":"https:\/\/www.simonssearchlight.org\/es\/wp-json\/wp\/v2\/media?parent=18206"}],"curies":[{"name":"wp","href":"https:\/\/api.w.org\/{rel}","templated":true}]}}