{"id":18197,"date":"2018-05-04T16:19:39","date_gmt":"2018-05-04T20:19:39","guid":{"rendered":"https:\/\/www.simonssearchlight.org\/pacs1\/"},"modified":"2026-04-06T16:30:29","modified_gmt":"2026-04-06T20:30:29","slug":"pacs1","status":"publish","type":"page","link":"https:\/\/www.simonssearchlight.org\/es\/proceso-de-investigacion\/trastornos-geneticos-que-estudiamos\/pacs1\/","title":{"rendered":"PACS1"},"content":{"rendered":"<p><span style=\"font-weight: 400;\">La informaci\u00f3n de este resumen de <\/span><strong>S\u00edndrome relacionado con <span class=\"notranslate\">PACS1<\/span><\/strong><span style=\"font-weight: 400;\">  procede de publicaciones de investigaci\u00f3n. Esto no pretende sustituir el asesoramiento m\u00e9dico. <\/span><\/p>\n<p><a href=\"https:\/\/www.simonssearchlight.org\/es\/gene-guide\/sindrome-relacionado-con-pacs1\/\" target=\"_blank\" rel=\"noopener\"><strong>Haz clic aqu\u00ed para ver nuestra Gu\u00eda completa de genes PACS1<\/strong><\/a><\/p>\n<p><span style=\"font-weight: 400;\">La Gu\u00eda Gen\u00e9tica online incluye m\u00e1s informaci\u00f3n sobre el <span class=\"notranslate\">PACS1<\/span>, como la probabilidad de tener otro hijo con esta afecci\u00f3n, los problemas de comportamiento y desarrollo relacionados con el s\u00edndrome <span class=\"notranslate\">PACS1<\/span> o los especialistas a tener en cuenta para las personas con esta afecci\u00f3n. Comparta este recurso con los miembros de su familia o con sus proveedores cl\u00ednicos.<\/span><\/p>\n<p><strong>S\u00edndrome relacionado con <span class=\"notranslate\">PACS1<\/span><\/strong><span style=\"font-weight: 400;\"> tambi\u00e9n se denomina<\/span> <strong>s\u00edndrome de Schuurs-Hoeijmakers<\/strong><span style=\"font-weight: 400;\"> o <\/span><strong>enfermedad neurol\u00f3gica relacionada con <span class=\"notranslate\">PACS1<\/span><\/strong><span style=\"font-weight: 400;\">. Para esta p\u00e1gina web, utilizaremos el nombre  <\/span><strong>S\u00edndrome relacionado con <span class=\"notranslate\">PACS1<\/span><\/strong><span style=\"font-weight: 400;\"> para englobar la amplia gama de variantes observadas en las personas identificadas.<\/span><\/p>\n","protected":false},"excerpt":{"rendered":"<p>La informaci\u00f3n de este resumen de S\u00edndrome relacionado con PACS1 procede de publicaciones de investigaci\u00f3n. Esto no pretende sustituir el asesoramiento m\u00e9dico. Haz clic aqu\u00ed para ver nuestra Gu\u00eda completa de genes PACS1 La Gu\u00eda Gen\u00e9tica online incluye m\u00e1s informaci\u00f3n sobre el PACS1, como la probabilidad de tener otro hijo con esta afecci\u00f3n, los problemas [&hellip;]<\/p>\n","protected":false},"author":4,"featured_media":0,"parent":18254,"menu_order":0,"comment_status":"closed","ping_status":"closed","template":"page-gene-card.php","meta":{"_acf_changed":false,"_relevanssi_hide_post":"","_relevanssi_hide_content":"","_relevanssi_pin_for_all":"","_relevanssi_pin_keywords":"","_relevanssi_unpin_keywords":"","_relevanssi_related_keywords":"","_relevanssi_related_include_ids":"","_relevanssi_related_exclude_ids":"","_relevanssi_related_no_append":"","_relevanssi_related_not_related":"","_relevanssi_related_posts":"","_relevanssi_noindex_reason":"","footnotes":""},"acf":[],"_links":{"self":[{"href":"https:\/\/www.simonssearchlight.org\/es\/wp-json\/wp\/v2\/pages\/18197"}],"collection":[{"href":"https:\/\/www.simonssearchlight.org\/es\/wp-json\/wp\/v2\/pages"}],"about":[{"href":"https:\/\/www.simonssearchlight.org\/es\/wp-json\/wp\/v2\/types\/page"}],"author":[{"embeddable":true,"href":"https:\/\/www.simonssearchlight.org\/es\/wp-json\/wp\/v2\/users\/4"}],"replies":[{"embeddable":true,"href":"https:\/\/www.simonssearchlight.org\/es\/wp-json\/wp\/v2\/comments?post=18197"}],"version-history":[{"count":3,"href":"https:\/\/www.simonssearchlight.org\/es\/wp-json\/wp\/v2\/pages\/18197\/revisions"}],"predecessor-version":[{"id":61941,"href":"https:\/\/www.simonssearchlight.org\/es\/wp-json\/wp\/v2\/pages\/18197\/revisions\/61941"}],"up":[{"embeddable":true,"href":"https:\/\/www.simonssearchlight.org\/es\/wp-json\/wp\/v2\/pages\/18254"}],"wp:attachment":[{"href":"https:\/\/www.simonssearchlight.org\/es\/wp-json\/wp\/v2\/media?parent=18197"}],"curies":[{"name":"wp","href":"https:\/\/api.w.org\/{rel}","templated":true}]}}