{"id":18189,"date":"2018-05-04T14:46:24","date_gmt":"2018-05-04T18:46:24","guid":{"rendered":"https:\/\/www.simonssearchlight.org\/grin2a\/"},"modified":"2026-04-06T15:44:55","modified_gmt":"2026-04-06T19:44:55","slug":"grin2a","status":"publish","type":"page","link":"https:\/\/www.simonssearchlight.org\/es\/proceso-de-investigacion\/trastornos-geneticos-que-estudiamos\/grin2a\/","title":{"rendered":"GRIN2A"},"content":{"rendered":"<p><span style=\"font-weight: 400;\">La informaci\u00f3n de este resumen de <\/span><strong>S\u00edndrome relacionado con GRIN2A<\/strong><span style=\"font-weight: 400;\">  procede de publicaciones de investigaci\u00f3n. Esto no pretende sustituir el asesoramiento m\u00e9dico. <\/span><\/p>\n<p><a href=\"https:\/\/www.simonssearchlight.org\/es\/gene-guide\/sindrome-relacionado-con-grin2a\/\" target=\"_blank\" rel=\"noopener\"><strong>Pulsa aqu\u00ed para ver nuestra Gu\u00eda completa del gen GRIN2A<\/strong><\/a><\/p>\n<p>La Gu\u00eda Gen\u00e9tica online incluye m\u00e1s informaci\u00f3n sobre <span class=\"notranslate\">GRIN2A<\/span>, como la probabilidad de tener otro hijo con esta afecci\u00f3n, problemas de comportamiento y desarrollo <span class=\"notranslate\">relacionados con el s\u00edndrome GRIN2A<\/span> o especialistas a tener en cuenta para las personas con esta afecci\u00f3n. Comparta este recurso con los miembros de su familia o con sus proveedores cl\u00ednicos.<\/p>\n<p><strong>S\u00edndrome relacionado con GRIN2A<\/strong><span style=\"font-weight: 400;\"> tambi\u00e9n se denomina <\/span><strong>trastorno relacionado con GRIN2A<\/strong><span style=\"font-weight: 400;\">. Para esta p\u00e1gina web, utilizaremos el nombre  <\/span><strong>S\u00edndrome relacionado con GRIN2A<\/strong><span style=\"font-weight: 400;\"> para abarcar la amplia gama de variantes observadas en las personas identificadas.<\/span><\/p>\n","protected":false},"excerpt":{"rendered":"<p>La informaci\u00f3n de este resumen de S\u00edndrome relacionado con GRIN2A procede de publicaciones de investigaci\u00f3n. Esto no pretende sustituir el asesoramiento m\u00e9dico. Pulsa aqu\u00ed para ver nuestra Gu\u00eda completa del gen GRIN2A La Gu\u00eda Gen\u00e9tica online incluye m\u00e1s informaci\u00f3n sobre GRIN2A, como la probabilidad de tener otro hijo con esta afecci\u00f3n, problemas de comportamiento y [&hellip;]<\/p>\n","protected":false},"author":4,"featured_media":0,"parent":18254,"menu_order":0,"comment_status":"closed","ping_status":"closed","template":"page-gene-card.php","meta":{"_acf_changed":false,"_relevanssi_hide_post":"","_relevanssi_hide_content":"","_relevanssi_pin_for_all":"","_relevanssi_pin_keywords":"","_relevanssi_unpin_keywords":"","_relevanssi_related_keywords":"","_relevanssi_related_include_ids":"","_relevanssi_related_exclude_ids":"","_relevanssi_related_no_append":"","_relevanssi_related_not_related":"","_relevanssi_related_posts":"","_relevanssi_noindex_reason":"","footnotes":""},"acf":[],"_links":{"self":[{"href":"https:\/\/www.simonssearchlight.org\/es\/wp-json\/wp\/v2\/pages\/18189"}],"collection":[{"href":"https:\/\/www.simonssearchlight.org\/es\/wp-json\/wp\/v2\/pages"}],"about":[{"href":"https:\/\/www.simonssearchlight.org\/es\/wp-json\/wp\/v2\/types\/page"}],"author":[{"embeddable":true,"href":"https:\/\/www.simonssearchlight.org\/es\/wp-json\/wp\/v2\/users\/4"}],"replies":[{"embeddable":true,"href":"https:\/\/www.simonssearchlight.org\/es\/wp-json\/wp\/v2\/comments?post=18189"}],"version-history":[{"count":2,"href":"https:\/\/www.simonssearchlight.org\/es\/wp-json\/wp\/v2\/pages\/18189\/revisions"}],"predecessor-version":[{"id":61876,"href":"https:\/\/www.simonssearchlight.org\/es\/wp-json\/wp\/v2\/pages\/18189\/revisions\/61876"}],"up":[{"embeddable":true,"href":"https:\/\/www.simonssearchlight.org\/es\/wp-json\/wp\/v2\/pages\/18254"}],"wp:attachment":[{"href":"https:\/\/www.simonssearchlight.org\/es\/wp-json\/wp\/v2\/media?parent=18189"}],"curies":[{"name":"wp","href":"https:\/\/api.w.org\/{rel}","templated":true}]}}