{"id":73756,"date":"2024-06-21T16:59:48","date_gmt":"2024-06-21T20:59:48","guid":{"rendered":"https:\/\/www.simonssearchlight.org\/forschungsprozess\/genetische-stoerungen-die-wir-untersuchen\/fbxo11-2\/"},"modified":"2024-06-21T16:59:48","modified_gmt":"2024-06-21T20:59:48","slug":"fbxo11-2","status":"publish","type":"page","link":"https:\/\/www.simonssearchlight.org\/de\/forschungsprozess\/genetische-stoerungen-die-wir-untersuchen\/fbxo11-2\/","title":{"rendered":"FBXO11"},"content":{"rendered":"<p><span style=\"font-weight: 400;\">A continuaci\u00f3n se presenta un resumen del <\/span><b>FBXO11<\/b><span style=\"font-weight: 400;\">  observados en las publicaciones de investigaci\u00f3n. Esto no pretende sustituir el asesoramiento m\u00e9dico. <\/span><\/p>\n<p><a href=\"https:\/\/www.simonssearchlight.org\/de\/gene-guide\/fbxo11-verwandtes-syndrom\/\" target=\"_blank\" rel=\"noopener\"><strong>Haz clic aqu\u00ed para verestra nuestra gu\u00eda completa del gen FBXO11<\/strong><\/a><\/p>\n<p><span style=\"font-weight: 400;\">La Gu\u00eda Gen\u00e9tica online enth\u00e4lt weitere Informationen \u00fcber FBXO11, wie z.B. die Wahrscheinlichkeit, ein weiteres Kind mit dieser Krankheit zu haben, die Verhaltens- und Entwicklungsprobleme, die mit dem FBXO11-Syndrom verbunden sind, oder die Fachleute, die Personen mit dieser Krankheit ber\u00fccksichtigen sollten. Comparta este recurso con los miembros de su familia o con sus proveedores cl\u00ednicos. <\/span><\/p>\n<p> <strong><br \/>\n  <span class=\"notranslate\">S\u00edndrome relacionado con FBXO11<\/span><br \/>\n<\/strong><span style=\"font-weight: 400;\"> tambi\u00e9n se denomina <\/span><strong>trastorno del desarrollo intelectual con facies dism\u00f3rfica y anomal\u00edas del comportamiento (IDDFBA)<\/strong><span style=\"font-weight: 400;\">.<\/span> <span style=\"font-weight: 400;\">Para esta p\u00e1gina web, utilizaremos el nombre <\/span><strong><br \/>\n  <span class=\"notranslate\">s\u00edndrome relacionado con FBXO11<\/span><br \/>\n<\/strong><span style=\"font-weight: 400;\"> para englobar la amplia gama de variantes observadas en las personas identificadas.<\/span><\/p>\n","protected":false},"excerpt":{"rendered":"<p>A continuaci\u00f3n se presenta un resumen del FBXO11 observados en las publicaciones de investigaci\u00f3n. Esto no pretende sustituir el asesoramiento m\u00e9dico. Haz clic aqu\u00ed para verestra nuestra gu\u00eda completa del gen FBXO11 La Gu\u00eda Gen\u00e9tica online enth\u00e4lt weitere Informationen \u00fcber FBXO11, wie z.B. die Wahrscheinlichkeit, ein weiteres Kind mit dieser Krankheit zu haben, die Verhaltens- [&hellip;]<\/p>\n","protected":false},"author":28,"featured_media":0,"parent":46129,"menu_order":0,"comment_status":"closed","ping_status":"closed","template":"page-gene-card.php","meta":{"_acf_changed":false,"_relevanssi_hide_post":"","_relevanssi_hide_content":"","_relevanssi_pin_for_all":"","_relevanssi_pin_keywords":"","_relevanssi_unpin_keywords":"","_relevanssi_related_keywords":"","_relevanssi_related_include_ids":"","_relevanssi_related_exclude_ids":"","_relevanssi_related_no_append":"","_relevanssi_related_not_related":"","_relevanssi_related_posts":"","_relevanssi_noindex_reason":"","footnotes":""},"acf":[],"_links":{"self":[{"href":"https:\/\/www.simonssearchlight.org\/de\/wp-json\/wp\/v2\/pages\/73756"}],"collection":[{"href":"https:\/\/www.simonssearchlight.org\/de\/wp-json\/wp\/v2\/pages"}],"about":[{"href":"https:\/\/www.simonssearchlight.org\/de\/wp-json\/wp\/v2\/types\/page"}],"author":[{"embeddable":true,"href":"https:\/\/www.simonssearchlight.org\/de\/wp-json\/wp\/v2\/users\/28"}],"replies":[{"embeddable":true,"href":"https:\/\/www.simonssearchlight.org\/de\/wp-json\/wp\/v2\/comments?post=73756"}],"version-history":[{"count":0,"href":"https:\/\/www.simonssearchlight.org\/de\/wp-json\/wp\/v2\/pages\/73756\/revisions"}],"up":[{"embeddable":true,"href":"https:\/\/www.simonssearchlight.org\/de\/wp-json\/wp\/v2\/pages\/46129"}],"wp:attachment":[{"href":"https:\/\/www.simonssearchlight.org\/de\/wp-json\/wp\/v2\/media?parent=73756"}],"curies":[{"name":"wp","href":"https:\/\/api.w.org\/{rel}","templated":true}]}}