{"id":73600,"date":"2025-11-13T16:29:40","date_gmt":"2025-11-13T21:29:40","guid":{"rendered":"https:\/\/www.simonssearchlight.org\/15-jahre-simons-searchlight-ein-fest-fuer-familien-forschung-und-fortschritt\/"},"modified":"2025-12-02T11:45:58","modified_gmt":"2025-12-02T16:45:58","slug":"15-jahre-simons-searchlight-ein-fest-fuer-familien-forschung-und-fortschritt","status":"publish","type":"page","link":"https:\/\/www.simonssearchlight.org\/de\/15-jahre-simons-searchlight-ein-fest-fuer-familien-forschung-und-fortschritt\/","title":{"rendered":"15 Jahre Simons Searchlight: Ein Fest f\u00fcr Familien, Forschung und Fortschritt"},"content":{"rendered":"<h4><\/h4>\n<h4><img loading=\"lazy\" decoding=\"async\" class=\"alignnone wp-image-59301 size-large\" src=\"https:\/\/www.simonssearchlight.org\/wp-content\/uploads\/2025\/01\/Screenshot-2025-01-29-at-11.40.18%E2%80%AFAM-1024x548.png\" alt=\"\" width=\"1024\" height=\"548\" srcset=\"https:\/\/cdn.simonssearchlight.org\/wp-content\/uploads\/2025\/01\/29122637\/Screenshot-2025-01-29-at-11.40.18%E2%80%AFAM-1024x548.png 1024w, https:\/\/cdn.simonssearchlight.org\/wp-content\/uploads\/2025\/01\/29122637\/Screenshot-2025-01-29-at-11.40.18%E2%80%AFAM-300x160.png 300w, https:\/\/cdn.simonssearchlight.org\/wp-content\/uploads\/2025\/01\/29122637\/Screenshot-2025-01-29-at-11.40.18%E2%80%AFAM-768x411.png 768w, https:\/\/cdn.simonssearchlight.org\/wp-content\/uploads\/2025\/01\/29122637\/Screenshot-2025-01-29-at-11.40.18%E2%80%AFAM.png 1316w\" sizes=\"(max-width: 1024px) 100vw, 1024px\" \/><\/h4>\n<h4>In den letzten 15 Jahren hat sich <span class=\"notranslate\">Simons Searchlight<\/span>, ein von der <span class=\"notranslate\">Simons Foundation<\/span> \u00fcber die <span class=\"notranslate\">Simons Foundation<\/span> Autism Research Initiative (SFARI) finanziertes und unterst\u00fctztes Programm, von einem kleinen Gemeinschaftsprojekt zu einem der weltweit gr\u00f6\u00dften internationalen Register f\u00fcr seltene genetische neurologische Entwicklungsst\u00f6rungen entwickelt.<\/h4>\n<p><strong>Was 2010 mit einer Handvoll Familien und Forschern begann, hat sich zu einer lebendigen Gemeinschaft von Tausenden von Menschen in \u00fcber 90 L\u00e4ndern entwickelt, die mehr als 184 genetische Erkrankungen vertreten.<\/strong><\/p>\n<p>Anl\u00e4sslich dieses Jubil\u00e4ums blicken wir auf 15 wichtige Meilensteine zur\u00fcck, die zeigen, wie weit wir gemeinsam gekommen sind &#8211; von den ersten Familientreffen und der Einf\u00fchrung der Online-Teilnahme bis hin zur erweiterten Datenerfassung und globalen Zusammenarbeit.<\/p>\n<p>Diese Reise war nur m\u00f6glich dank der Familien, der Patientenorganisationen und der Forscher, die ihre Zeit, ihre Geschichten und ihre Daten zur Verf\u00fcgung stellen.<\/p>\n<h3><strong>Lesen Sie weiter, wenn wir 15 Momente hervorheben, die <span class=\"notranslate\">Simons Searchlight<\/span> gepr\u00e4gt haben, und blicken Sie mit uns auf das n\u00e4chste Kapitel der Entdeckung<\/strong>.<\/h3>\n","protected":false},"excerpt":{"rendered":"<p>In den letzten 15 Jahren hat sich Simons Searchlight, ein von der Simons Foundation \u00fcber die Simons Foundation Autism Research Initiative (SFARI) finanziertes und unterst\u00fctztes Programm, von einem kleinen Gemeinschaftsprojekt zu einem der weltweit gr\u00f6\u00dften internationalen Register f\u00fcr seltene genetische neurologische Entwicklungsst\u00f6rungen entwickelt. Was 2010 mit einer Handvoll Familien und Forschern begann, hat sich zu [&hellip;]<\/p>\n","protected":false},"author":18,"featured_media":0,"parent":0,"menu_order":0,"comment_status":"closed","ping_status":"closed","template":"","meta":{"_acf_changed":false,"_relevanssi_hide_post":"","_relevanssi_hide_content":"","_relevanssi_pin_for_all":"","_relevanssi_pin_keywords":"","_relevanssi_unpin_keywords":"","_relevanssi_related_keywords":"","_relevanssi_related_include_ids":"","_relevanssi_related_exclude_ids":"","_relevanssi_related_no_append":"","_relevanssi_related_not_related":"","_relevanssi_related_posts":"","_relevanssi_noindex_reason":"","footnotes":""},"acf":[],"_links":{"self":[{"href":"https:\/\/www.simonssearchlight.org\/de\/wp-json\/wp\/v2\/pages\/73600"}],"collection":[{"href":"https:\/\/www.simonssearchlight.org\/de\/wp-json\/wp\/v2\/pages"}],"about":[{"href":"https:\/\/www.simonssearchlight.org\/de\/wp-json\/wp\/v2\/types\/page"}],"author":[{"embeddable":true,"href":"https:\/\/www.simonssearchlight.org\/de\/wp-json\/wp\/v2\/users\/18"}],"replies":[{"embeddable":true,"href":"https:\/\/www.simonssearchlight.org\/de\/wp-json\/wp\/v2\/comments?post=73600"}],"version-history":[{"count":3,"href":"https:\/\/www.simonssearchlight.org\/de\/wp-json\/wp\/v2\/pages\/73600\/revisions"}],"predecessor-version":[{"id":74294,"href":"https:\/\/www.simonssearchlight.org\/de\/wp-json\/wp\/v2\/pages\/73600\/revisions\/74294"}],"wp:attachment":[{"href":"https:\/\/www.simonssearchlight.org\/de\/wp-json\/wp\/v2\/media?parent=73600"}],"curies":[{"name":"wp","href":"https:\/\/api.w.org\/{rel}","templated":true}]}}