{"id":65043,"date":"2025-11-04T09:47:53","date_gmt":"2025-11-04T14:47:53","guid":{"rendered":"https:\/\/www.simonssearchlight.org\/ein-leitfaden-fuer-familien-genetische-und-klinische-diagnosen-verstehen\/"},"modified":"2025-11-24T12:45:50","modified_gmt":"2025-11-24T17:45:50","slug":"ein-leitfaden-fuer-familien-genetische-und-klinische-diagnosen-verstehen","status":"publish","type":"page","link":"https:\/\/www.simonssearchlight.org\/de\/ein-leitfaden-fuer-familien-genetische-und-klinische-diagnosen-verstehen\/","title":{"rendered":"Ein Leitfaden f\u00fcr Familien: Genetische und klinische Diagnosen verstehen"},"content":{"rendered":"<p>&nbsp;<\/p>\n<p><img loading=\"lazy\" decoding=\"async\" class=\"alignnone wp-image-66315 \" src=\"https:\/\/cdn.simonssearchlight.org\/wp-content\/uploads\/2025\/11\/05044441\/FamilyGuide_graphics-09.svg\" alt=\"\" width=\"392\" height=\"392\"><\/p>\n<p>Geschrieben f\u00fcr Familien von den <span class=\"notranslate\">Simons Searchlight<\/span> Genetic Counselors<br \/>\n<em>Misia Kowanda, Emily Palen, Elisheva Dubin, und Jamie Lundy<\/em><\/p>\n<h2><\/h2>\n<h2><b>Einf\u00fchrung: Warum Diagnosen wichtig sind<\/b><\/h2>\n<p>Wenn Ihr Kind eine Diagnose erh\u00e4lt, sei es eine Entwicklungsverz\u00f6gerung, Autismus, Epilepsie oder eine seltene genetische Erkrankung, ist es nur nat\u00fcrlich, dass Sie Fragen haben. Familien stellen oft Fragen wie: <\/p>\n<ul>\n<li style=\"font-weight: 400;\" aria-level=\"1\">Ist das medizinische Problem meines Kindes auf seine genetische Variante zur\u00fcckzuf\u00fchren?<\/li>\n<li style=\"font-weight: 400;\" aria-level=\"1\">Wenn mein Kind eine genetische Erkrankung hat, erkl\u00e4rt das dann alles \u00fcber seine Gesundheit?<\/li>\n<li style=\"font-weight: 400;\" aria-level=\"1\">Warum variieren die Symptome so stark, selbst bei Menschen mit der gleichen genetischen Diagnose?<\/li>\n<li style=\"font-weight: 400;\" aria-level=\"1\">Hat mein Kind immer noch Autismus, wenn er durch eine genetische Erkrankung verursacht wurde?<\/li>\n<\/ul>\n<h3><img loading=\"lazy\" decoding=\"async\" class=\"wp-image-66231 alignleft\" src=\"https:\/\/cdn.simonssearchlight.org\/wp-content\/uploads\/2025\/11\/05044424\/FamilyGuide_graphics-41.svg\" alt=\"\" width=\"93\" height=\"93\"><\/h3>\n<p><strong>Dieser Leitfaden beschreibt den Unterschied zwischen einer genetischen Diagnose und einer klinischen Diagnose, wie sie zusammen verwendet werden und was das f\u00fcr Sie oder Ihr Kind bedeutet.<\/strong><\/p>\n<p><strong><a href=\"https:\/\/cdn.simonssearchlight.org\/wp-content\/uploads\/2025\/11\/05045128\/Simons-Searchlight-Family-Guide-Understanding-Genetic-and-Clinical-Diagnoses.pdf\" target=\"_blank\" rel=\"noopener\">Diesen Leitfaden als PDF herunterladen<\/a><\/strong><\/p>\n","protected":false},"excerpt":{"rendered":"<p>&nbsp; Geschrieben f\u00fcr Familien von den Simons Searchlight Genetic Counselors Misia Kowanda, Emily Palen, Elisheva Dubin, und Jamie Lundy Einf\u00fchrung: Warum Diagnosen wichtig sind Wenn Ihr Kind eine Diagnose erh\u00e4lt, sei es eine Entwicklungsverz\u00f6gerung, Autismus, Epilepsie oder eine seltene genetische Erkrankung, ist es nur nat\u00fcrlich, dass Sie Fragen haben. Familien stellen oft Fragen wie: Ist [&hellip;]<\/p>\n","protected":false},"author":18,"featured_media":66353,"parent":0,"menu_order":0,"comment_status":"closed","ping_status":"closed","template":"","meta":{"_acf_changed":false,"_relevanssi_hide_post":"","_relevanssi_hide_content":"","_relevanssi_pin_for_all":"","_relevanssi_pin_keywords":"","_relevanssi_unpin_keywords":"","_relevanssi_related_keywords":"","_relevanssi_related_include_ids":"","_relevanssi_related_exclude_ids":"","_relevanssi_related_no_append":"","_relevanssi_related_not_related":"","_relevanssi_related_posts":"","_relevanssi_noindex_reason":"","footnotes":""},"acf":[],"_links":{"self":[{"href":"https:\/\/www.simonssearchlight.org\/de\/wp-json\/wp\/v2\/pages\/65043"}],"collection":[{"href":"https:\/\/www.simonssearchlight.org\/de\/wp-json\/wp\/v2\/pages"}],"about":[{"href":"https:\/\/www.simonssearchlight.org\/de\/wp-json\/wp\/v2\/types\/page"}],"author":[{"embeddable":true,"href":"https:\/\/www.simonssearchlight.org\/de\/wp-json\/wp\/v2\/users\/18"}],"replies":[{"embeddable":true,"href":"https:\/\/www.simonssearchlight.org\/de\/wp-json\/wp\/v2\/comments?post=65043"}],"version-history":[{"count":11,"href":"https:\/\/www.simonssearchlight.org\/de\/wp-json\/wp\/v2\/pages\/65043\/revisions"}],"predecessor-version":[{"id":73725,"href":"https:\/\/www.simonssearchlight.org\/de\/wp-json\/wp\/v2\/pages\/65043\/revisions\/73725"}],"wp:featuredmedia":[{"embeddable":true,"href":"https:\/\/www.simonssearchlight.org\/de\/wp-json\/wp\/v2\/media\/66353"}],"wp:attachment":[{"href":"https:\/\/www.simonssearchlight.org\/de\/wp-json\/wp\/v2\/media?parent=65043"}],"curies":[{"name":"wp","href":"https:\/\/api.w.org\/{rel}","templated":true}]}}