{"id":62478,"date":"2025-05-22T15:34:43","date_gmt":"2025-05-22T19:34:43","guid":{"rendered":"https:\/\/www.simonssearchlight.org\/warum-mitmachen-v2\/"},"modified":"2025-12-02T11:45:57","modified_gmt":"2025-12-02T16:45:57","slug":"warum-mitmachen-v2","status":"publish","type":"page","link":"https:\/\/www.simonssearchlight.org\/de\/warum-mitmachen-v2\/","title":{"rendered":"Warum bei Simons Searchlight?"},"content":{"rendered":"<h2><strong>Helfen Sie mit, die Erforschung seltener genetischer neurologischer Entwicklungsst\u00f6rungen zu beschleunigen.<\/strong><\/h2>\n<h4><span class=\"notranslate\">Simons Searchlight<\/span> ist ein Online-Forschungsprogramm f\u00fcr \u00fcber 184 seltene Krankheiten. Qualifizierte Forscher k\u00f6nnen diese Datenbank nutzen, um ihr Wissen zu erweitern und bessere Therapien zu entwickeln. <\/h4>\n<p><img loading=\"lazy\" decoding=\"async\" class=\"aligncenter wp-image-62539 size-large\" src=\"https:\/\/www.simonssearchlight.org\/wp-content\/uploads\/2025\/05\/WhyJoin-fam-round1.2-e1748630949833-1024x936.png\" alt=\"\" width=\"1024\" height=\"936\" srcset=\"https:\/\/www.simonssearchlight.org\/wp-content\/uploads\/2025\/05\/WhyJoin-fam-round1.2-e1748630949833-1024x936.png 1024w, https:\/\/www.simonssearchlight.org\/wp-content\/uploads\/2025\/05\/WhyJoin-fam-round1.2-e1748630949833-300x274.png 300w, https:\/\/www.simonssearchlight.org\/wp-content\/uploads\/2025\/05\/WhyJoin-fam-round1.2-e1748630949833-768x702.png 768w, https:\/\/www.simonssearchlight.org\/wp-content\/uploads\/2025\/05\/WhyJoin-fam-round1.2-e1748630949833-1536x1404.png 1536w\" sizes=\"(max-width: 1024px) 100vw, 1024px\" \/><\/p>\n<h2>Hier erfahren Sie, wie Ihre Familie etwas bewirken kann.<\/h2>\n<p><span class=\"notranslate\">Simons Searchlight<\/span> arbeitet mit Familien, Forschern und Patientenvertretern auf der ganzen Welt zusammen, um seltene genetische Erkrankungen besser zu verstehen.<\/p>\n<p>Unser Ziel ist es, die Forschung zu beschleunigen, indem wir qualitativ hochwertige, standardisierte naturkundliche Daten sammeln und hilfreiche Ressourcen zur Verf\u00fcgung stellen.  <strong>Der Beitrag jeder Familie ist wichtig, und wir setzen uns daf\u00fcr ein, dass Ihre Teilnahme sinnvoll ist.<\/strong><\/p>\n","protected":false},"excerpt":{"rendered":"<p>Helfen Sie mit, die Erforschung seltener genetischer neurologischer Entwicklungsst\u00f6rungen zu beschleunigen. Simons Searchlight ist ein Online-Forschungsprogramm f\u00fcr \u00fcber 184 seltene Krankheiten. Qualifizierte Forscher k\u00f6nnen diese Datenbank nutzen, um ihr Wissen zu erweitern und bessere Therapien zu entwickeln. Hier erfahren Sie, wie Ihre Familie etwas bewirken kann. Simons Searchlight arbeitet mit Familien, Forschern und Patientenvertretern auf [&hellip;]<\/p>\n","protected":false},"author":18,"featured_media":0,"parent":0,"menu_order":0,"comment_status":"closed","ping_status":"closed","template":"","meta":{"_acf_changed":false,"_relevanssi_hide_post":"","_relevanssi_hide_content":"","_relevanssi_pin_for_all":"","_relevanssi_pin_keywords":"","_relevanssi_unpin_keywords":"","_relevanssi_related_keywords":"","_relevanssi_related_include_ids":"","_relevanssi_related_exclude_ids":"","_relevanssi_related_no_append":"","_relevanssi_related_not_related":"","_relevanssi_related_posts":"","_relevanssi_noindex_reason":"","footnotes":""},"acf":[],"_links":{"self":[{"href":"https:\/\/www.simonssearchlight.org\/de\/wp-json\/wp\/v2\/pages\/62478"}],"collection":[{"href":"https:\/\/www.simonssearchlight.org\/de\/wp-json\/wp\/v2\/pages"}],"about":[{"href":"https:\/\/www.simonssearchlight.org\/de\/wp-json\/wp\/v2\/types\/page"}],"author":[{"embeddable":true,"href":"https:\/\/www.simonssearchlight.org\/de\/wp-json\/wp\/v2\/users\/18"}],"replies":[{"embeddable":true,"href":"https:\/\/www.simonssearchlight.org\/de\/wp-json\/wp\/v2\/comments?post=62478"}],"version-history":[{"count":12,"href":"https:\/\/www.simonssearchlight.org\/de\/wp-json\/wp\/v2\/pages\/62478\/revisions"}],"predecessor-version":[{"id":74292,"href":"https:\/\/www.simonssearchlight.org\/de\/wp-json\/wp\/v2\/pages\/62478\/revisions\/74292"}],"wp:attachment":[{"href":"https:\/\/www.simonssearchlight.org\/de\/wp-json\/wp\/v2\/media?parent=62478"}],"curies":[{"name":"wp","href":"https:\/\/api.w.org\/{rel}","templated":true}]}}