{"id":47052,"date":"2021-05-07T14:23:10","date_gmt":"2021-05-07T18:23:10","guid":{"rendered":"https:\/\/www.simonssearchlight.org\/forschungsprozess\/genetische-stoerungen-die-wir-untersuchen\/16p11-2-duplikation-distal\/"},"modified":"2026-04-06T15:33:13","modified_gmt":"2026-04-06T19:33:13","slug":"16p11-2-duplikation-distal","status":"publish","type":"page","link":"https:\/\/www.simonssearchlight.org\/de\/forschungsprozess\/genetische-stoerungen-die-wir-untersuchen\/16p11-2-duplikation-distal\/","title":{"rendered":"16p11.2 Duplikation (distal)"},"content":{"rendered":"<p><span style=\"font-weight: 400;\">Die Informationen f\u00fcr diese Zusammenfassung von <\/span><strong>16p11.2 distales Duplikationssyndrom<\/strong><span style=\"font-weight: 400;\">  stammt aus Forschungsver\u00f6ffentlichungen. Dies ist nicht als Ersatz f\u00fcr eine \u00e4rztliche Beratung gedacht. <\/span><\/p>\n<p><a href=\"https:\/\/www.simonssearchlight.org\/es\/gene-guide\/sindrome-de-duplicacion-distal-16p11-2\/\" target=\"_blank\" rel=\"noopener\"><strong>Klicken Sie hier f\u00fcr unseren vollst\u00e4ndigen 16p11.2 Distal Duplication Gene Guide<\/strong><\/a><\/p>\n<p>Der Online-Genf\u00fchrer enth\u00e4lt weitere Informationen \u00fcber die <span class=\"notranslate\">distale Duplikation 16p11.2<\/span>, wie z. B. die Wahrscheinlichkeit, ein weiteres Kind mit dieser Krankheit zu bekommen, Verhaltens- und Entwicklungsprobleme im Zusammenhang mit der <span class=\"notranslate\">distalen Duplikation 16p11.2<\/span> oder Spezialisten, die f\u00fcr Menschen mit dieser Krankheit in Frage kommen. Teilen Sie diese Ressource mit Familienmitgliedern oder Ihren medizinischen Betreuern.<\/p>\n","protected":false},"excerpt":{"rendered":"<p>Die Informationen f\u00fcr diese Zusammenfassung von 16p11.2 distales Duplikationssyndrom stammt aus Forschungsver\u00f6ffentlichungen. Dies ist nicht als Ersatz f\u00fcr eine \u00e4rztliche Beratung gedacht. Klicken Sie hier f\u00fcr unseren vollst\u00e4ndigen 16p11.2 Distal Duplication Gene Guide Der Online-Genf\u00fchrer enth\u00e4lt weitere Informationen \u00fcber die distale Duplikation 16p11.2, wie z. B. die Wahrscheinlichkeit, ein weiteres Kind mit dieser Krankheit zu [&hellip;]<\/p>\n","protected":false},"author":13,"featured_media":0,"parent":46129,"menu_order":0,"comment_status":"closed","ping_status":"closed","template":"page-gene-card.php","meta":{"_acf_changed":false,"_relevanssi_hide_post":"","_relevanssi_hide_content":"","_relevanssi_pin_for_all":"","_relevanssi_pin_keywords":"","_relevanssi_unpin_keywords":"","_relevanssi_related_keywords":"","_relevanssi_related_include_ids":"","_relevanssi_related_exclude_ids":"","_relevanssi_related_no_append":"","_relevanssi_related_not_related":"","_relevanssi_related_posts":"","_relevanssi_noindex_reason":"","footnotes":""},"acf":[],"_links":{"self":[{"href":"https:\/\/www.simonssearchlight.org\/de\/wp-json\/wp\/v2\/pages\/47052"}],"collection":[{"href":"https:\/\/www.simonssearchlight.org\/de\/wp-json\/wp\/v2\/pages"}],"about":[{"href":"https:\/\/www.simonssearchlight.org\/de\/wp-json\/wp\/v2\/types\/page"}],"author":[{"embeddable":true,"href":"https:\/\/www.simonssearchlight.org\/de\/wp-json\/wp\/v2\/users\/13"}],"replies":[{"embeddable":true,"href":"https:\/\/www.simonssearchlight.org\/de\/wp-json\/wp\/v2\/comments?post=47052"}],"version-history":[{"count":2,"href":"https:\/\/www.simonssearchlight.org\/de\/wp-json\/wp\/v2\/pages\/47052\/revisions"}],"predecessor-version":[{"id":61840,"href":"https:\/\/www.simonssearchlight.org\/de\/wp-json\/wp\/v2\/pages\/47052\/revisions\/61840"}],"up":[{"embeddable":true,"href":"https:\/\/www.simonssearchlight.org\/de\/wp-json\/wp\/v2\/pages\/46129"}],"wp:attachment":[{"href":"https:\/\/www.simonssearchlight.org\/de\/wp-json\/wp\/v2\/media?parent=47052"}],"curies":[{"name":"wp","href":"https:\/\/api.w.org\/{rel}","templated":true}]}}