{"id":47045,"date":"2021-04-20T11:34:12","date_gmt":"2021-04-20T15:34:12","guid":{"rendered":"https:\/\/www.simonssearchlight.org\/ueber\/sfari-programme\/"},"modified":"2026-01-14T13:34:23","modified_gmt":"2026-01-14T18:34:23","slug":"sfari-programme","status":"publish","type":"page","link":"https:\/\/www.simonssearchlight.org\/de\/ueber\/sfari-programme\/","title":{"rendered":"SFARI-Programme"},"content":{"rendered":"<p>&nbsp;<\/p>\n<p><span style=\"font-weight: 400;\">Die <a href=\"https:\/\/www.simonsfoundation.org\/\"><span class=\"notranslate\">Simons Foundation<\/span><\/a> ist eine private Stiftung, die die Forschung in verschiedenen Bereichen f\u00f6rdert. Wir tun dies, indem wir die Arbeit unterst\u00fctzen, die <strong>die Grenzen der Forschung in der Mathematik und den Grundlagenwissenschaften vorantreibt<\/strong>.<\/span><\/p>\n<p><span style=\"font-weight: 400;\">Die <span class=\"notranslate\">Simons Foundation<\/span> stellt Mittel f\u00fcr die Autismus- und Neuroentwicklungsforschung \u00fcber die <\/span><a href=\"https:\/\/www.sfari.org\/\"><span class=\"notranslate\">Simons Foundation<\/span> Autismus-Forschungsinitiative (SFARI)<\/a><span style=\"font-weight: 400;\">. Die SFARI hat es sich zur Aufgabe gemacht, die Grundlagenforschung \u00fcber Autismus und verwandte neurologische Entwicklungsst\u00f6rungen voranzutreiben.  <\/span>SFARI <strong>unterst\u00fctzt<\/strong> derzeit <strong>mehr als 300 Forscher weltweit<\/strong> durch eine Vielzahl von Finanzierungsmechanismen, darunter Stipendien f\u00fcr einzelne Forscher, Kooperationsstipendien und Auszeichnungen f\u00fcr Nachwuchswissenschaftler.<\/p>\n<p><span class=\"notranslate\">Simons Searchlight<\/span> ist ein Projekt, das von der <span class=\"notranslate\">Simons Foundation<\/span> im Rahmen der <span class=\"notranslate\">Simons Foundation<\/span> Autism Research Initiative (SFARI) unterst\u00fctzt wird.<\/p>\n<p><span style=\"font-weight: 400;\">Das folgende kurze Video erkl\u00e4rt die Vergabe von Zusch\u00fcssen und andere Forschungsprogramme innerhalb von SFARI, einschlie\u00dflich <span class=\"notranslate\">Simons Searchlight<\/span>. Vielleicht finden Sie es aufschlussreich, die Hintergr\u00fcnde und \u00dcberlegungen zu verstehen, die zur Einf\u00fchrung von <span class=\"notranslate\">Simons Searchlight<\/span> gef\u00fchrt haben!<\/span><\/p>\n<iframe loading=\"lazy\" title=\"YouTube-Video-Player\" src=\"https:\/\/www.youtube.com\/embed\/IuZJ-5RXhCw\" width=\"560\" height=\"315\" frameborder=\"0\" allowfullscreen=\"allowfullscreen\"><\/iframe><\/p>\n<h3>SFARI Autismus-Kohorten<\/h3>\n<p><strong><a href=\"https:\/\/www.sfari.org\/resource\/simons-searchlight\/\" target=\"_blank\" rel=\"noopener noreferrer\">Simons Suchscheinwerfer<\/a><\/strong><\/p>\n<p><span class=\"notranslate\">Simons Searchlight<\/span> ist ein internationales Forschungsprogramm f\u00fcr genetische Bedingungen, die mit seltenen neurologischen Entwicklungsst\u00f6rungen verbunden sind. Ziel ist es, Informationen von den Teilnehmern zu sammeln, um den Lebensverlauf dieser Menschen besser zu verstehen.  Es handelt sich um eine &#8220;Genes First&#8221;-Kohorte. Bemerkenswert ist, dass nur etwa 1 von 3 registrierten Personen eine offizielle Autismus-Diagnose hat. Die Liste der <a href=\"https:\/\/www.simonssearchlight.org\/de\/forschungsprozess\/genetische-stoerungen-die-wir-untersuchen\/\"><span style=\"color: #0000ff;\">genetischen Bedingungen<\/span><\/a> die sie untersuchen, wird immer l\u00e4nger.<\/p>\n<p><strong><a href=\"https:\/\/www.sfari.org\/resource\/spark\/\" target=\"_blank\" rel=\"noopener noreferrer\"><span class=\"notranslate\">SPARK<\/span><\/a>, die <span class=\"notranslate\">Simons Foundation<\/span> treibt die Autismusforschung voran<\/strong><\/p>\n<p><span style=\"font-weight: 400;\"><span class=\"notranslate\">SPARK<\/span> rekrutiert und engagiert eine Gemeinschaft von Menschen mit Autismus und deren Familien, die in den Vereinigten Staaten leben, um an Forschungsstudien teilzunehmen. Sie arbeiten mit 31 universit\u00e4tsnahen Autismuszentren im ganzen Land zusammen. Einige Personen, die eine genetische Diagnose von <span class=\"notranslate\">SPARK<\/span> erhalten, werden eingeladen, an <span class=\"notranslate\">Simons Searchlight<\/span> teilzunehmen, um ihre Forschungsreise fortzusetzen.  <\/span><span style=\"color: #0000ff;\"><br \/>\n  <a style=\"color: #0000ff;\" href=\"https:\/\/wp.sparkforautism.org\/simons-searchlight\/\"><br \/>\n    <span style=\"font-weight: 400;\">Erfahren Sie mehr<\/span><br \/>\n  <\/a><br \/>\n<\/span> <span style=\"font-weight: 400;\">dar\u00fcber, wie dieser Prozess funktioniert.<\/span><\/p>\n<p><a href=\"https:\/\/www.sfari.org\/resource\/autism-inpatient-collection\/\" target=\"_blank\" rel=\"noopener\"><strong>Autismus Station\u00e4re Sammlung<\/strong><\/a><\/p>\n<p>Die Autism Inpatient Collection (AIC) Studie wurde von der Autism and Developmental Disorders Inpatient Research Collaborative (ADDIRC) unter der Leitung von Matthew Siegel (PI) und Susan Santangelo (Co-I) durchgef\u00fchrt. Sie wurde von der <span class=\"notranslate\">Simons Foundation<\/span> Autism Research Initiative (SFARI) und der Nancy Lurie Marks Family Foundation finanziert. <a href=\"https:\/\/www.sfari.org\/resource\/autism-inpatient-collection\/\" target=\"_blank\" rel=\"noopener\">Erfahren Sie mehr<\/a> \u00fcber dieses Programm und die verf\u00fcgbaren Daten. <\/p>\n<p><strong><a href=\"https:\/\/www.sfari.org\/resource\/simons-simplex-collection\/\">Simons Simplex Kollektion<\/a><\/strong><\/p>\n<p>Die Simons Simplex Collection (SSC) ist ein Kernprojekt und eine Ressource der <span class=\"notranslate\">Simons Foundation<\/span> Autism Research Initiative (SFARI). Das Hauptziel der SSC besteht darin, ein dauerhaftes Repository mit genetischen Proben von 2.600 Simplex-Familien einzurichten, von denen jede ein Kind mit einer Autismus-Spektrum-St\u00f6rung sowie nicht betroffene Eltern und Geschwister hat. <a href=\"https:\/\/www.sfari.org\/resource\/simons-simplex-collection\/\">Erfahren Sie mehr<\/a> \u00fcber dieses Programm und die verf\u00fcgbaren Daten. <\/p>\n<h3><strong>SFARI Forschungsressourcen<\/strong><\/h3>\n<p><span style=\"font-weight: 400;\">Bis Anfang 2025 hat SFARI zu \u00fcber 2.100 Forschungspublikationen beigetragen, mehr als 360 Forscher in den Vereinigten Staaten und im Ausland mit Forschungsgeldern unterst\u00fctzt und 411 Forschern oder Unternehmen Zugang zu SFARI-Kohortendaten oder Bioproben gew\u00e4hrt.<\/span><\/p>\n<p><span style=\"font-weight: 400;\">SFARI bietet <\/span><a href=\"https:\/\/www.sfari.org\/funding-opportunities\/\"><br \/>\n  <span style=\"font-weight: 400;\">Finanzierung<\/span><br \/>\n<\/a><span style=\"font-weight: 400;\">  f\u00fcr Forscher in aller Welt, um Studien zu unterst\u00fctzen, die f\u00fcr unseren Auftrag relevant sind. Bewerben kann sich jeder Forscher, der eine der genetischen Bedingungen von <span class=\"notranslate\">Simons Searchlight<\/span> untersucht. Nachstehend finden Sie weitere SFARI-Forschungsressourcen.<\/span><\/p>\n<p><strong><a href=\"https:\/\/www.sfari.org\/resource\/ips-cells\/\">iPSCs<\/a>, Induzierte pluripotente Stammzellen<\/strong><\/p>\n<ul>\n<li><span style=\"font-weight: 400;\">Wir verwenden Blutspenden von einigen unserer <span class=\"notranslate\">Simons Searchlight<\/span>-Teilnehmer, um eine Art von Stammzellen zu erzeugen, die <\/span><a href=\"https:\/\/www.sfari.org\/resource\/ips-cells\/\"><span style=\"font-weight: 400;\">iPSCs<\/span><\/a><span style=\"font-weight: 400;\">. Alle iPSCs sind f\u00fcr die Verteilung an zugelassene Forscher verf\u00fcgbar \u00fcber  <\/span><a href=\"https:\/\/www.sfari.org\/resource\/sfari-base\/\"><span style=\"font-weight: 400;\">SFARI-Basis<\/span><\/a><span style=\"font-weight: 400;\">. Dieses Programm erm\u00f6glicht es Forschern, menschliche Krankheiten unter Laborbedingungen zu untersuchen, um die Entwicklung personalisierter Medikamente zu unterst\u00fctzen.<\/span><\/li>\n<\/ul>\n<p><strong><a href=\"https:\/\/base.sfari.org\/\">SFARI-Basis<\/a><\/strong><\/p>\n<ul>\n<li><span style=\"font-weight: 400;\">SFARI Base ist das Portal f\u00fcr den Zugang zu Daten und Bioproben, wie Gewebe, Blut und Plasma, aus SFARI-Forschungsinitiativen. SFARI Base ist ein Online-Portal zur Einreichung von Forschungsantr\u00e4gen. Alle Daten und Informationen in der SFARI-Basis f\u00f6rdern die Forschung und stehen allen externen Forschern und Biotech- oder Pharmaunternehmen zu geringen oder gar keinen Kosten zur Verf\u00fcgung. Die <span class=\"notranslate\">Simons Searchlight<\/span>-Daten sind \u00fcber SFARI Base verf\u00fcgbar.<\/span><\/li>\n<\/ul>\n<p><strong><a href=\"https:\/\/www.sfari.org\/resource\/research-match\/\" target=\"_blank\" rel=\"noopener\">Forschung Match<\/a><\/strong><\/p>\n<ul>\n<li><span style=\"font-weight: 400;\">Research Match ist ein Programm, das Forschern die M\u00f6glichkeit bietet, Personen, die in <span class=\"notranslate\">Simons Searchlight<\/span> oder <span class=\"notranslate\">SPARK<\/span> eingeschrieben sind, f\u00fcr neue Forschungsstudien zu rekrutieren. Sie ist kostenlos.<\/span><\/li>\n<li><a href=\"https:\/\/www.sfari.org\/resource\/research-match\/research-match-projects\/\">Besuchen Sie diese Seite<\/a>, um Beispiele f\u00fcr Projekte zu sehen, die durch Research Match erm\u00f6glicht wurden. Eine vollst\u00e4ndige Liste der Research Match Projekte finden Sie <a href=\"https:\/\/docs.google.com\/spreadsheets\/d\/18CZAAz5VbvRweSqK4LmePS-QQPEJOI9cVbfQQD9icZs\/edit?gid=0#gid=0\">hier<\/a>.<\/li>\n<\/ul>\n<p><strong><a href=\"https:\/\/gene.sfari.org\/\">SFARI-Gen<\/a><\/strong><\/p>\n<ul>\n<li><span style=\"font-weight: 400;\">SFARI Gene ist eine frei zug\u00e4ngliche Datenbank, die die aktuellsten Informationen \u00fcber alle bekannten menschlichen Gene enth\u00e4lt, die mit Autismus-Spektrum-St\u00f6rungen in Verbindung stehen. Sie k\u00f6nnen diese Datenbank nutzen, um die neuesten Erkenntnisse \u00fcber genetische Risikofaktoren im Zusammenhang mit Autismus zu verfolgen und einzelne <span class=\"notranslate\">Simons Searchlight<\/span>-Gene zu \u00fcberpr\u00fcfen.<\/span><\/li>\n<\/ul>\n<p><strong><a href=\"https:\/\/www.sfari.org\/resource\/autism-brainnet\/\" target=\"_blank\" rel=\"noopener noreferrer\">Autismus BrainNet<\/a><\/strong><\/p>\n<p><span style=\"font-weight: 400;\">Autism BrainNet ist ein Biorepository f\u00fcr postmortales Hirngewebe, das durch ein kollaboratives Netzwerk von akademischen Einrichtungen erm\u00f6glicht wird, die Hirngewebe sammeln, aufbewahren und weitergeben. <span class=\"notranslate\">Simons Searchlight<\/span> und Autism BrainNet tauschen Daten aus, um die Forschung zu erleichtern.<\/span><\/p>\n<p><strong>Modellorganismus-Repository<\/strong><\/p>\n<ul>\n<li><span style=\"font-weight: 400;\">Durch die SFARI-Finanzierung haben die Forscher Zugang zu Modellorganismen, insbesondere <\/span><a href=\"https:\/\/www.sfari.org\/resource\/mouse-models\/\"><span style=\"font-weight: 400;\">M\u00e4usen<\/span><\/a><span style=\"font-weight: 400;\">, <\/span><a href=\"https:\/\/www.sfari.org\/resource\/rat-models\/\"><span style=\"font-weight: 400;\">Ratten<\/span><\/a><span style=\"font-weight: 400;\">und <\/span><a href=\"https:\/\/www.sfari.org\/resource\/zebrafish-models\/\"><span style=\"font-weight: 400;\">Zebrafisch<\/span><\/a><span style=\"font-weight: 400;\">.<\/span><\/li>\n<\/ul>\n","protected":false},"excerpt":{"rendered":"<p>&nbsp; Die Simons Foundation ist eine private Stiftung, die die Forschung in verschiedenen Bereichen f\u00f6rdert. Wir tun dies, indem wir die Arbeit unterst\u00fctzen, die die Grenzen der Forschung in der Mathematik und den Grundlagenwissenschaften vorantreibt. Die Simons Foundation stellt Mittel f\u00fcr die Autismus- und Neuroentwicklungsforschung \u00fcber die Simons Foundation Autismus-Forschungsinitiative (SFARI). Die SFARI hat es [&hellip;]<\/p>\n","protected":false},"author":13,"featured_media":0,"parent":46085,"menu_order":0,"comment_status":"closed","ping_status":"closed","template":"","meta":{"_acf_changed":false,"_relevanssi_hide_post":"","_relevanssi_hide_content":"","_relevanssi_pin_for_all":"","_relevanssi_pin_keywords":"","_relevanssi_unpin_keywords":"","_relevanssi_related_keywords":"","_relevanssi_related_include_ids":"","_relevanssi_related_exclude_ids":"","_relevanssi_related_no_append":"","_relevanssi_related_not_related":"","_relevanssi_related_posts":"","_relevanssi_noindex_reason":"","footnotes":""},"acf":[],"_links":{"self":[{"href":"https:\/\/www.simonssearchlight.org\/de\/wp-json\/wp\/v2\/pages\/47045"}],"collection":[{"href":"https:\/\/www.simonssearchlight.org\/de\/wp-json\/wp\/v2\/pages"}],"about":[{"href":"https:\/\/www.simonssearchlight.org\/de\/wp-json\/wp\/v2\/types\/page"}],"author":[{"embeddable":true,"href":"https:\/\/www.simonssearchlight.org\/de\/wp-json\/wp\/v2\/users\/13"}],"replies":[{"embeddable":true,"href":"https:\/\/www.simonssearchlight.org\/de\/wp-json\/wp\/v2\/comments?post=47045"}],"version-history":[{"count":7,"href":"https:\/\/www.simonssearchlight.org\/de\/wp-json\/wp\/v2\/pages\/47045\/revisions"}],"predecessor-version":[{"id":74903,"href":"https:\/\/www.simonssearchlight.org\/de\/wp-json\/wp\/v2\/pages\/47045\/revisions\/74903"}],"up":[{"embeddable":true,"href":"https:\/\/www.simonssearchlight.org\/de\/wp-json\/wp\/v2\/pages\/46085"}],"wp:attachment":[{"href":"https:\/\/www.simonssearchlight.org\/de\/wp-json\/wp\/v2\/media?parent=47045"}],"curies":[{"name":"wp","href":"https:\/\/api.w.org\/{rel}","templated":true}]}}