{"id":47004,"date":"2021-04-14T07:22:14","date_gmt":"2021-04-14T11:22:14","guid":{"rendered":"https:\/\/www.simonssearchlight.org\/forschungsprozess\/genetische-stoerungen-die-wir-untersuchen\/16p11-2-deletion-distal\/"},"modified":"2026-04-06T15:32:23","modified_gmt":"2026-04-06T19:32:23","slug":"16p11-2-deletion-distal","status":"publish","type":"page","link":"https:\/\/www.simonssearchlight.org\/de\/forschungsprozess\/genetische-stoerungen-die-wir-untersuchen\/16p11-2-deletion-distal\/","title":{"rendered":"16p11.2 Deletion (distal)"},"content":{"rendered":"<p>Im Folgenden finden Sie eine Zusammenfassung des <strong>16p11.2-Distaldeletionssyndroms<\/strong>, das in Forschungspublikationen beobachtet wurde. Dies ist nicht als Ersatz f\u00fcr eine \u00e4rztliche Beratung gedacht. <\/p>\n<p><a href=\"https:\/\/www.simonssearchlight.org\/es\/gene-guide\/delecion-distal-16p11-2\/\" target=\"_blank\" rel=\"noopener\"><strong>Klicken Sie hier f\u00fcr unseren vollst\u00e4ndigen 16p11.2 distale Deletion Gene Guide<\/strong><\/a><\/p>\n<p>Der Online-Genf\u00fchrer enth\u00e4lt weitere Informationen \u00fcber die distale Deletion 16p11.2, z. B. \u00fcber die Wahrscheinlichkeit, ein weiteres Kind mit dieser Erkrankung zu bekommen, \u00fcber Verhaltens- und Entwicklungsprobleme im Zusammenhang mit der distalen Deletion 16p11.2 oder \u00fcber Spezialisten, die f\u00fcr Menschen mit dieser Erkrankung in Frage kommen. Teilen Sie diese Ressource mit Familienmitgliedern oder Ihren medizinischen Betreuern. <\/p>\n","protected":false},"excerpt":{"rendered":"<p>Im Folgenden finden Sie eine Zusammenfassung des 16p11.2-Distaldeletionssyndroms, das in Forschungspublikationen beobachtet wurde. Dies ist nicht als Ersatz f\u00fcr eine \u00e4rztliche Beratung gedacht. Klicken Sie hier f\u00fcr unseren vollst\u00e4ndigen 16p11.2 distale Deletion Gene Guide Der Online-Genf\u00fchrer enth\u00e4lt weitere Informationen \u00fcber die distale Deletion 16p11.2, z. B. \u00fcber die Wahrscheinlichkeit, ein weiteres Kind mit dieser Erkrankung [&hellip;]<\/p>\n","protected":false},"author":13,"featured_media":0,"parent":46129,"menu_order":0,"comment_status":"closed","ping_status":"closed","template":"page-gene-card.php","meta":{"_acf_changed":false,"_relevanssi_hide_post":"","_relevanssi_hide_content":"","_relevanssi_pin_for_all":"","_relevanssi_pin_keywords":"","_relevanssi_unpin_keywords":"","_relevanssi_related_keywords":"","_relevanssi_related_include_ids":"","_relevanssi_related_exclude_ids":"","_relevanssi_related_no_append":"","_relevanssi_related_not_related":"","_relevanssi_related_posts":"","_relevanssi_noindex_reason":"","footnotes":""},"acf":[],"_links":{"self":[{"href":"https:\/\/www.simonssearchlight.org\/de\/wp-json\/wp\/v2\/pages\/47004"}],"collection":[{"href":"https:\/\/www.simonssearchlight.org\/de\/wp-json\/wp\/v2\/pages"}],"about":[{"href":"https:\/\/www.simonssearchlight.org\/de\/wp-json\/wp\/v2\/types\/page"}],"author":[{"embeddable":true,"href":"https:\/\/www.simonssearchlight.org\/de\/wp-json\/wp\/v2\/users\/13"}],"replies":[{"embeddable":true,"href":"https:\/\/www.simonssearchlight.org\/de\/wp-json\/wp\/v2\/comments?post=47004"}],"version-history":[{"count":5,"href":"https:\/\/www.simonssearchlight.org\/de\/wp-json\/wp\/v2\/pages\/47004\/revisions"}],"predecessor-version":[{"id":78898,"href":"https:\/\/www.simonssearchlight.org\/de\/wp-json\/wp\/v2\/pages\/47004\/revisions\/78898"}],"up":[{"embeddable":true,"href":"https:\/\/www.simonssearchlight.org\/de\/wp-json\/wp\/v2\/pages\/46129"}],"wp:attachment":[{"href":"https:\/\/www.simonssearchlight.org\/de\/wp-json\/wp\/v2\/media?parent=47004"}],"curies":[{"name":"wp","href":"https:\/\/api.w.org\/{rel}","templated":true}]}}