{"id":46945,"date":"2020-09-28T12:06:43","date_gmt":"2020-09-28T16:06:43","guid":{"rendered":"https:\/\/www.simonssearchlight.org\/forschungsprozess\/genetische-stoerungen-die-wir-untersuchen\/ddx3x\/"},"modified":"2025-12-19T09:08:17","modified_gmt":"2025-12-19T14:08:17","slug":"ddx3x","status":"publish","type":"page","link":"https:\/\/www.simonssearchlight.org\/de\/forschungsprozess\/genetische-stoerungen-die-wir-untersuchen\/ddx3x\/","title":{"rendered":"DDX3X"},"content":{"rendered":"<p>Die Informationen f\u00fcr diese Zusammenfassung des <strong><span class=\"notranslate\">DDX3X-bezogenen<\/span> Syndroms<\/strong> stammen aus Forschungspublikationen. Dies ist nicht als Ersatz f\u00fcr eine \u00e4rztliche Beratung gedacht.<\/p>\n<p><a href=\"https:\/\/www.simonssearchlight.org\/de\/gene-guide\/ddx3x-verwandtes-syndrom\/\" target=\"_blank\" rel=\"noopener\"><strong>Klicken Sie hier f\u00fcr unseren vollst\u00e4ndigen DDX3X-Gen-Leitfaden<\/strong><\/a><\/p>\n<p>Der Online-Genf\u00fchrer enth\u00e4lt weitere Informationen \u00fcber DDX3X, z. B. \u00fcber die Wahrscheinlichkeit, ein weiteres Kind mit dieser Krankheit zu bekommen, \u00fcber Verhaltens- und Entwicklungsprobleme im Zusammenhang mit dem DDX3X-Syndrom oder \u00fcber Spezialisten, die f\u00fcr Menschen mit dieser Krankheit in Frage kommen. Teilen Sie diese Ressource mit Familienmitgliedern oder Ihren medizinischen Betreuern.<\/p>\n<p><strong>Das DDX3X-bezogene Syndrom<\/strong><span style=\"font-weight: 400;\"> wird auch als <\/span><strong>intellektuelle Entwicklungsst\u00f6rung, X-chromosomales Syndrom, Snijders Blok-Typ <\/strong>oder <strong>DDX3X-Neuroentwicklungsst\u00f6rung bezeichnet.<\/strong> <span style=\"font-weight: 400;\">Auf dieser Webseite werden wir den Namen <\/span><strong>DDX3X-bezogenes Syndrom<\/strong> <span style=\"font-weight: 400;\">verwenden <\/span><span style=\"font-weight: 400;\">, um das breite Spektrum der bei den identifizierten Personen beobachteten Varianten zu erfassen.<\/span><\/p>\n","protected":false},"excerpt":{"rendered":"<p>Die Informationen f\u00fcr diese Zusammenfassung des DDX3X-bezogenen Syndroms stammen aus Forschungspublikationen. Dies ist nicht als Ersatz f\u00fcr eine \u00e4rztliche Beratung gedacht. Klicken Sie hier f\u00fcr unseren vollst\u00e4ndigen DDX3X-Gen-Leitfaden Der Online-Genf\u00fchrer enth\u00e4lt weitere Informationen \u00fcber DDX3X, z. B. \u00fcber die Wahrscheinlichkeit, ein weiteres Kind mit dieser Krankheit zu bekommen, \u00fcber Verhaltens- und Entwicklungsprobleme im Zusammenhang mit [&hellip;]<\/p>\n","protected":false},"author":6,"featured_media":0,"parent":46129,"menu_order":0,"comment_status":"closed","ping_status":"closed","template":"page-gene-card.php","meta":{"_acf_changed":false,"_relevanssi_hide_post":"","_relevanssi_hide_content":"","_relevanssi_pin_for_all":"","_relevanssi_pin_keywords":"","_relevanssi_unpin_keywords":"","_relevanssi_related_keywords":"","_relevanssi_related_include_ids":"","_relevanssi_related_exclude_ids":"","_relevanssi_related_no_append":"","_relevanssi_related_not_related":"","_relevanssi_related_posts":"","_relevanssi_noindex_reason":"","footnotes":""},"acf":[],"_links":{"self":[{"href":"https:\/\/www.simonssearchlight.org\/de\/wp-json\/wp\/v2\/pages\/46945"}],"collection":[{"href":"https:\/\/www.simonssearchlight.org\/de\/wp-json\/wp\/v2\/pages"}],"about":[{"href":"https:\/\/www.simonssearchlight.org\/de\/wp-json\/wp\/v2\/types\/page"}],"author":[{"embeddable":true,"href":"https:\/\/www.simonssearchlight.org\/de\/wp-json\/wp\/v2\/users\/6"}],"replies":[{"embeddable":true,"href":"https:\/\/www.simonssearchlight.org\/de\/wp-json\/wp\/v2\/comments?post=46945"}],"version-history":[{"count":3,"href":"https:\/\/www.simonssearchlight.org\/de\/wp-json\/wp\/v2\/pages\/46945\/revisions"}],"predecessor-version":[{"id":74577,"href":"https:\/\/www.simonssearchlight.org\/de\/wp-json\/wp\/v2\/pages\/46945\/revisions\/74577"}],"up":[{"embeddable":true,"href":"https:\/\/www.simonssearchlight.org\/de\/wp-json\/wp\/v2\/pages\/46129"}],"wp:attachment":[{"href":"https:\/\/www.simonssearchlight.org\/de\/wp-json\/wp\/v2\/media?parent=46945"}],"curies":[{"name":"wp","href":"https:\/\/api.w.org\/{rel}","templated":true}]}}