{"id":46917,"date":"2021-08-26T11:02:48","date_gmt":"2021-08-26T15:02:48","guid":{"rendered":"https:\/\/www.simonssearchlight.org\/2021-virtuelle-konferenz-zusammenfassung\/"},"modified":"2021-08-26T11:02:48","modified_gmt":"2021-08-26T15:02:48","slug":"2021-virtuelle-konferenz-zusammenfassung","status":"publish","type":"page","link":"https:\/\/www.simonssearchlight.org\/de\/2021-virtuelle-konferenz-zusammenfassung\/","title":{"rendered":"2021 Virtuelle Konferenz &#8211; Zusammenfassung"},"content":{"rendered":"<p><span style=\"font-weight: 400;\">Wir freuen uns \u00fcber Ihre Teilnahme an der <\/span><b>2021 <span class=\"notranslate\">Simons Searchlight<\/span> Family &amp; Research Virtual Conference<\/b><span style=\"font-weight: 400;\">. Wir hoffen, dass die Informationen w\u00e4hrend dieser Tage f\u00fcr Sie und Ihre Familie von Nutzen und Interesse waren. Nachstehend finden Sie einige n\u00fctzliche Informationen f\u00fcr die Zeit nach der Konferenz.<\/span><\/p>\n<h4><strong>Konferenzpr\u00e4sentationen und Videos<\/strong><\/h4>\n<p><span style=\"font-weight: 400;\">Wenn Sie die Konferenz oder eine Sitzung verpasst haben oder sich die Pr\u00e4sentationen noch einmal ansehen m\u00f6chten, haben wir alle Konferenzvideos auf unsere<\/span><a href=\"https:\/\/youtube.com\/playlist?list=PLCCQtjvUGWRJLspd5K67K4ZqldXPmVHoD\"> <span style=\"font-weight: 400;\">YouTube-Seite<\/span><\/a><span style=\"font-weight: 400;\">. Die vollst\u00e4ndige Playlist finden Sie unten.<\/span><\/p>\n<iframe loading=\"lazy\" title=\"YouTube-Video-Player\" src=\"https:\/\/www.youtube.com\/embed\/videoseries?list=PLCCQtjvUGWRJLspd5K67K4ZqldXPmVHoD\" width=\"560\" height=\"315\" frameborder=\"0\" allowfullscreen=\"allowfullscreen\"><\/iframe><\/p>\n<h4><strong>Umfrage zur Konferenz<\/strong><\/h4>\n<p><span style=\"font-weight: 400;\">Wir laden Sie dazu ein<\/span> <a href=\"https:\/\/bit.ly\/ConferenceFeedbackSurvey\"><br \/>\n  <span style=\"font-weight: 400;\">diese kurze Umfrage zu beantworten<\/span><br \/>\n<\/a><span style=\"font-weight: 400;\"> um uns Ihr Feedback zu Ihrer Konferenzerfahrung mitzuteilen.<\/span><\/p>\n<h4><strong>Dokument: Interaktives Brainstorming unter Anleitung der Eltern \u00fcber die Entwicklung ihres Kindes<\/strong><\/h4>\n<p>Dieses <a href=\"https:\/\/docs.google.com\/document\/d\/e\/2PACX-1vT0kraHnghYGZmZJGAa7At78bXRoWvWgbTVpEguw0QW43y4ZWk6cNNsXRcTgSnb-E3fAyfuNHWQm2HU\/pub\">Dokument ist eine Sammlung gemeinsamer Ressourcen, Ideen und Werkzeuge von Familien<\/a>. Dieses Dokument ist nicht als Ersatz f\u00fcr eine \u00e4rztliche Beratung gedacht. <span class=\"notranslate\">Simons Searchlight<\/span> unterst\u00fctzt nicht die Vorschl\u00e4ge, die w\u00e4hrend dieser interaktiven Brainstorming-Sitzung gemacht werden. Sprechen Sie immer mit Ihrem Arzt \u00fcber Ihre genetische Veranlagung und die Wahl Ihrer Gesundheitsversorgung. Die Vorschl\u00e4ge, die Sie hier finden, stammen von Eltern und Betreuern, die berichten, was sich bei ihnen zu verschiedenen Themen bew\u00e4hrt hat.<\/p>\n<h4><strong>Verbleibende Fragen aus den Q&amp;A-Gespr\u00e4chen<\/strong><\/h4>\n<p><span style=\"font-weight: 400;\">Wir haben Verst\u00e4ndnis daf\u00fcr, dass nicht alle Fragen in den Fragerunden beantwortet werden konnten. Wir haben dieses <a href=\"https:\/\/docs.google.com\/document\/d\/e\/2PACX-1vTbA4ouVkPw7VvHi-hrgc1ngaMBYx2OYTtTqR88h8mH1ncLDEGPRmq1QC7-y4bZiJOwrHUPMhL3DTKY\/pub\"> Dokument &#8220;Unbeantwortete Fragen aus Q&amp;A Talks&#8221;<\/a> erstellt, in dem der Name der Sitzung, die Fragen und die Antworten aufgef\u00fchrt sind. Wir hoffen, dass dies eine hilfreiche Ressource ist.<\/span><\/p>\n<h4><strong>Virtueller Photo Booth von der Konferenz<\/strong><\/h4>\n<p><a href=\"https:\/\/www.simonssearchlight.org\/de\/2021-virtuelle-konferenz-zusammenfassung\/thank-you-3-2\/\" rel=\"attachment wp-att-11056\"><img loading=\"lazy\" decoding=\"async\" class=\"alignnone wp-image-11056 size-large\" src=\"https:\/\/cdn.simonssearchlight.org\/wp-content\/uploads\/2021\/08\/26070459\/Thank-you-3-1024x819.png\" alt=\"\" width=\"1024\" height=\"819\" srcset=\"https:\/\/cdn.simonssearchlight.org\/wp-content\/uploads\/2021\/08\/26070459\/Thank-you-3-1024x819.png 1024w, https:\/\/cdn.simonssearchlight.org\/wp-content\/uploads\/2021\/08\/26070459\/Thank-you-3-300x240.png 300w, https:\/\/cdn.simonssearchlight.org\/wp-content\/uploads\/2021\/08\/26070459\/Thank-you-3-768x614.png 768w, https:\/\/cdn.simonssearchlight.org\/wp-content\/uploads\/2021\/08\/26070459\/Thank-you-3.png 2000w\" sizes=\"(max-width: 1024px) 100vw, 1024px\" \/><\/a><\/p>\n<p><a href=\"https:\/\/www.simonssearchlight.org\/de\/2021-virtuelle-konferenz-zusammenfassung\/thank-you-4-2\/\" rel=\"attachment wp-att-11058\"><img loading=\"lazy\" decoding=\"async\" class=\"alignnone size-large wp-image-11058\" src=\"https:\/\/cdn.simonssearchlight.org\/wp-content\/uploads\/2021\/08\/26070656\/Thank-you-4-1024x819.png\" alt=\"\" width=\"1024\" height=\"819\" srcset=\"https:\/\/cdn.simonssearchlight.org\/wp-content\/uploads\/2021\/08\/26070656\/Thank-you-4-1024x819.png 1024w, https:\/\/cdn.simonssearchlight.org\/wp-content\/uploads\/2021\/08\/26070656\/Thank-you-4-300x240.png 300w, https:\/\/cdn.simonssearchlight.org\/wp-content\/uploads\/2021\/08\/26070656\/Thank-you-4-768x614.png 768w, https:\/\/cdn.simonssearchlight.org\/wp-content\/uploads\/2021\/08\/26070656\/Thank-you-4.png 2000w\" sizes=\"(max-width: 1024px) 100vw, 1024px\" \/><\/a><\/p>\n","protected":false},"excerpt":{"rendered":"<p>Wir freuen uns \u00fcber Ihre Teilnahme an der 2021 Simons Searchlight Family &amp; Research Virtual Conference. Wir hoffen, dass die Informationen w\u00e4hrend dieser Tage f\u00fcr Sie und Ihre Familie von Nutzen und Interesse waren. Nachstehend finden Sie einige n\u00fctzliche Informationen f\u00fcr die Zeit nach der Konferenz. Konferenzpr\u00e4sentationen und Videos Wenn Sie die Konferenz oder eine [&hellip;]<\/p>\n","protected":false},"author":18,"featured_media":0,"parent":0,"menu_order":0,"comment_status":"closed","ping_status":"closed","template":"","meta":{"_acf_changed":false,"_relevanssi_hide_post":"","_relevanssi_hide_content":"","_relevanssi_pin_for_all":"","_relevanssi_pin_keywords":"","_relevanssi_unpin_keywords":"","_relevanssi_related_keywords":"","_relevanssi_related_include_ids":"","_relevanssi_related_exclude_ids":"","_relevanssi_related_no_append":"","_relevanssi_related_not_related":"","_relevanssi_related_posts":"","_relevanssi_noindex_reason":"","footnotes":""},"acf":[],"_links":{"self":[{"href":"https:\/\/www.simonssearchlight.org\/de\/wp-json\/wp\/v2\/pages\/46917"}],"collection":[{"href":"https:\/\/www.simonssearchlight.org\/de\/wp-json\/wp\/v2\/pages"}],"about":[{"href":"https:\/\/www.simonssearchlight.org\/de\/wp-json\/wp\/v2\/types\/page"}],"author":[{"embeddable":true,"href":"https:\/\/www.simonssearchlight.org\/de\/wp-json\/wp\/v2\/users\/18"}],"replies":[{"embeddable":true,"href":"https:\/\/www.simonssearchlight.org\/de\/wp-json\/wp\/v2\/comments?post=46917"}],"version-history":[{"count":0,"href":"https:\/\/www.simonssearchlight.org\/de\/wp-json\/wp\/v2\/pages\/46917\/revisions"}],"wp:attachment":[{"href":"https:\/\/www.simonssearchlight.org\/de\/wp-json\/wp\/v2\/media?parent=46917"}],"curies":[{"name":"wp","href":"https:\/\/api.w.org\/{rel}","templated":true}]}}