{"id":46886,"date":"2020-10-02T09:21:00","date_gmt":"2020-10-02T13:21:00","guid":{"rendered":"https:\/\/www.simonssearchlight.org\/forschungsprozess\/genetische-stoerungen-die-wir-untersuchen\/phf3\/"},"modified":"2025-06-11T15:08:06","modified_gmt":"2025-06-11T19:08:06","slug":"phf3","status":"publish","type":"page","link":"https:\/\/www.simonssearchlight.org\/de\/forschungsprozess\/genetische-stoerungen-die-wir-untersuchen\/phf3\/","title":{"rendered":"PHF3"},"content":{"rendered":"<p><span style=\"font-weight: 400;\">Die Informationen f\u00fcr diese Zusammenfassung von <\/span><strong>PHF3-bezogenes Syndrom<\/strong><span style=\"font-weight: 400;\">  stammt aus Forschungsver\u00f6ffentlichungen. Dies ist nicht als Ersatz f\u00fcr eine medizinische Beratung gedacht.  <\/span><\/p>\n<p><a href=\"https:\/\/www.simonssearchlight.org\/pt-br\/gene-guide\/sindrome-relacionada-ao-phf3\/\" target=\"_blank\" rel=\"noopener\"><strong>Klicken Sie hier f\u00fcr unseren vollst\u00e4ndigen PHF3-Genf\u00fchrer<\/strong><\/a><\/p>\n<p>Der Online-Genf\u00fchrer enth\u00e4lt weitere Informationen \u00fcber <span class=\"notranslate\">PHF3<\/span>, z. B. \u00fcber die Wahrscheinlichkeit, ein weiteres Kind mit dieser Krankheit zu bekommen, \u00fcber Verhaltens- und Entwicklungsprobleme im Zusammenhang <span class=\"notranslate\">mit dem PHF3-Syndrom<\/span> oder \u00fcber Spezialisten, die f\u00fcr Menschen mit dieser Krankheit in Frage kommen. Teilen Sie diese Ressource mit Familienmitgliedern oder Ihren medizinischen Betreuern.<\/p>\n","protected":false},"excerpt":{"rendered":"<p>Die Informationen f\u00fcr diese Zusammenfassung von PHF3-bezogenes Syndrom stammt aus Forschungsver\u00f6ffentlichungen. Dies ist nicht als Ersatz f\u00fcr eine medizinische Beratung gedacht. Klicken Sie hier f\u00fcr unseren vollst\u00e4ndigen PHF3-Genf\u00fchrer Der Online-Genf\u00fchrer enth\u00e4lt weitere Informationen \u00fcber PHF3, z. B. \u00fcber die Wahrscheinlichkeit, ein weiteres Kind mit dieser Krankheit zu bekommen, \u00fcber Verhaltens- und Entwicklungsprobleme im Zusammenhang mit [&hellip;]<\/p>\n","protected":false},"author":6,"featured_media":0,"parent":46129,"menu_order":0,"comment_status":"closed","ping_status":"closed","template":"page-gene-card.php","meta":{"_acf_changed":false,"_relevanssi_hide_post":"","_relevanssi_hide_content":"","_relevanssi_pin_for_all":"","_relevanssi_pin_keywords":"","_relevanssi_unpin_keywords":"","_relevanssi_related_keywords":"","_relevanssi_related_include_ids":"","_relevanssi_related_exclude_ids":"","_relevanssi_related_no_append":"","_relevanssi_related_not_related":"","_relevanssi_related_posts":"","_relevanssi_noindex_reason":"","footnotes":""},"acf":[],"_links":{"self":[{"href":"https:\/\/www.simonssearchlight.org\/de\/wp-json\/wp\/v2\/pages\/46886"}],"collection":[{"href":"https:\/\/www.simonssearchlight.org\/de\/wp-json\/wp\/v2\/pages"}],"about":[{"href":"https:\/\/www.simonssearchlight.org\/de\/wp-json\/wp\/v2\/types\/page"}],"author":[{"embeddable":true,"href":"https:\/\/www.simonssearchlight.org\/de\/wp-json\/wp\/v2\/users\/6"}],"replies":[{"embeddable":true,"href":"https:\/\/www.simonssearchlight.org\/de\/wp-json\/wp\/v2\/comments?post=46886"}],"version-history":[{"count":2,"href":"https:\/\/www.simonssearchlight.org\/de\/wp-json\/wp\/v2\/pages\/46886\/revisions"}],"predecessor-version":[{"id":57648,"href":"https:\/\/www.simonssearchlight.org\/de\/wp-json\/wp\/v2\/pages\/46886\/revisions\/57648"}],"up":[{"embeddable":true,"href":"https:\/\/www.simonssearchlight.org\/de\/wp-json\/wp\/v2\/pages\/46129"}],"wp:attachment":[{"href":"https:\/\/www.simonssearchlight.org\/de\/wp-json\/wp\/v2\/media?parent=46886"}],"curies":[{"name":"wp","href":"https:\/\/api.w.org\/{rel}","templated":true}]}}