{"id":46823,"date":"2020-09-24T18:12:36","date_gmt":"2020-09-24T22:12:36","guid":{"rendered":"https:\/\/www.simonssearchlight.org\/forschungsprozess\/genetische-stoerungen-die-wir-untersuchen\/arid1b\/"},"modified":"2026-04-06T13:04:49","modified_gmt":"2026-04-06T17:04:49","slug":"arid1b","status":"publish","type":"page","link":"https:\/\/www.simonssearchlight.org\/de\/forschungsprozess\/genetische-stoerungen-die-wir-untersuchen\/arid1b\/","title":{"rendered":"ARID1B"},"content":{"rendered":"<p>Nachfolgend finden Sie eine \u00dcbersicht \u00fcber das <strong><span class=\"notranslate\">ARID1B<\/span>-Gen <\/strong>, das in Forschungspublikationen beobachtet wurde. Dies ist nicht als Ersatz f\u00fcr eine \u00e4rztliche Beratung gedacht. <\/p>\n<p><a href=\"https:\/\/www.simonssearchlight.org\/es\/gene-guide\/sindrome-relacionado-con-arid1b\/\" target=\"_blank\" rel=\"noopener\"><strong>Klicken Sie hier f\u00fcr unseren vollst\u00e4ndigen ARID1B Genf\u00fchrer<\/strong><\/a><\/p>\n<p>Der Online-Genf\u00fchrer enth\u00e4lt weitere Informationen \u00fcber <span class=\"notranslate\">ARID1B<\/span>, z. B. \u00fcber die Wahrscheinlichkeit, ein weiteres Kind mit dieser Krankheit zu bekommen, \u00fcber Verhaltens- und Entwicklungsprobleme im Zusammenhang mit dem <span class=\"notranslate\">ARID1B<\/span>-Syndrom oder \u00fcber Spezialisten, die f\u00fcr Menschen mit dieser Krankheit in Frage kommen. Teilen Sie diese Ressource mit Familienmitgliedern oder Ihren medizinischen Betreuern. <\/p>\n","protected":false},"excerpt":{"rendered":"<p>Nachfolgend finden Sie eine \u00dcbersicht \u00fcber das ARID1B-Gen , das in Forschungspublikationen beobachtet wurde. Dies ist nicht als Ersatz f\u00fcr eine \u00e4rztliche Beratung gedacht. Klicken Sie hier f\u00fcr unseren vollst\u00e4ndigen ARID1B Genf\u00fchrer Der Online-Genf\u00fchrer enth\u00e4lt weitere Informationen \u00fcber ARID1B, z. B. \u00fcber die Wahrscheinlichkeit, ein weiteres Kind mit dieser Krankheit zu bekommen, \u00fcber Verhaltens- und [&hellip;]<\/p>\n","protected":false},"author":13,"featured_media":0,"parent":46129,"menu_order":0,"comment_status":"closed","ping_status":"closed","template":"page-gene-card.php","meta":{"_acf_changed":false,"_relevanssi_hide_post":"","_relevanssi_hide_content":"","_relevanssi_pin_for_all":"","_relevanssi_pin_keywords":"","_relevanssi_unpin_keywords":"","_relevanssi_related_keywords":"","_relevanssi_related_include_ids":"","_relevanssi_related_exclude_ids":"","_relevanssi_related_no_append":"","_relevanssi_related_not_related":"","_relevanssi_related_posts":"","_relevanssi_noindex_reason":"","footnotes":""},"acf":[],"_links":{"self":[{"href":"https:\/\/www.simonssearchlight.org\/de\/wp-json\/wp\/v2\/pages\/46823"}],"collection":[{"href":"https:\/\/www.simonssearchlight.org\/de\/wp-json\/wp\/v2\/pages"}],"about":[{"href":"https:\/\/www.simonssearchlight.org\/de\/wp-json\/wp\/v2\/types\/page"}],"author":[{"embeddable":true,"href":"https:\/\/www.simonssearchlight.org\/de\/wp-json\/wp\/v2\/users\/13"}],"replies":[{"embeddable":true,"href":"https:\/\/www.simonssearchlight.org\/de\/wp-json\/wp\/v2\/comments?post=46823"}],"version-history":[{"count":5,"href":"https:\/\/www.simonssearchlight.org\/de\/wp-json\/wp\/v2\/pages\/46823\/revisions"}],"predecessor-version":[{"id":78864,"href":"https:\/\/www.simonssearchlight.org\/de\/wp-json\/wp\/v2\/pages\/46823\/revisions\/78864"}],"up":[{"embeddable":true,"href":"https:\/\/www.simonssearchlight.org\/de\/wp-json\/wp\/v2\/pages\/46129"}],"wp:attachment":[{"href":"https:\/\/www.simonssearchlight.org\/de\/wp-json\/wp\/v2\/media?parent=46823"}],"curies":[{"name":"wp","href":"https:\/\/api.w.org\/{rel}","templated":true}]}}