{"id":46712,"date":"2020-04-24T13:39:04","date_gmt":"2020-04-24T17:39:04","guid":{"rendered":"https:\/\/www.simonssearchlight.org\/ressourcen\/artikel\/"},"modified":"2020-04-24T13:39:04","modified_gmt":"2020-04-24T17:39:04","slug":"artikel","status":"publish","type":"page","link":"https:\/\/www.simonssearchlight.org\/de\/ressourcen\/artikel\/","title":{"rendered":"Artikel"},"content":{"rendered":"<p>Erhalten Sie die neuesten Informationen von Simons Searchlight, einschlie\u00dflich Artikeln \u00fcber unsere Teilnehmer, Wissenschaftler und andere f\u00fcr unsere Gemeinschaft.<\/p>\n<table style=\"width: 100%;\">\n<tbody>\n<tr>\n<td style=\"padding: 10px;\"><a href=\"https:\/\/www.simonssearchlight.org\/de\/ressourcen\/artikel\/spark_braxton-2\/\"><img loading=\"lazy\" decoding=\"async\" class=\"alignright wp-image-11616 size-full\" src=\"https:\/\/cdn.simonssearchlight.org\/wp-content\/uploads\/2022\/01\/20030422\/SPARK_Braxton.jpeg\" alt=\"\" width=\"888\" height=\"466\"><\/a><\/td>\n<td style=\"padding: 10px; vertical-align: top;\"><strong>Eine Autismus-Diagnose im Erwachsenenalter f\u00fchrt zu einem neuen Berufsziel<\/strong><\/p>\n<p>SPARK for Autism berichtete k\u00fcrzlich \u00fcber die Erfahrungen von Braxton Webb, der die genetische Diagnose DYRK1A erhielt.<\/p>\n<p><span style=\"color: #0000ff;\"><a style=\"color: #0000ff;\" href=\"https:\/\/bit.ly\/SPARK_Braxton\" target=\"_blank\" rel=\"noopener noreferrer\">Mehr lesen<\/a><\/span><\/td>\n<\/tr>\n<tr>\n<td style=\"padding: 10px;\"><a href=\"https:\/\/www.simonssearchlight.org\/de\/ressourcen\/forscher-profile\/roni-yamane-msc-und-tzofia-drori-msc\/researcher-article-with-genetic-counselors-2\/\"><img loading=\"lazy\" decoding=\"async\" class=\"alignright wp-image-11294 size-large\" src=\"https:\/\/cdn.simonssearchlight.org\/wp-content\/uploads\/2021\/10\/19120328\/Researcher-article-with-genetic-counselors-1024x635.png\" alt=\"\" width=\"1024\" height=\"635\" srcset=\"https:\/\/cdn.simonssearchlight.org\/wp-content\/uploads\/2021\/10\/19120328\/Researcher-article-with-genetic-counselors-1024x635.png 1024w, https:\/\/cdn.simonssearchlight.org\/wp-content\/uploads\/2021\/10\/19120328\/Researcher-article-with-genetic-counselors-300x186.png 300w, https:\/\/cdn.simonssearchlight.org\/wp-content\/uploads\/2021\/10\/19120328\/Researcher-article-with-genetic-counselors-768x476.png 768w, https:\/\/cdn.simonssearchlight.org\/wp-content\/uploads\/2021\/10\/19120328\/Researcher-article-with-genetic-counselors.png 1058w\" sizes=\"(max-width: 1024px) 100vw, 1024px\" \/><\/a><\/td>\n<td style=\"padding: 10px; vertical-align: top;\"><strong><span style=\"color: #333333;\">Profil des Forschers: Roni Yamane, MSc. und Tzofia Drori, MSc.<\/span><\/strong><\/p>\n<p>Drori und Yamane nutzten das Research Match-Programm von Simons Searchlight, um eine Umfrage f\u00fcr Searchlight-Teilnehmer zu starten.<\/p>\n<p><span style=\"color: #0000ff;\"><a style=\"color: #0000ff;\" href=\"https:\/\/www.simonssearchlight.org\/de\/ressourcen\/forscher-profile\/roni-yamane-msc-und-tzofia-drori-msc\/\" target=\"_blank\" rel=\"noopener noreferrer\">Mehr lesen<\/a><\/span><\/td>\n<\/tr>\n<tr>\n<td style=\"padding: 10px;\"><a href=\"https:\/\/www.simonssearchlight.org\/de\/ressourcen\/artikel\/screen-shot-2021-09-24-at-9-42-09-am-2\/\"><img loading=\"lazy\" decoding=\"async\" class=\"alignnone wp-image-11187 size-medium\" src=\"https:\/\/cdn.simonssearchlight.org\/wp-content\/uploads\/2021\/09\/24054226\/Screen-Shot-2021-09-24-at-9.42.09-AM-300x176.png\" alt=\"\" width=\"300\" height=\"176\" srcset=\"https:\/\/cdn.simonssearchlight.org\/wp-content\/uploads\/2021\/09\/24054226\/Screen-Shot-2021-09-24-at-9.42.09-AM-300x176.png 300w, https:\/\/cdn.simonssearchlight.org\/wp-content\/uploads\/2021\/09\/24054226\/Screen-Shot-2021-09-24-at-9.42.09-AM-768x449.png 768w, https:\/\/cdn.simonssearchlight.org\/wp-content\/uploads\/2021\/09\/24054226\/Screen-Shot-2021-09-24-at-9.42.09-AM-1024x599.png 1024w, https:\/\/cdn.simonssearchlight.org\/wp-content\/uploads\/2021\/09\/24054226\/Screen-Shot-2021-09-24-at-9.42.09-AM.png 1200w\" sizes=\"(max-width: 300px) 100vw, 300px\" \/><\/a><\/td>\n<td style=\"padding: 10px; vertical-align: top;\"><strong>Umfrage 5: Aktualisierungen, ein Jahr nach Beginn der COVID-19-Pandemie<\/strong><\/p>\n<p>Nachfolgend finden Sie eine Zusammenfassung unserer Erkenntnisse \u00fcber die Meinung der <span class=\"notranslate\">Simons Searchlight-Pflegekr\u00e4fte<\/span> zum COVID-19-Impfstoff.<\/p>\n<p><span style=\"color: #0000ff;\"><a style=\"color: #0000ff;\" href=\"https:\/\/www.simonssearchlight.org\/de\/umfrage-5-aktualisierungen-ein-jahr-nach-beginn-der-covid-19-pandemie\/\" target=\"_blank\" rel=\"noopener noreferrer\">Mehr lesen<\/a><\/span><\/td>\n<\/tr>\n<tr>\n<td style=\"padding: 10px;\"><a href=\"https:\/\/www.simonssearchlight.org\/de\/ressourcen\/artikel\/gleeson_horizontal-2\/\"><span style=\"color: #333333;\"><img loading=\"lazy\" decoding=\"async\" class=\"alignnone wp-image-11013 size-medium\" src=\"https:\/\/cdn.simonssearchlight.org\/wp-content\/uploads\/2021\/08\/17115948\/Gleeson_horizontal-300x200.jpg\" alt=\"\" width=\"300\" height=\"200\"><\/span><\/a><\/td>\n<td style=\"padding: 10px; vertical-align: top;\"><span style=\"color: #333333;\"><strong>Profil des Forschers: Joseph Gleeson, M.D.<\/strong><\/span><\/p>\n<p>Wir haben Joseph Gleeson, M.D., zu seinem Research Match Projekt interviewt, das der Simons Searchlight Community offensteht.<\/p>\n<p><span style=\"color: #0000ff;\"><a style=\"color: #0000ff;\" href=\"https:\/\/www.simonssearchlight.org\/de\/ressourcen\/forscher-profile\/joseph-gleeson-dr-med\/\" target=\"_blank\" rel=\"noopener noreferrer\">Mehr lesen<\/a><\/span><\/td>\n<\/tr>\n<tr>\n<td style=\"padding: 10px;\"><img loading=\"lazy\" decoding=\"async\" class=\"alignnone size-medium wp-image-11007\" src=\"https:\/\/cdn.simonssearchlight.org\/wp-content\/uploads\/2021\/08\/16101542\/covid_survey_4-300x169.png\" alt=\"\" width=\"300\" height=\"169\" srcset=\"https:\/\/cdn.simonssearchlight.org\/wp-content\/uploads\/2021\/08\/16101542\/covid_survey_4-300x169.png 300w, https:\/\/cdn.simonssearchlight.org\/wp-content\/uploads\/2021\/08\/16101542\/covid_survey_4-768x432.png 768w, https:\/\/cdn.simonssearchlight.org\/wp-content\/uploads\/2021\/08\/16101542\/covid_survey_4-1024x576.png 1024w, https:\/\/cdn.simonssearchlight.org\/wp-content\/uploads\/2021\/08\/16101542\/covid_survey_4.png 1280w\" sizes=\"(max-width: 300px) 100vw, 300px\" \/><\/td>\n<td style=\"padding: 10px; vertical-align: top;\"><strong><span style=\"color: #333333;\">Umfrage 4: Zugang zu Bildung, Therapien und Dienstleistungen w\u00e4hrend COVID-19<\/span><\/strong><\/p>\n<p>Die Ergebnisse der vierten Umfrage von Simons Searchlight zu COVID-19 sind in diesem Artikel zusammengefasst.<\/p>\n<p><span style=\"color: #0000ff;\"><a style=\"color: #0000ff;\" href=\"https:\/\/www.simonssearchlight.org\/de\/umfrage-4-zugang-zu-bildung-therapien-und-dienstleistungen-waehrend-covid-19\/\" target=\"_blank\" rel=\"noopener noreferrer\">Mehr lesen<\/a><\/span><\/td>\n<\/tr>\n<tr>\n<td style=\"padding: 10px;\"><a href=\"https:\/\/www.simonssearchlight.org\/de\/ressourcen\/artikel\/screen-shot-2021-08-17-at-4-36-39-pm-2\/\"><span style=\"color: #333333;\"><img loading=\"lazy\" decoding=\"async\" class=\"wp-image-11015 size-medium alignnone\" src=\"https:\/\/cdn.simonssearchlight.org\/wp-content\/uploads\/2021\/08\/17123745\/Screen-Shot-2021-08-17-at-4.36.39-PM-300x169.jpg\" alt=\"\" width=\"300\" height=\"169\" srcset=\"https:\/\/cdn.simonssearchlight.org\/wp-content\/uploads\/2021\/08\/17123745\/Screen-Shot-2021-08-17-at-4.36.39-PM-300x169.jpg 300w, https:\/\/cdn.simonssearchlight.org\/wp-content\/uploads\/2021\/08\/17123745\/Screen-Shot-2021-08-17-at-4.36.39-PM-768x432.jpg 768w, https:\/\/cdn.simonssearchlight.org\/wp-content\/uploads\/2021\/08\/17123745\/Screen-Shot-2021-08-17-at-4.36.39-PM-1024x576.jpg 1024w\" sizes=\"(max-width: 300px) 100vw, 300px\" \/><\/span><\/a><\/td>\n<td style=\"padding: 10px; vertical-align: top;\"><strong><span style=\"color: #333333;\">Profil des Forschers: Siddharth Srivastava, Dr. med.<\/span><\/strong><\/p>\n<p><span style=\"color: #333333;\">Wir befragten Dr. Siddharth Srivastava, einen p\u00e4diatrischen Neurologen am Boston Children&#8217;s Hospital, der auf Neurogenetik spezialisiert ist.<\/span><\/p>\n<p><span style=\"color: #0000ff;\"><a style=\"color: #0000ff;\" href=\"https:\/\/www.simonssearchlight.org\/de\/ressourcen\/forscher-profile\/siddharth-srivastava-dr-med\/\" target=\"_blank\" rel=\"noopener noreferrer\">Mehr lesen<\/a><\/span><\/td>\n<\/tr>\n<tr>\n<td style=\"padding: 10px;\"><img loading=\"lazy\" decoding=\"async\" class=\"alignnone wp-image-9792 size-full\" src=\"https:\/\/cdn.simonssearchlight.org\/wp-content\/uploads\/2021\/02\/02084901\/FB-10yrsC.png\" alt=\"\" width=\"600\" height=\"925\"><\/td>\n<td style=\"padding: 10px; vertical-align: top;\"><span style=\"color: #333333;\"><strong>10 bahnbrechende Erfolge f\u00fcr Simons Searchlight in den letzten 10 Jahren<\/strong><\/span><\/p>\n<p>Simons Searchlight hat seit seinem Start im Dezember 2010 Fortschritte bei genetisch bedingten neurologischen Entwicklungsst\u00f6rungen gemacht.<\/p>\n<p><span style=\"color: #0000ff;\"><a style=\"color: #0000ff;\" href=\"https:\/\/www.simonssearchlight.org\/de\/10-bahnbrechende-erfolge-fuer-simons-searchlight-in-den-letzten-10-jahren\/\">Mehr lesen<\/a><\/span><\/td>\n<\/tr>\n<tr>\n<td style=\"padding: 10px;\"><img loading=\"lazy\" decoding=\"async\" class=\"alignnone wp-image-7536 size-full\" src=\"https:\/\/cdn.simonssearchlight.org\/wp-content\/uploads\/2020\/03\/20053300\/searchlight-covid19-update-01.png\" alt=\"\" width=\"600\" height=\"333\" srcset=\"https:\/\/cdn.simonssearchlight.org\/wp-content\/uploads\/2020\/03\/20053300\/searchlight-covid19-update-01.png 600w, https:\/\/cdn.simonssearchlight.org\/wp-content\/uploads\/2020\/03\/20053300\/searchlight-covid19-update-01-300x167.png 300w\" sizes=\"(max-width: 600px) 100vw, 600px\" \/><\/td>\n<td style=\"padding: 10px; vertical-align: top;\"><span style=\"color: #333333;\"><strong>COVID-19-Infektion und die Bev\u00f6lkerung mit neurologischer Entwicklung<\/strong><\/span><\/p>\n<p>Dr. Wendy Chung hat ein Update \u00fcber COVID-19 f\u00fcr die Simons Searchlight Community.<\/p>\n<p><span style=\"color: #0000ff;\"><a style=\"color: #0000ff;\" href=\"https:\/\/www.simonssearchlight.org\/de\/covid-19-infektion-und-die-bevoelkerung-mit-neurologischer-entwicklung\/\">Mehr lesen<\/a><\/span><\/td>\n<\/tr>\n<tr>\n<td style=\"padding: 10px;\"><img loading=\"lazy\" decoding=\"async\" class=\"alignnone wp-image-9432 size-full\" src=\"https:\/\/cdn.simonssearchlight.org\/wp-content\/uploads\/2020\/11\/23074053\/Covid-3-Thumbnail.png\" alt=\"\" width=\"450\" height=\"248\"><\/td>\n<td style=\"padding: 10px; vertical-align: top;\"><strong><span style=\"color: #333333;\">Umfrage 3: Entwicklung und psychische Gesundheit w\u00e4hrend COVID-19<\/span><\/strong><\/p>\n<p>Die Ergebnisse der dritten Umfrage von Simons Searchlight zu COVID-19 sind in diesem Artikel zusammengefasst.<\/p>\n<p><span style=\"color: #0000ff;\"><a style=\"color: #0000ff;\" href=\"https:\/\/www.simonssearchlight.org\/de\/umfrage-3-entwicklung-und-psychische-gesundheit-waehrend-covid-19\/\">Mehr lesen<\/a><\/span><\/td>\n<\/tr>\n<tr>\n<td style=\"padding: 10px;\"><img loading=\"lazy\" decoding=\"async\" class=\"alignnone wp-image-8601 \" src=\"https:\/\/cdn.simonssearchlight.org\/wp-content\/uploads\/2020\/08\/24053413\/covid-2-survey.png.png\" alt=\"\" width=\"449\" height=\"248\" srcset=\"https:\/\/cdn.simonssearchlight.org\/wp-content\/uploads\/2020\/08\/24053413\/covid-2-survey.png.png 1164w, https:\/\/cdn.simonssearchlight.org\/wp-content\/uploads\/2020\/08\/24053413\/covid-2-survey.png-300x166.png 300w, https:\/\/cdn.simonssearchlight.org\/wp-content\/uploads\/2020\/08\/24053413\/covid-2-survey.png-768x425.png 768w, https:\/\/cdn.simonssearchlight.org\/wp-content\/uploads\/2020\/08\/24053413\/covid-2-survey.png-1024x567.png 1024w\" sizes=\"(max-width: 449px) 100vw, 449px\" \/><\/td>\n<td style=\"padding: 10px; vertical-align: top;\"><strong><span style=\"color: #333333;\">Umfrage 2: Auswirkung von COVID-19 auf die medizinische Unterst\u00fctzung und die psychische Gesundheit des Pflegepersonals<\/span><\/strong><\/p>\n<p>Die Ergebnisse der zweiten Umfrage von Simons Searchlight zu COVID-19 sind in diesem Artikel zusammengefasst.<\/p>\n<p><span style=\"color: #0000ff;\"><a style=\"color: #0000ff;\" href=\"https:\/\/www.simonssearchlight.org\/de\/umfrage-2-auswirkung-von-covid-19-auf-die-medizinische-unterstuetzung-und-die-psychische-gesundheit-des-pflegepersonals\/\">Mehr lesen<\/a><\/span><\/td>\n<\/tr>\n<tr>\n<td style=\"padding: 10px;\"><img loading=\"lazy\" decoding=\"async\" class=\"alignleft wp-image-7771\" src=\"https:\/\/cdn.simonssearchlight.org\/wp-content\/uploads\/2020\/04\/27105437\/IMG_0357_Thumbnail.jpg\" alt=\"\" width=\"450\" height=\"264\" srcset=\"https:\/\/cdn.simonssearchlight.org\/wp-content\/uploads\/2020\/04\/27105437\/IMG_0357_Thumbnail.jpg 844w, https:\/\/cdn.simonssearchlight.org\/wp-content\/uploads\/2020\/04\/27105437\/IMG_0357_Thumbnail-300x176.jpg 300w, https:\/\/cdn.simonssearchlight.org\/wp-content\/uploads\/2020\/04\/27105437\/IMG_0357_Thumbnail-768x450.jpg 768w\" sizes=\"(max-width: 450px) 100vw, 450px\" \/><\/td>\n<td style=\"padding: 10px; vertical-align: top;\"><strong><span style=\"color: #333333;\">Simons Searchlight-Mitglied Amber Freed sucht nach einem &#8220;Wunder&#8221; der Gentherapie<\/span><\/strong><\/p>\n<p>Amber Freed erz\u00e4hlt, wie sie die Forschung f\u00fcr ihren Sohn mit SLC6A1-Syndrom vorantreibt.<\/p>\n<p><span style=\"color: #0000ff;\"><a style=\"color: #0000ff;\" href=\"https:\/\/www.simonssearchlight.org\/de\/simons-searchlight-mitglied-amber-freed-sucht-nach-einem-wunder-der-gentherapie\/\">Mehr lesen<\/a><\/span><\/td>\n<\/tr>\n<tr>\n<td style=\"padding: 10px;\"><img loading=\"lazy\" decoding=\"async\" class=\"alignnone wp-image-7789\" src=\"https:\/\/cdn.simonssearchlight.org\/wp-content\/uploads\/2020\/04\/28093121\/FB_Survey-Image.png.png\" alt=\"\" width=\"450\" height=\"239\" srcset=\"https:\/\/cdn.simonssearchlight.org\/wp-content\/uploads\/2020\/04\/28093121\/FB_Survey-Image.png.png 1605w, https:\/\/cdn.simonssearchlight.org\/wp-content\/uploads\/2020\/04\/28093121\/FB_Survey-Image.png-300x160.png 300w, https:\/\/cdn.simonssearchlight.org\/wp-content\/uploads\/2020\/04\/28093121\/FB_Survey-Image.png-768x409.png 768w, https:\/\/cdn.simonssearchlight.org\/wp-content\/uploads\/2020\/04\/28093121\/FB_Survey-Image.png-1024x545.png 1024w\" sizes=\"(max-width: 450px) 100vw, 450px\" \/><\/td>\n<td style=\"padding: 10px; vertical-align: top;\"><strong><span style=\"color: #333333;\">Auswirkungen von COVID-19 auf Therapien, Dienstleistungen und medizinische Unterst\u00fctzung<\/span><\/strong><\/p>\n<p>Simons Searchlight wollte wissen, wie unsere Teilnehmer von COVID-19 betroffen sind. Die Ergebnisse der Umfrage liegen vor.<\/p>\n<p><span style=\"color: #0000ff;\"><a style=\"color: #0000ff;\" href=\"https:\/\/www.simonssearchlight.org\/de\/auswirkungen-von-covid-19-auf-therapien-dienstleistungen-und-medizinische-unterstuetzung\/\">Mehr lesen<\/a><\/span><\/td>\n<\/tr>\n<tr>\n<td style=\"padding: 10px;\"><img loading=\"lazy\" decoding=\"async\" class=\"alignnone wp-image-7536\" src=\"https:\/\/cdn.simonssearchlight.org\/wp-content\/uploads\/2020\/03\/20053300\/searchlight-covid19-update-01.png\" alt=\"\" width=\"450\" height=\"250\" srcset=\"https:\/\/cdn.simonssearchlight.org\/wp-content\/uploads\/2020\/03\/20053300\/searchlight-covid19-update-01.png 600w, https:\/\/cdn.simonssearchlight.org\/wp-content\/uploads\/2020\/03\/20053300\/searchlight-covid19-update-01-300x167.png 300w\" sizes=\"(max-width: 450px) 100vw, 450px\" \/><\/td>\n<td style=\"padding: 10px; vertical-align: top;\"><strong><span style=\"color: #333333;\">Simons Searchlight antwortet auf COVID-19<\/span><\/strong><\/p>\n<p>Dr. Wendy Chung wendet sich an die Simons Searchlight Gemeinde.<\/p>\n<p><span style=\"color: #0000ff;\"><a style=\"color: #0000ff;\" href=\"https:\/\/www.simonssearchlight.org\/de\/simons-searchlight-antwortet-auf-covid-19\/\">Mehr lesen<\/a><\/span><\/td>\n<\/tr>\n<\/tbody>\n<\/table>\n","protected":false},"excerpt":{"rendered":"<p>Erhalten Sie die neuesten Informationen von Simons Searchlight, einschlie\u00dflich Artikeln \u00fcber unsere Teilnehmer, Wissenschaftler und andere f\u00fcr unsere Gemeinschaft. Eine Autismus-Diagnose im Erwachsenenalter f\u00fchrt zu einem neuen Berufsziel SPARK for Autism berichtete k\u00fcrzlich \u00fcber die Erfahrungen von Braxton Webb, der die genetische Diagnose DYRK1A erhielt. Mehr lesen Profil des Forschers: Roni Yamane, MSc. und Tzofia [&hellip;]<\/p>\n","protected":false},"author":6,"featured_media":0,"parent":46084,"menu_order":0,"comment_status":"closed","ping_status":"closed","template":"","meta":{"_acf_changed":false,"_relevanssi_hide_post":"","_relevanssi_hide_content":"","_relevanssi_pin_for_all":"","_relevanssi_pin_keywords":"","_relevanssi_unpin_keywords":"","_relevanssi_related_keywords":"","_relevanssi_related_include_ids":"","_relevanssi_related_exclude_ids":"","_relevanssi_related_no_append":"","_relevanssi_related_not_related":"","_relevanssi_related_posts":"","_relevanssi_noindex_reason":"","footnotes":""},"acf":[],"_links":{"self":[{"href":"https:\/\/www.simonssearchlight.org\/de\/wp-json\/wp\/v2\/pages\/46712"}],"collection":[{"href":"https:\/\/www.simonssearchlight.org\/de\/wp-json\/wp\/v2\/pages"}],"about":[{"href":"https:\/\/www.simonssearchlight.org\/de\/wp-json\/wp\/v2\/types\/page"}],"author":[{"embeddable":true,"href":"https:\/\/www.simonssearchlight.org\/de\/wp-json\/wp\/v2\/users\/6"}],"replies":[{"embeddable":true,"href":"https:\/\/www.simonssearchlight.org\/de\/wp-json\/wp\/v2\/comments?post=46712"}],"version-history":[{"count":0,"href":"https:\/\/www.simonssearchlight.org\/de\/wp-json\/wp\/v2\/pages\/46712\/revisions"}],"up":[{"embeddable":true,"href":"https:\/\/www.simonssearchlight.org\/de\/wp-json\/wp\/v2\/pages\/46084"}],"wp:attachment":[{"href":"https:\/\/www.simonssearchlight.org\/de\/wp-json\/wp\/v2\/media?parent=46712"}],"curies":[{"name":"wp","href":"https:\/\/api.w.org\/{rel}","templated":true}]}}