{"id":46690,"date":"2020-03-02T08:59:23","date_gmt":"2020-03-02T13:59:23","guid":{"rendered":"https:\/\/www.simonssearchlight.org\/forschungsprozess\/genetische-stoerungen-die-wir-untersuchen\/syncrip\/"},"modified":"2025-06-11T15:04:53","modified_gmt":"2025-06-11T19:04:53","slug":"syncrip","status":"publish","type":"page","link":"https:\/\/www.simonssearchlight.org\/de\/forschungsprozess\/genetische-stoerungen-die-wir-untersuchen\/syncrip\/","title":{"rendered":"SYNCRIP"},"content":{"rendered":"<p><span style=\"font-weight: 400;\">Die Informationen f\u00fcr diese Zusammenfassung von <\/span><strong><span class=\"notranslate\">SYNCRIP<\/span>-bezogenes Syndrom<\/strong><span style=\"font-weight: 400;\">  stammt aus Forschungsver\u00f6ffentlichungen. Dies ist nicht als Ersatz f\u00fcr eine \u00e4rztliche Beratung gedacht. <\/span><\/p>\n<p><a href=\"https:\/\/www.simonssearchlight.org\/de\/gene-guide\/syncrip-verwandtes-syndrom\/\" target=\"_blank\" rel=\"noopener\"><strong>Klicken Sie hier f\u00fcr unseren vollst\u00e4ndigen SYNCRIP Gene Guide<\/strong><\/a><\/p>\n<p>Der Online-Genf\u00fchrer enth\u00e4lt weitere Informationen \u00fcber <span class=\"notranslate\">SYNCRIP<\/span>, z. B. \u00fcber die Wahrscheinlichkeit, ein weiteres Kind mit dieser Krankheit zu bekommen, \u00fcber Verhaltens- und Entwicklungsprobleme im Zusammenhang mit dem <span class=\"notranslate\">SYNCRIP<\/span>-Syndrom oder \u00fcber Spezialisten, die f\u00fcr Menschen mit dieser Krankheit in Frage kommen. Teilen Sie diese Ressource mit Familienmitgliedern oder Ihren medizinischen Betreuern.<\/p>\n<p><strong><span class=\"notranslate\">SYNCRIP<\/span>-bezogenes Syndrom<\/strong><span style=\"font-weight: 400;\"> wird auch als<\/span> <strong><span class=\"notranslate\">SYNCRIP<\/span>-bezogene neurologische Entwicklungsst\u00f6rung<\/strong> <span style=\"font-weight: 400;\">(<\/span><strong><span class=\"notranslate\">SYNCRIP<\/span>-RNDD<\/strong><span style=\"font-weight: 400;\">). F\u00fcr diese Webseite werden wir den Namen  <\/span><b><span class=\"notranslate\">SYNCRIP<\/span>-bezogenes Syndrom<\/b><span style=\"font-weight: 400;\"> um das breite Spektrum der bei den identifizierten Personen beobachteten Varianten zu erfassen.<\/span><\/p>\n","protected":false},"excerpt":{"rendered":"<p>Die Informationen f\u00fcr diese Zusammenfassung von SYNCRIP-bezogenes Syndrom stammt aus Forschungsver\u00f6ffentlichungen. Dies ist nicht als Ersatz f\u00fcr eine \u00e4rztliche Beratung gedacht. Klicken Sie hier f\u00fcr unseren vollst\u00e4ndigen SYNCRIP Gene Guide Der Online-Genf\u00fchrer enth\u00e4lt weitere Informationen \u00fcber SYNCRIP, z. B. \u00fcber die Wahrscheinlichkeit, ein weiteres Kind mit dieser Krankheit zu bekommen, \u00fcber Verhaltens- und Entwicklungsprobleme im [&hellip;]<\/p>\n","protected":false},"author":13,"featured_media":0,"parent":46129,"menu_order":0,"comment_status":"closed","ping_status":"closed","template":"page-gene-card.php","meta":{"_acf_changed":false,"_relevanssi_hide_post":"","_relevanssi_hide_content":"","_relevanssi_pin_for_all":"","_relevanssi_pin_keywords":"","_relevanssi_unpin_keywords":"","_relevanssi_related_keywords":"","_relevanssi_related_include_ids":"","_relevanssi_related_exclude_ids":"","_relevanssi_related_no_append":"","_relevanssi_related_not_related":"","_relevanssi_related_posts":"","_relevanssi_noindex_reason":"","footnotes":""},"acf":[],"_links":{"self":[{"href":"https:\/\/www.simonssearchlight.org\/de\/wp-json\/wp\/v2\/pages\/46690"}],"collection":[{"href":"https:\/\/www.simonssearchlight.org\/de\/wp-json\/wp\/v2\/pages"}],"about":[{"href":"https:\/\/www.simonssearchlight.org\/de\/wp-json\/wp\/v2\/types\/page"}],"author":[{"embeddable":true,"href":"https:\/\/www.simonssearchlight.org\/de\/wp-json\/wp\/v2\/users\/13"}],"replies":[{"embeddable":true,"href":"https:\/\/www.simonssearchlight.org\/de\/wp-json\/wp\/v2\/comments?post=46690"}],"version-history":[{"count":2,"href":"https:\/\/www.simonssearchlight.org\/de\/wp-json\/wp\/v2\/pages\/46690\/revisions"}],"predecessor-version":[{"id":62742,"href":"https:\/\/www.simonssearchlight.org\/de\/wp-json\/wp\/v2\/pages\/46690\/revisions\/62742"}],"up":[{"embeddable":true,"href":"https:\/\/www.simonssearchlight.org\/de\/wp-json\/wp\/v2\/pages\/46129"}],"wp:attachment":[{"href":"https:\/\/www.simonssearchlight.org\/de\/wp-json\/wp\/v2\/media?parent=46690"}],"curies":[{"name":"wp","href":"https:\/\/api.w.org\/{rel}","templated":true}]}}