{"id":46656,"date":"2019-11-13T11:24:42","date_gmt":"2019-11-13T16:24:42","guid":{"rendered":"https:\/\/www.simonssearchlight.org\/forschungsprozess\/genetische-stoerungen-die-wir-untersuchen\/17q21-31-duplikation\/"},"modified":"2026-05-01T12:12:35","modified_gmt":"2026-05-01T16:12:35","slug":"17q21-31-duplikation","status":"publish","type":"page","link":"https:\/\/www.simonssearchlight.org\/de\/forschungsprozess\/genetische-stoerungen-die-wir-untersuchen\/17q21-31-duplikation\/","title":{"rendered":"17q21.31 Duplikation"},"content":{"rendered":"<p><span style=\"font-weight: 400;\">Die Informationen f\u00fcr diese Zusammenfassung von <\/span><strong>17q21.31-Duplikationssyndrom<\/strong><span style=\"font-weight: 400;\">  stammt aus Forschungsver\u00f6ffentlichungen. Dies ist nicht als Ersatz f\u00fcr eine \u00e4rztliche Beratung gedacht. <\/span><\/p>\n<p><a href=\"https:\/\/www.simonssearchlight.org\/gene-guide\/17q21-31-duplication\/\" target=\"_blank\" rel=\"noopener\"><strong>Klicken Sie hier f\u00fcr unseren vollst\u00e4ndigen 17q21.31 Duplikationsgen-Leitfaden  <\/strong><\/a><\/p>\n<p>Der Online-Genf\u00fchrer enth\u00e4lt weitere Informationen \u00fcber das 17q21.<span class=\"notranslate\"> 31-Duplikationssyndrom<\/span>, wie z. B. die Wahrscheinlichkeit, ein weiteres Kind mit dieser Krankheit zu bekommen, Verhaltens- und Entwicklungsprobleme im Zusammenhang mit dem 17q21.<span class=\"notranslate\"> 31-Duplikationssyndrom<\/span> oder Spezialisten, die f\u00fcr Menschen mit dieser Krankheit in Frage kommen. Teilen Sie diese Ressource mit Familienmitgliedern oder Ihren medizinischen Betreuern.<\/p>\n<p><strong>Das 17q21.31-Duplikationssyndrom<\/strong><span style=\"font-weight: 400;\"> wird auch als <\/span><strong>17q21.31-Mikroduplikationssyndrom<\/strong><span style=\"font-weight: 400;\">. F\u00fcr diese Webseite werden wir den Namen  <\/span><strong>17q21.31-Duplikationssyndrom<\/strong><span style=\"font-weight: 400;\"> um das breite Spektrum der bei den identifizierten Personen beobachteten Varianten zu erfassen. <\/span> <\/p>\n","protected":false},"excerpt":{"rendered":"<p>Die Informationen f\u00fcr diese Zusammenfassung von 17q21.31-Duplikationssyndrom stammt aus Forschungsver\u00f6ffentlichungen. Dies ist nicht als Ersatz f\u00fcr eine \u00e4rztliche Beratung gedacht. Klicken Sie hier f\u00fcr unseren vollst\u00e4ndigen 17q21.31 Duplikationsgen-Leitfaden Der Online-Genf\u00fchrer enth\u00e4lt weitere Informationen \u00fcber das 17q21. 31-Duplikationssyndrom, wie z. B. die Wahrscheinlichkeit, ein weiteres Kind mit dieser Krankheit zu bekommen, Verhaltens- und Entwicklungsprobleme im Zusammenhang [&hellip;]<\/p>\n","protected":false},"author":13,"featured_media":0,"parent":46129,"menu_order":0,"comment_status":"closed","ping_status":"closed","template":"page-gene-card.php","meta":{"_acf_changed":false,"_relevanssi_hide_post":"","_relevanssi_hide_content":"","_relevanssi_pin_for_all":"","_relevanssi_pin_keywords":"","_relevanssi_unpin_keywords":"","_relevanssi_related_keywords":"","_relevanssi_related_include_ids":"","_relevanssi_related_exclude_ids":"","_relevanssi_related_no_append":"","_relevanssi_related_not_related":"","_relevanssi_related_posts":"","_relevanssi_noindex_reason":"","footnotes":""},"acf":[],"_links":{"self":[{"href":"https:\/\/www.simonssearchlight.org\/de\/wp-json\/wp\/v2\/pages\/46656"}],"collection":[{"href":"https:\/\/www.simonssearchlight.org\/de\/wp-json\/wp\/v2\/pages"}],"about":[{"href":"https:\/\/www.simonssearchlight.org\/de\/wp-json\/wp\/v2\/types\/page"}],"author":[{"embeddable":true,"href":"https:\/\/www.simonssearchlight.org\/de\/wp-json\/wp\/v2\/users\/13"}],"replies":[{"embeddable":true,"href":"https:\/\/www.simonssearchlight.org\/de\/wp-json\/wp\/v2\/comments?post=46656"}],"version-history":[{"count":2,"href":"https:\/\/www.simonssearchlight.org\/de\/wp-json\/wp\/v2\/pages\/46656\/revisions"}],"predecessor-version":[{"id":79109,"href":"https:\/\/www.simonssearchlight.org\/de\/wp-json\/wp\/v2\/pages\/46656\/revisions\/79109"}],"up":[{"embeddable":true,"href":"https:\/\/www.simonssearchlight.org\/de\/wp-json\/wp\/v2\/pages\/46129"}],"wp:attachment":[{"href":"https:\/\/www.simonssearchlight.org\/de\/wp-json\/wp\/v2\/media?parent=46656"}],"curies":[{"name":"wp","href":"https:\/\/api.w.org\/{rel}","templated":true}]}}