{"id":46646,"date":"2019-11-13T11:23:36","date_gmt":"2019-11-13T16:23:36","guid":{"rendered":"https:\/\/www.simonssearchlight.org\/forschungsprozess\/genetische-stoerungen-die-wir-untersuchen\/17q11-2-duplikation\/"},"modified":"2025-06-11T14:26:35","modified_gmt":"2025-06-11T18:26:35","slug":"17q11-2-duplikation","status":"publish","type":"page","link":"https:\/\/www.simonssearchlight.org\/de\/forschungsprozess\/genetische-stoerungen-die-wir-untersuchen\/17q11-2-duplikation\/","title":{"rendered":"17q11.2 Duplikation"},"content":{"rendered":"<p><span style=\"font-weight: 400;\">Die Informationen f\u00fcr diese Zusammenfassung von <\/span><strong>17q11.2-Duplikationssyndrom<\/strong><span style=\"font-weight: 400;\">  stammt aus Forschungsver\u00f6ffentlichungen. Dies ist nicht als Ersatz f\u00fcr eine \u00e4rztliche Beratung gedacht. <\/span><\/p>\n<p><a href=\"https:\/\/www.simonssearchlight.org\/de\/gene-guide\/17q11-2-duplikationssyndrom\/\" target=\"_blank\" rel=\"noopener\"><strong>Klicken Sie hier f\u00fcr unseren vollst\u00e4ndigen 17q11.2 Duplikationsgen-Leitfaden<\/strong><\/a><\/p>\n<p>Der Online-Genf\u00fchrer enth\u00e4lt weitere Informationen \u00fcber die <span class=\"notranslate\">17q11.2-Duplikation<\/span>, z. B. \u00fcber die Wahrscheinlichkeit, ein weiteres Kind mit dieser Krankheit zu bekommen, \u00fcber Verhaltens- und Entwicklungsprobleme im Zusammenhang mit der <span class=\"notranslate\">17q11.2-Duplikation<\/span> oder \u00fcber Spezialisten, die f\u00fcr Menschen mit dieser Krankheit in Frage kommen. Teilen Sie diese Ressource mit Familienmitgliedern oder Ihren medizinischen Betreuern.<\/p>\n","protected":false},"excerpt":{"rendered":"<p>Die Informationen f\u00fcr diese Zusammenfassung von 17q11.2-Duplikationssyndrom stammt aus Forschungsver\u00f6ffentlichungen. Dies ist nicht als Ersatz f\u00fcr eine \u00e4rztliche Beratung gedacht. Klicken Sie hier f\u00fcr unseren vollst\u00e4ndigen 17q11.2 Duplikationsgen-Leitfaden Der Online-Genf\u00fchrer enth\u00e4lt weitere Informationen \u00fcber die 17q11.2-Duplikation, z. B. \u00fcber die Wahrscheinlichkeit, ein weiteres Kind mit dieser Krankheit zu bekommen, \u00fcber Verhaltens- und Entwicklungsprobleme im Zusammenhang [&hellip;]<\/p>\n","protected":false},"author":13,"featured_media":0,"parent":46129,"menu_order":0,"comment_status":"closed","ping_status":"closed","template":"page-gene-card.php","meta":{"_acf_changed":false,"_relevanssi_hide_post":"","_relevanssi_hide_content":"","_relevanssi_pin_for_all":"","_relevanssi_pin_keywords":"","_relevanssi_unpin_keywords":"","_relevanssi_related_keywords":"","_relevanssi_related_include_ids":"","_relevanssi_related_exclude_ids":"","_relevanssi_related_no_append":"","_relevanssi_related_not_related":"","_relevanssi_related_posts":"","_relevanssi_noindex_reason":"","footnotes":""},"acf":[],"_links":{"self":[{"href":"https:\/\/www.simonssearchlight.org\/de\/wp-json\/wp\/v2\/pages\/46646"}],"collection":[{"href":"https:\/\/www.simonssearchlight.org\/de\/wp-json\/wp\/v2\/pages"}],"about":[{"href":"https:\/\/www.simonssearchlight.org\/de\/wp-json\/wp\/v2\/types\/page"}],"author":[{"embeddable":true,"href":"https:\/\/www.simonssearchlight.org\/de\/wp-json\/wp\/v2\/users\/13"}],"replies":[{"embeddable":true,"href":"https:\/\/www.simonssearchlight.org\/de\/wp-json\/wp\/v2\/comments?post=46646"}],"version-history":[{"count":1,"href":"https:\/\/www.simonssearchlight.org\/de\/wp-json\/wp\/v2\/pages\/46646\/revisions"}],"predecessor-version":[{"id":62750,"href":"https:\/\/www.simonssearchlight.org\/de\/wp-json\/wp\/v2\/pages\/46646\/revisions\/62750"}],"up":[{"embeddable":true,"href":"https:\/\/www.simonssearchlight.org\/de\/wp-json\/wp\/v2\/pages\/46129"}],"wp:attachment":[{"href":"https:\/\/www.simonssearchlight.org\/de\/wp-json\/wp\/v2\/media?parent=46646"}],"curies":[{"name":"wp","href":"https:\/\/api.w.org\/{rel}","templated":true}]}}