{"id":46564,"date":"2019-09-24T14:39:31","date_gmt":"2019-09-24T18:39:31","guid":{"rendered":"https:\/\/www.simonssearchlight.org\/46564-2\/"},"modified":"2019-09-24T14:39:31","modified_gmt":"2019-09-24T18:39:31","slug":"46564-2","status":"publish","type":"page","link":"https:\/\/www.simonssearchlight.org\/de\/forschungsprozess\/genetische-stoerungen-die-wir-untersuchen\/dst\/46564-2\/","title":{"rendered":""},"content":{"rendered":"<h2><strong>De novo-Gendefekte bei Kindern mit autistischem Spektrum<\/strong><\/h2>\n<p>Original-Forschungsartikel von E.M. Iossifov <em>et al.<\/em> (2012).<\/p>\n<p>Lesen Sie die Zusammenfassung <a href=\"https:\/\/www.nature.com\/articles\/mp2013127\">hier<\/a><\/p>\n<p>In dieser Studie wurden 343 Familien aus der Simons-Simplex-Sammlung der Simons-Stiftung, die mindestens ein Kind mit einer Autismus-Diagnose haben, mittels Ganz-Exom-Sequenzierung untersucht. In der Studie wurden 350-400 neue &#8220;Kandidaten&#8221;-Gene, darunter DST, identifiziert, die mit Merkmalen des Autismus in Verbindung stehen k\u00f6nnten. Bei einer Person, die diese Ver\u00e4nderung nicht von einem Elternteil geerbt hatte (de novo), wurde eine Ver\u00e4nderung gefunden, die voraussichtlich dazu f\u00fchrt, dass das Gen nicht richtig funktioniert.<\/p>\n<p>.<\/p>\n","protected":false},"excerpt":{"rendered":"<p>De novo-Gendefekte bei Kindern mit autistischem Spektrum Original-Forschungsartikel von E.M. Iossifov et al. (2012). Lesen Sie die Zusammenfassung hier In dieser Studie wurden 343 Familien aus der Simons-Simplex-Sammlung der Simons-Stiftung, die mindestens ein Kind mit einer Autismus-Diagnose haben, mittels Ganz-Exom-Sequenzierung untersucht. In der Studie wurden 350-400 neue &#8220;Kandidaten&#8221;-Gene, darunter DST, identifiziert, die mit Merkmalen des [&hellip;]<\/p>\n","protected":false},"author":13,"featured_media":0,"parent":77003,"menu_order":0,"comment_status":"closed","ping_status":"closed","template":"","meta":{"_acf_changed":false,"_relevanssi_hide_post":"","_relevanssi_hide_content":"","_relevanssi_pin_for_all":"","_relevanssi_pin_keywords":"","_relevanssi_unpin_keywords":"","_relevanssi_related_keywords":"","_relevanssi_related_include_ids":"","_relevanssi_related_exclude_ids":"","_relevanssi_related_no_append":"","_relevanssi_related_not_related":"","_relevanssi_related_posts":"","_relevanssi_noindex_reason":"","footnotes":""},"acf":[],"_links":{"self":[{"href":"https:\/\/www.simonssearchlight.org\/de\/wp-json\/wp\/v2\/pages\/46564"}],"collection":[{"href":"https:\/\/www.simonssearchlight.org\/de\/wp-json\/wp\/v2\/pages"}],"about":[{"href":"https:\/\/www.simonssearchlight.org\/de\/wp-json\/wp\/v2\/types\/page"}],"author":[{"embeddable":true,"href":"https:\/\/www.simonssearchlight.org\/de\/wp-json\/wp\/v2\/users\/13"}],"replies":[{"embeddable":true,"href":"https:\/\/www.simonssearchlight.org\/de\/wp-json\/wp\/v2\/comments?post=46564"}],"version-history":[{"count":0,"href":"https:\/\/www.simonssearchlight.org\/de\/wp-json\/wp\/v2\/pages\/46564\/revisions"}],"up":[{"embeddable":true,"href":"https:\/\/www.simonssearchlight.org\/de\/wp-json\/wp\/v2\/pages\/77003"}],"wp:attachment":[{"href":"https:\/\/www.simonssearchlight.org\/de\/wp-json\/wp\/v2\/media?parent=46564"}],"curies":[{"name":"wp","href":"https:\/\/api.w.org\/{rel}","templated":true}]}}